{"id":6,"date":"2025-10-24T04:07:29","date_gmt":"2025-10-24T07:07:29","guid":{"rendered":"https:\/\/euronutry.com.br\/loja\/carrinho\/"},"modified":"2025-10-30T07:44:56","modified_gmt":"2025-10-30T10:44:56","slug":"carrinho","status":"publish","type":"page","link":"https:\/\/euronutry.com.br\/loja\/carrinho\/","title":{"rendered":"Carrinho"},"content":{"rendered":"\n<div data-block-name=\"woocommerce\/cart\" class=\"wp-block-woocommerce-cart alignwide is-loading\">\n<div data-block-name=\"woocommerce\/filled-cart-block\" class=\"wp-block-woocommerce-filled-cart-block\">\n<div data-block-name=\"woocommerce\/cart-items-block\" class=\"wp-block-woocommerce-cart-items-block\">\n<div data-block-name=\"woocommerce\/cart-line-items-block\" class=\"wp-block-woocommerce-cart-line-items-block\"><\/div>\n\n\n<\/div>\n\n\n\n\n<div data-block-name=\"woocommerce\/cart-totals-block\" class=\"wp-block-woocommerce-cart-totals-block\">\n<div data-block-name=\"woocommerce\/cart-order-summary-block\" class=\"wp-block-woocommerce-cart-order-summary-block\">\n<div data-block-name=\"woocommerce\/cart-order-summary-heading-block\" class=\"wp-block-woocommerce-cart-order-summary-heading-block\"><\/div><div data-block-name=\"woocommerce\/cart-order-summary-coupon-form-block\" class=\"wp-block-woocommerce-cart-order-summary-coupon-form-block\"><\/div><div data-block-name=\"woocommerce\/cart-order-summary-totals-block\" class=\"wp-block-woocommerce-cart-order-summary-totals-block\">\n<div data-block-name=\"woocommerce\/cart-order-summary-subtotal-block\" class=\"wp-block-woocommerce-cart-order-summary-subtotal-block\"><\/div>\n<div data-block-name=\"woocommerce\/cart-order-summary-discount-block\" class=\"wp-block-woocommerce-cart-order-summary-discount-block\"><\/div>\n<div data-block-name=\"woocommerce\/cart-order-summary-fee-block\" class=\"wp-block-woocommerce-cart-order-summary-fee-block\"><\/div>\n<div data-block-name=\"woocommerce\/cart-order-summary-shipping-block\" class=\"wp-block-woocommerce-cart-order-summary-shipping-block\"><\/div>\n<div data-block-name=\"woocommerce\/cart-order-summary-taxes-block\" class=\"wp-block-woocommerce-cart-order-summary-taxes-block\"><\/div><\/div>\n<\/div>\n\n\n\n<div data-block-name=\"woocommerce\/cart-express-payment-block\" class=\"wp-block-woocommerce-cart-express-payment-block\"><\/div>\n\n\n\n<div data-block-name=\"woocommerce\/proceed-to-checkout-block\" class=\"wp-block-woocommerce-proceed-to-checkout-block\"><\/div>\n\n\n\n<div data-block-name=\"woocommerce\/cart-accepted-payment-methods-block\" class=\"wp-block-woocommerce-cart-accepted-payment-methods-block\"><\/div>\n<\/div>\n<\/div>\n\n\n\n<div data-block-name=\"woocommerce\/empty-cart-block\" class=\"wp-block-woocommerce-empty-cart-block\">\n<h2 class=\"wp-block-heading has-text-align-center with-empty-cart-icon wc-block-cart__empty-cart__title\">Seu carrinho est\u00e1 vazio no momento!<\/h2>\n\n\n\n<hr class=\"wp-block-separator has-alpha-channel-opacity is-style-dots\" \/>\n\n\n\n<h2 class=\"wp-block-heading has-text-align-center\">Novo na loja<\/h2>\n\n\n<div data-block-name=\"woocommerce\/product-new\" data-columns=\"4\" data-rows=\"1\" class=\"wc-block-grid wp-block-product-new wp-block-woocommerce-product-new wc-block-product-new has-4-columns\"><ul class=\"wc-block-grid__products\"><li class=\"wc-block-grid__product\">\n\t\t\t\t<a href=\"https:\/\/euronutry.com.br\/loja\/produto\/warmaxx-pre-treino-sem-cafeina-300g\/\" class=\"wc-block-grid__product-link\">\n\t\t\t\t\t\n\t\t\t\t\t<div class=\"wc-block-grid__product-image\"><img fetchpriority=\"high\" decoding=\"async\" width=\"300\" height=\"300\" src=\"https:\/\/euronutry.com.br\/loja\/wp-content\/uploads\/2025\/10\/Warmaxx_capa-300x300.png\" class=\"attachment-woocommerce_thumbnail size-woocommerce_thumbnail wp-post-image\" alt=\"WARMAXX PR\u00c9 TREINO SEM CAFE\u00cdNA 300G\" srcset=\"https:\/\/euronutry.com.br\/loja\/wp-content\/uploads\/2025\/10\/Warmaxx_capa-300x300.png 300w, https:\/\/euronutry.com.br\/loja\/wp-content\/uploads\/2025\/10\/Warmaxx_capa-150x150.png 150w, https:\/\/euronutry.com.br\/loja\/wp-content\/uploads\/2025\/10\/Warmaxx_capa-768x768.png 768w, https:\/\/euronutry.com.br\/loja\/wp-content\/uploads\/2025\/10\/Warmaxx_capa-450x450.png 450w, https:\/\/euronutry.com.br\/loja\/wp-content\/uploads\/2025\/10\/Warmaxx_capa-960x960.png 960w, https:\/\/euronutry.com.br\/loja\/wp-content\/uploads\/2025\/10\/Warmaxx_capa-600x600.png 600w, https:\/\/euronutry.com.br\/loja\/wp-content\/uploads\/2025\/10\/Warmaxx_capa-100x100.png 100w, https:\/\/euronutry.com.br\/loja\/wp-content\/uploads\/2025\/10\/Warmaxx_capa.png 1000w\" sizes=\"(max-width: 300px) 100vw, 300px\" \/><\/div>\n\t\t\t\t\t<div class=\"wc-block-grid__product-title\">WARMAXX PR\u00c9 TREINO SEM CAFE\u00cdNA 300G<\/div>\n\t\t\t\t<\/a>\n\t\t\t\t<div class=\"wc-block-grid__product-price price\"><span class=\"woocommerce-Price-amount amount\"><span class=\"woocommerce-Price-currencySymbol\">&#082;&#036;<\/span>&nbsp;71,90<\/span><\/div>\n\t\t\t\t\n\t\t\t\t<div class=\"wp-block-button wc-block-grid__product-add-to-cart\"><a href=\"https:\/\/euronutry.com.br\/loja\/produto\/warmaxx-pre-treino-sem-cafeina-300g\/\" aria-label=\"Selecione as op\u00e7\u00f5es para &ldquo;WARMAXX PR\u00c9 TREINO SEM CAFE\u00cdNA 300G&rdquo;\" data-quantity=\"1\" data-product_id=\"6001\" data-product_sku=\"\" data-price=\"71.9\" rel=\"nofollow\" class=\"wp-block-button__link  add_to_cart_button\">Ver op\u00e7\u00f5es<\/a><\/div>\n\t\t\t<\/li><li class=\"wc-block-grid__product\">\n\t\t\t\t<a href=\"https:\/\/euronutry.com.br\/loja\/produto\/punk-pump-pre-workout-300g\/\" class=\"wc-block-grid__product-link\">\n\t\t\t\t\t\n\t\t\t\t\t<div class=\"wc-block-grid__product-image\"><img decoding=\"async\" width=\"300\" height=\"300\" src=\"https:\/\/euronutry.com.br\/loja\/wp-content\/uploads\/2025\/10\/PunkPump_capa-300x300.png\" class=\"attachment-woocommerce_thumbnail size-woocommerce_thumbnail wp-post-image\" alt=\"PUNK PUMP PRE WORKOUT 300G\" srcset=\"https:\/\/euronutry.com.br\/loja\/wp-content\/uploads\/2025\/10\/PunkPump_capa-300x300.png 300w, https:\/\/euronutry.com.br\/loja\/wp-content\/uploads\/2025\/10\/PunkPump_capa-150x150.png 150w, https:\/\/euronutry.com.br\/loja\/wp-content\/uploads\/2025\/10\/PunkPump_capa-768x768.png 768w, https:\/\/euronutry.com.br\/loja\/wp-content\/uploads\/2025\/10\/PunkPump_capa-450x450.png 450w, https:\/\/euronutry.com.br\/loja\/wp-content\/uploads\/2025\/10\/PunkPump_capa-960x960.png 960w, https:\/\/euronutry.com.br\/loja\/wp-content\/uploads\/2025\/10\/PunkPump_capa-600x600.png 600w, https:\/\/euronutry.com.br\/loja\/wp-content\/uploads\/2025\/10\/PunkPump_capa-100x100.png 100w, https:\/\/euronutry.com.br\/loja\/wp-content\/uploads\/2025\/10\/PunkPump_capa.png 1000w\" sizes=\"(max-width: 300px) 100vw, 300px\" \/><\/div>\n\t\t\t\t\t<div class=\"wc-block-grid__product-title\">PUNK PUMP PRE WORKOUT 300G<\/div>\n\t\t\t\t<\/a>\n\t\t\t\t<div class=\"wc-block-grid__product-price price\"><span class=\"woocommerce-Price-amount amount\"><span class=\"woocommerce-Price-currencySymbol\">&#082;&#036;<\/span>&nbsp;95,90<\/span><\/div>\n\t\t\t\t\n\t\t\t\t<div class=\"wp-block-button wc-block-grid__product-add-to-cart\"><a href=\"https:\/\/euronutry.com.br\/loja\/produto\/punk-pump-pre-workout-300g\/\" aria-label=\"Selecione as op\u00e7\u00f5es para &ldquo;PUNK PUMP PRE WORKOUT 300G&rdquo;\" data-quantity=\"1\" data-product_id=\"5997\" data-product_sku=\"\" data-price=\"95.9\" rel=\"nofollow\" class=\"wp-block-button__link  add_to_cart_button\">Ver op\u00e7\u00f5es<\/a><\/div>\n\t\t\t<\/li><li class=\"wc-block-grid__product\">\n\t\t\t\t<a href=\"https:\/\/euronutry.com.br\/loja\/produto\/over-up-pre-treino-210g\/\" class=\"wc-block-grid__product-link\">\n\t\t\t\t\t\n\t\t\t\t\t<div class=\"wc-block-grid__product-image\"><img decoding=\"async\" width=\"300\" height=\"300\" src=\"https:\/\/euronutry.com.br\/loja\/wp-content\/uploads\/2025\/10\/OverUP_capa-300x300.png\" class=\"attachment-woocommerce_thumbnail size-woocommerce_thumbnail wp-post-image\" alt=\"OVER UP PR\u00c9 TREINO 210G\" srcset=\"https:\/\/euronutry.com.br\/loja\/wp-content\/uploads\/2025\/10\/OverUP_capa-300x300.png 300w, https:\/\/euronutry.com.br\/loja\/wp-content\/uploads\/2025\/10\/OverUP_capa-150x150.png 150w, https:\/\/euronutry.com.br\/loja\/wp-content\/uploads\/2025\/10\/OverUP_capa-768x768.png 768w, https:\/\/euronutry.com.br\/loja\/wp-content\/uploads\/2025\/10\/OverUP_capa-450x450.png 450w, https:\/\/euronutry.com.br\/loja\/wp-content\/uploads\/2025\/10\/OverUP_capa-960x960.png 960w, https:\/\/euronutry.com.br\/loja\/wp-content\/uploads\/2025\/10\/OverUP_capa-600x600.png 600w, https:\/\/euronutry.com.br\/loja\/wp-content\/uploads\/2025\/10\/OverUP_capa-100x100.png 100w, https:\/\/euronutry.com.br\/loja\/wp-content\/uploads\/2025\/10\/OverUP_capa.png 1000w\" sizes=\"(max-width: 300px) 100vw, 300px\" \/><\/div>\n\t\t\t\t\t<div class=\"wc-block-grid__product-title\">OVER UP PR\u00c9 TREINO 210G<\/div>\n\t\t\t\t<\/a>\n\t\t\t\t<div class=\"wc-block-grid__product-price price\"><span class=\"woocommerce-Price-amount amount\"><span class=\"woocommerce-Price-currencySymbol\">&#082;&#036;<\/span>&nbsp;63,90<\/span><\/div>\n\t\t\t\t\n\t\t\t\t<div class=\"wp-block-button wc-block-grid__product-add-to-cart\"><a href=\"https:\/\/euronutry.com.br\/loja\/produto\/over-up-pre-treino-210g\/\" aria-label=\"Selecione as op\u00e7\u00f5es para &ldquo;OVER UP PR\u00c9 TREINO 210G&rdquo;\" data-quantity=\"1\" data-product_id=\"5993\" data-product_sku=\"\" data-price=\"63.9\" rel=\"nofollow\" class=\"wp-block-button__link  add_to_cart_button\">Ver op\u00e7\u00f5es<\/a><\/div>\n\t\t\t<\/li><li class=\"wc-block-grid__product\">\n\t\t\t\t<a href=\"https:\/\/euronutry.com.br\/loja\/produto\/only-whey-protein-900g\/\" class=\"wc-block-grid__product-link\">\n\t\t\t\t\t\n\t\t\t\t\t<div class=\"wc-block-grid__product-image\"><img loading=\"lazy\" decoding=\"async\" width=\"300\" height=\"300\" src=\"https:\/\/euronutry.com.br\/loja\/wp-content\/uploads\/2025\/10\/Only_capa-300x300.png\" class=\"attachment-woocommerce_thumbnail size-woocommerce_thumbnail wp-post-image\" alt=\"ONLY WHEY PROTEIN 900G\" srcset=\"https:\/\/euronutry.com.br\/loja\/wp-content\/uploads\/2025\/10\/Only_capa-300x300.png 300w, https:\/\/euronutry.com.br\/loja\/wp-content\/uploads\/2025\/10\/Only_capa-150x150.png 150w, https:\/\/euronutry.com.br\/loja\/wp-content\/uploads\/2025\/10\/Only_capa-768x768.png 768w, https:\/\/euronutry.com.br\/loja\/wp-content\/uploads\/2025\/10\/Only_capa-450x450.png 450w, https:\/\/euronutry.com.br\/loja\/wp-content\/uploads\/2025\/10\/Only_capa-960x960.png 960w, https:\/\/euronutry.com.br\/loja\/wp-content\/uploads\/2025\/10\/Only_capa-600x600.png 600w, https:\/\/euronutry.com.br\/loja\/wp-content\/uploads\/2025\/10\/Only_capa-100x100.png 100w, https:\/\/euronutry.com.br\/loja\/wp-content\/uploads\/2025\/10\/Only_capa.png 1000w\" sizes=\"(max-width: 300px) 100vw, 300px\" \/><\/div>\n\t\t\t\t\t<div class=\"wc-block-grid__product-title\">ONLY WHEY PROTEIN 900G<\/div>\n\t\t\t\t<\/a>\n\t\t\t\t<div class=\"wc-block-grid__product-price price\"><span class=\"woocommerce-Price-amount amount\"><span class=\"woocommerce-Price-currencySymbol\">&#082;&#036;<\/span>&nbsp;89,90<\/span><\/div>\n\t\t\t\t\n\t\t\t\t<div class=\"wp-block-button wc-block-grid__product-add-to-cart\"><a href=\"https:\/\/euronutry.com.br\/loja\/produto\/only-whey-protein-900g\/\" aria-label=\"Selecione as op\u00e7\u00f5es para &ldquo;ONLY WHEY PROTEIN 900G&rdquo;\" data-quantity=\"1\" data-product_id=\"5988\" data-product_sku=\"\" data-price=\"89.9\" rel=\"nofollow\" class=\"wp-block-button__link  add_to_cart_button\">Ver op\u00e7\u00f5es<\/a><\/div>\n\t\t\t<\/li><\/ul><\/div><\/div>\n<\/div>\n","protected":false},"excerpt":{"rendered":"","protected":false},"author":1,"featured_media":0,"parent":0,"menu_order":0,"comment_status":"closed","ping_status":"closed","template":"","meta":{"footnotes":""},"class_list":["post-6","page","type-page","status-publish","hentry"],"_links":{"self":[{"href":"https:\/\/euronutry.com.br\/loja\/wp-json\/wp\/v2\/pages\/6","targetHints":{"allow":["GET"]}}],"collection":[{"href":"https:\/\/euronutry.com.br\/loja\/wp-json\/wp\/v2\/pages"}],"about":[{"href":"https:\/\/euronutry.com.br\/loja\/wp-json\/wp\/v2\/types\/page"}],"author":[{"embeddable":true,"href":"https:\/\/euronutry.com.br\/loja\/wp-json\/wp\/v2\/users\/1"}],"replies":[{"embeddable":true,"href":"https:\/\/euronutry.com.br\/loja\/wp-json\/wp\/v2\/comments?post=6"}],"version-history":[{"count":1,"href":"https:\/\/euronutry.com.br\/loja\/wp-json\/wp\/v2\/pages\/6\/revisions"}],"predecessor-version":[{"id":6206,"href":"https:\/\/euronutry.com.br\/loja\/wp-json\/wp\/v2\/pages\/6\/revisions\/6206"}],"wp:attachment":[{"href":"https:\/\/euronutry.com.br\/loja\/wp-json\/wp\/v2\/media?parent=6"}],"curies":[{"name":"wp","href":"https:\/\/api.w.org\/{rel}","templated":true}]}}