{"id":6465,"date":"2025-11-07T10:02:33","date_gmt":"2025-11-07T13:02:33","guid":{"rendered":"https:\/\/euronutry.com.br\/loja\/?page_id=6465"},"modified":"2025-11-10T15:15:34","modified_gmt":"2025-11-10T18:15:34","slug":"politica-de-frete-gratis","status":"publish","type":"page","link":"https:\/\/euronutry.com.br\/loja\/politica-de-frete-gratis\/","title":{"rendered":"Pol\u00edtica Frete Gr\u00e1tis"},"content":{"rendered":"\t\t<div data-elementor-type=\"wp-page\" data-elementor-id=\"6465\" class=\"elementor elementor-6465\">\n\t\t\t\t<div class=\"elementor-element elementor-element-d45a969 e-flex e-con-boxed rt-parallax-bg-no e-con e-parent\" data-id=\"d45a969\" data-element_type=\"container\" data-e-type=\"container\">\n\t\t\t\t\t<div class=\"e-con-inner\">\n\t\t\t\t<div class=\"elementor-element elementor-element-94db92b elementor-invisible elementor-widget elementor-widget-rt-title\" data-id=\"94db92b\" data-element_type=\"widget\" data-e-type=\"widget\" data-widget_type=\"rt-title.default\">\n\t\t\t\t<div class=\"elementor-widget-container\">\n\t\t\t\t\t<div class=\"section-title-wrapper \">\r\n\t<div class=\"title-inner-wrapper ah-headline\">\r\n        <!--Top Sub Title-->\r\n\t\t\t\t\t<div class=\"top-sub-title-wrap wow-off fadeInUp\" data-wow-delay=\"200ms\" data-wow-duration=\"1200ms\">\r\n                <div class=\"top-sub-title default\">\r\n                    COMO GARANTO FRETE GR\u00c1TIS NO MEU PEDIDO?                <\/div>\r\n\t\t\t<\/div>\r\n\t\t\r\n\t\t<!--Main Title-->\r\n\t\t        <div class=\"wow-off fadeInUp\" data-wow-delay=\"400ms\" data-wow-duration=\"1200ms\">\r\n            <h2 class=\"main-title title-gradient-animation no no middle \">POL\u00cdTICA DE FRETE GR\u00c1TIS                            <\/h2>\r\n        <\/div>\r\n        \r\n        <!--Description-->\r\n                    <div class=\"description wow-off fadeInUp\" data-wow-delay=\"600ms\" data-wow-duration=\"1200ms\"><p>A isen\u00e7\u00e3o de frete \u00e9 aplicada automaticamente, sem necessidade de solicita\u00e7\u00e3o, considerando o valor total dos produtos no carrinho e o endere\u00e7o de entrega informado.<\/p><p>O frete gr\u00e1tis ser\u00e1 sempre concedido na modalidade de envio com menor custo dispon\u00edvel.<\/p><p><strong>Aten\u00e7\u00e3o a algumas condi\u00e7\u00f5es:<\/strong><\/p><p><strong>&gt;<\/strong> Se for utilizado cupom de desconto ou vale-presente, e o valor final do pedido ficar abaixo do m\u00ednimo exigido para a regi\u00e3o, o frete poder\u00e1 ser cobrado;<\/p><p><strong>&gt;<\/strong> O valor do frete n\u00e3o conta para atingir o m\u00ednimo necess\u00e1rio para obter frete gr\u00e1tis;<\/p><p><strong>&gt;<\/strong> Caso o pedido retorne por erro no endere\u00e7o informado (como endere\u00e7o incompleto ou destinat\u00e1rio n\u00e3o localizado), ser\u00e1 cobrado o valor do reenvio ou poder\u00e1 ser realizado o estorno do pedido.<\/p><\/div>\r\n        \r\n\t        <\/div>\r\n<\/div>\t\t\t\t<\/div>\n\t\t\t\t<\/div>\n\t\t\t\t<div class=\"elementor-element elementor-element-3b1a40e elementor-widget elementor-widget-rtsb-shopbuilder-faq\" data-id=\"3b1a40e\" data-element_type=\"widget\" data-e-type=\"widget\" data-widget_type=\"rtsb-shopbuilder-faq.default\">\n\t\t\t\t<div class=\"elementor-widget-container\">\n\t\t\t\t\t<div id=\"rtsb-container-3b1a40e\" class=\"rtsb-elementor-container rtsb-pos-r rtsb-shopbuilder-faq\" data-layout=\"rtsb-sb-faq-layout2\"><div class=\"rtsb-row rtsb-content-loader rtsb-sb-faq-layout2\"><div class=\"rtsb-col-grid\"><div class=\"rtsb-faq-wrapper rtsb-sb-accordion-wrapper\">\n\t\t<div class=\"rtsb-accordion-list sb-accordion\" data-accordionType=\"sb-accordion\">\n\t\t\t\t\t<div class=\"rtsb-accordion-item rtsb-expand-tab rtsb-faq-item\">\n\t\t\t\t<div class=\"rtsb-accordion-header left\">\n\t\t\t\t\t<div class=\"rtsb-accordion-title-wrap\">\n\t\t\t\t\t\t\t\t\t\t\t\t<h2 class=\"rtsb-accordion-title rtsb-faq-title\">\n\t\t\t\t\t\t\t Regi\u00e3o Sudeste\t\t\t\t\t<\/h2>\n\t\t\t\t\t\t\t\t\t<\/div>\n\t\t\t\t\t\t\t\t\t<div class=\"rtsb-accordion-icon-wrap\">\n\t\t\t\t\t\t\t\t\t\t\t\t\t<span class=\"rtsb-accordion-icon rtsb-expand-icon\">\n\t\t\t\t\t\t\t\t<i aria-hidden=\"true\" class=\"fas fa-chevron-down\"><\/i>\t\t\t\t\t\t\t<\/span>\n\t\t\t\t\t\t\t\t\t\t\t\t\t\t\t\t\t\t\t<span class=\"rtsb-accordion-icon rtsb-tab-icon\">\n\t\t\t\t\t\t\t\t<i aria-hidden=\"true\" class=\"fas fa-chevron-up\"><\/i>\t\t\t\t\t\t\t<\/span>\n\t\t\t\t\t\t\t\t\t\t\t<\/div>\n\t\t\t\t\t\t\t<\/div>\n\t\t\t\t\t\t\t<div class=\"rtsb-accordion-content\">\n\t\t\t\t\t<div class=\"rtsb-widget\">\n\t\t\t\t\t\t<div class=\"rtsb-content \">\n\t\t\t\t\t\t\t<p>Frete gr\u00e1tis para compras a partir de R$ 199,00<\/p>\t\t\t\t\t\t<\/div>\n\t\t\t\t\t<\/div>\n\t\t\t\t<\/div>\n\t\t\t\t\t<\/div>\n\t\t\t\t\t\t<div class=\"rtsb-accordion-item  rtsb-faq-item\">\n\t\t\t\t<div class=\"rtsb-accordion-header left\">\n\t\t\t\t\t<div class=\"rtsb-accordion-title-wrap\">\n\t\t\t\t\t\t\t\t\t\t\t\t<h2 class=\"rtsb-accordion-title rtsb-faq-title\">\n\t\t\t\t\t\t\tRegi\u00e3o Sul\t\t\t\t\t<\/h2>\n\t\t\t\t\t\t\t\t\t<\/div>\n\t\t\t\t\t\t\t\t\t<div class=\"rtsb-accordion-icon-wrap\">\n\t\t\t\t\t\t\t\t\t\t\t\t\t<span class=\"rtsb-accordion-icon rtsb-expand-icon\">\n\t\t\t\t\t\t\t\t<i aria-hidden=\"true\" class=\"fas fa-chevron-down\"><\/i>\t\t\t\t\t\t\t<\/span>\n\t\t\t\t\t\t\t\t\t\t\t\t\t\t\t\t\t\t\t<span class=\"rtsb-accordion-icon rtsb-tab-icon\">\n\t\t\t\t\t\t\t\t<i aria-hidden=\"true\" class=\"fas fa-chevron-up\"><\/i>\t\t\t\t\t\t\t<\/span>\n\t\t\t\t\t\t\t\t\t\t\t<\/div>\n\t\t\t\t\t\t\t<\/div>\n\t\t\t\t\t\t\t<div class=\"rtsb-accordion-content\">\n\t\t\t\t\t<div class=\"rtsb-widget\">\n\t\t\t\t\t\t<div class=\"rtsb-content \">\n\t\t\t\t\t\t\t<p>Frete gr\u00e1tis para compras a partir de R$ 299,00<\/p>\t\t\t\t\t\t<\/div>\n\t\t\t\t\t<\/div>\n\t\t\t\t<\/div>\n\t\t\t\t\t<\/div>\n\t\t\t\t\t\t<div class=\"rtsb-accordion-item  rtsb-faq-item\">\n\t\t\t\t<div class=\"rtsb-accordion-header left\">\n\t\t\t\t\t<div class=\"rtsb-accordion-title-wrap\">\n\t\t\t\t\t\t\t\t\t\t\t\t<h2 class=\"rtsb-accordion-title rtsb-faq-title\">\n\t\t\t\t\t\t\tRegi\u00e3o Centro-Oeste\t\t\t\t\t<\/h2>\n\t\t\t\t\t\t\t\t\t<\/div>\n\t\t\t\t\t\t\t\t\t<div class=\"rtsb-accordion-icon-wrap\">\n\t\t\t\t\t\t\t\t\t\t\t\t\t<span class=\"rtsb-accordion-icon rtsb-expand-icon\">\n\t\t\t\t\t\t\t\t<i aria-hidden=\"true\" class=\"fas fa-chevron-down\"><\/i>\t\t\t\t\t\t\t<\/span>\n\t\t\t\t\t\t\t\t\t\t\t\t\t\t\t\t\t\t\t<span class=\"rtsb-accordion-icon rtsb-tab-icon\">\n\t\t\t\t\t\t\t\t<i aria-hidden=\"true\" class=\"fas fa-chevron-up\"><\/i>\t\t\t\t\t\t\t<\/span>\n\t\t\t\t\t\t\t\t\t\t\t<\/div>\n\t\t\t\t\t\t\t<\/div>\n\t\t\t\t\t\t\t<div class=\"rtsb-accordion-content\">\n\t\t\t\t\t<div class=\"rtsb-widget\">\n\t\t\t\t\t\t<div class=\"rtsb-content \">\n\t\t\t\t\t\t\t<p>Frete gr\u00e1tis para compras a partir de R$ 299,00<\/p>\t\t\t\t\t\t<\/div>\n\t\t\t\t\t<\/div>\n\t\t\t\t<\/div>\n\t\t\t\t\t<\/div>\n\t\t\t\t\t\t<div class=\"rtsb-accordion-item  rtsb-faq-item\">\n\t\t\t\t<div class=\"rtsb-accordion-header left\">\n\t\t\t\t\t<div class=\"rtsb-accordion-title-wrap\">\n\t\t\t\t\t\t\t\t\t\t\t\t<h2 class=\"rtsb-accordion-title rtsb-faq-title\">\n\t\t\t\t\t\t\tRegi\u00e3o Nordeste &amp; Norte\t\t\t\t\t<\/h2>\n\t\t\t\t\t\t\t\t\t<\/div>\n\t\t\t\t\t\t\t\t\t<div class=\"rtsb-accordion-icon-wrap\">\n\t\t\t\t\t\t\t\t\t\t\t\t\t<span class=\"rtsb-accordion-icon rtsb-expand-icon\">\n\t\t\t\t\t\t\t\t<i aria-hidden=\"true\" class=\"fas fa-chevron-down\"><\/i>\t\t\t\t\t\t\t<\/span>\n\t\t\t\t\t\t\t\t\t\t\t\t\t\t\t\t\t\t\t<span class=\"rtsb-accordion-icon rtsb-tab-icon\">\n\t\t\t\t\t\t\t\t<i aria-hidden=\"true\" class=\"fas fa-chevron-up\"><\/i>\t\t\t\t\t\t\t<\/span>\n\t\t\t\t\t\t\t\t\t\t\t<\/div>\n\t\t\t\t\t\t\t<\/div>\n\t\t\t\t\t\t\t<div class=\"rtsb-accordion-content\">\n\t\t\t\t\t<div class=\"rtsb-widget\">\n\t\t\t\t\t\t<div class=\"rtsb-content \">\n\t\t\t\t\t\t\t<p>No momento, as regi\u00f5es Norte e Nordeste ainda n\u00e3o fazem parte da oferta de frete gr\u00e1tis devido a limita\u00e7\u00f5es log\u00edsticas. Por\u00e9m, j\u00e1 estamos trabalhando para incluir essas \u00e1reas o mais breve poss\u00edvel.<\/p>\t\t\t\t\t\t<\/div>\n\t\t\t\t\t<\/div>\n\t\t\t\t<\/div>\n\t\t\t\t\t<\/div>\n\t\t\t\t<\/div>\n\t\t<\/div>\n<\/div><!-- .rtsb-col-grid --><\/div><!-- .rtsb-row --><\/div><!-- .rtsb-container -->\t\t\t\t<\/div>\n\t\t\t\t<\/div>\n\t\t\t\t\t<\/div>\n\t\t\t\t<\/div>\n\t\t\t\t<\/div>\n\t\t","protected":false},"excerpt":{"rendered":"<p>COMO GARANTO FRETE GR\u00c1TIS NO MEU PEDIDO? POL\u00cdTICA DE FRETE GR\u00c1TIS A isen\u00e7\u00e3o de frete \u00e9 aplicada automaticamente, sem necessidade de solicita\u00e7\u00e3o, considerando o valor total dos produtos no carrinho e o endere\u00e7o de entrega informado. O frete gr\u00e1tis ser\u00e1 sempre concedido na modalidade de envio com menor custo dispon\u00edvel. Aten\u00e7\u00e3o a algumas condi\u00e7\u00f5es: &gt; [&hellip;]<\/p>\n","protected":false},"author":1,"featured_media":0,"parent":0,"menu_order":0,"comment_status":"closed","ping_status":"closed","template":"","meta":{"footnotes":""},"class_list":["post-6465","page","type-page","status-publish","hentry"],"_links":{"self":[{"href":"https:\/\/euronutry.com.br\/loja\/wp-json\/wp\/v2\/pages\/6465","targetHints":{"allow":["GET"]}}],"collection":[{"href":"https:\/\/euronutry.com.br\/loja\/wp-json\/wp\/v2\/pages"}],"about":[{"href":"https:\/\/euronutry.com.br\/loja\/wp-json\/wp\/v2\/types\/page"}],"author":[{"embeddable":true,"href":"https:\/\/euronutry.com.br\/loja\/wp-json\/wp\/v2\/users\/1"}],"replies":[{"embeddable":true,"href":"https:\/\/euronutry.com.br\/loja\/wp-json\/wp\/v2\/comments?post=6465"}],"version-history":[{"count":6,"href":"https:\/\/euronutry.com.br\/loja\/wp-json\/wp\/v2\/pages\/6465\/revisions"}],"predecessor-version":[{"id":6520,"href":"https:\/\/euronutry.com.br\/loja\/wp-json\/wp\/v2\/pages\/6465\/revisions\/6520"}],"wp:attachment":[{"href":"https:\/\/euronutry.com.br\/loja\/wp-json\/wp\/v2\/media?parent=6465"}],"curies":[{"name":"wp","href":"https:\/\/api.w.org\/{rel}","templated":true}]}}