{"id":6521,"date":"2025-11-10T15:54:45","date_gmt":"2025-11-10T18:54:45","guid":{"rendered":"https:\/\/euronutry.com.br\/loja\/?page_id=6521"},"modified":"2025-11-10T16:05:55","modified_gmt":"2025-11-10T19:05:55","slug":"parceiros","status":"publish","type":"page","link":"https:\/\/euronutry.com.br\/loja\/parceiros\/","title":{"rendered":"Lojistas e Representantes"},"content":{"rendered":"\t\t<div data-elementor-type=\"wp-page\" data-elementor-id=\"6521\" class=\"elementor elementor-6521\">\n\t\t\t\t<div class=\"elementor-element elementor-element-e6caab4 e-flex e-con-boxed rt-parallax-bg-no e-con e-parent\" data-id=\"e6caab4\" data-element_type=\"container\" data-e-type=\"container\">\n\t\t\t\t\t<div class=\"e-con-inner\">\n\t\t\t\t<div class=\"elementor-element elementor-element-64f7655 elementor-invisible elementor-widget elementor-widget-rt-title\" data-id=\"64f7655\" data-element_type=\"widget\" data-e-type=\"widget\" data-widget_type=\"rt-title.default\">\n\t\t\t\t<div class=\"elementor-widget-container\">\n\t\t\t\t\t<div class=\"section-title-wrapper \">\r\n\t<div class=\"title-inner-wrapper ah-headline\">\r\n        <!--Top Sub Title-->\r\n\t\t\t\t\t<div class=\"top-sub-title-wrap wow-off fadeInUp\" data-wow-delay=\"200ms\" data-wow-duration=\"1200ms\">\r\n                <div class=\"top-sub-title default\">\r\n                    Parcerias                <\/div>\r\n\t\t\t<\/div>\r\n\t\t\r\n\t\t<!--Main Title-->\r\n\t\t        <div class=\"wow-off fadeInUp\" data-wow-delay=\"400ms\" data-wow-duration=\"1200ms\">\r\n            <h2 class=\"main-title title-gradient-animation no no middle \">Seja um Parceiro EURONUTRY                            <\/h2>\r\n        <\/div>\r\n        \r\n        <!--Description-->\r\n        \r\n\t        <\/div>\r\n<\/div>\t\t\t\t<\/div>\n\t\t\t\t<\/div>\n\t\t\t\t\t<\/div>\n\t\t\t\t<\/div>\n\t\t<div class=\"elementor-element elementor-element-b62fc04 e-flex e-con-boxed rt-parallax-bg-no e-con e-parent\" data-id=\"b62fc04\" data-element_type=\"container\" data-e-type=\"container\">\n\t\t\t\t\t<div class=\"e-con-inner\">\n\t\t<div class=\"elementor-element elementor-element-de620ae e-con-full e-flex rt-parallax-bg-no e-con e-child\" data-id=\"de620ae\" data-element_type=\"container\" data-e-type=\"container\">\n\t\t\t\t<div class=\"elementor-element elementor-element-588432a elementor-widget elementor-widget-rt-image\" data-id=\"588432a\" data-element_type=\"widget\" data-e-type=\"widget\" data-widget_type=\"rt-image.default\">\n\t\t\t\t<div class=\"elementor-widget-container\">\n\t\t\t\t\t\r\n<div class=\"rt-image-layout rt-image-layout-1 \">\r\n\r\n\t        <div class=\"rt-image image-size  wow-off fadeInUp\" data-wow-delay=\"200ms\" data-wow-duration=\"1200ms\">\r\n            <div data-parallax='{\"y\" : , \"x\" : }'>\r\n\t            \t\t            <img fetchpriority=\"high\" decoding=\"async\" width=\"960\" height=\"1294\" src=\"https:\/\/euronutry.com.br\/loja\/wp-content\/uploads\/2025\/11\/imagem_2025-11-10_160211384.png\" class=\"attachment-full size-full wp-post-image\" alt=\"\" srcset=\"https:\/\/euronutry.com.br\/loja\/wp-content\/uploads\/2025\/11\/imagem_2025-11-10_160211384.png 960w, https:\/\/euronutry.com.br\/loja\/wp-content\/uploads\/2025\/11\/imagem_2025-11-10_160211384-223x300.png 223w, https:\/\/euronutry.com.br\/loja\/wp-content\/uploads\/2025\/11\/imagem_2025-11-10_160211384-760x1024.png 760w, https:\/\/euronutry.com.br\/loja\/wp-content\/uploads\/2025\/11\/imagem_2025-11-10_160211384-768x1035.png 768w, https:\/\/euronutry.com.br\/loja\/wp-content\/uploads\/2025\/11\/imagem_2025-11-10_160211384-600x809.png 600w\" sizes=\"(max-width: 960px) 100vw, 960px\" \/>\t\t                        <\/div>\r\n        <\/div>\r\n    \r\n\r\n\t\r\n\t\r\n<\/div>\t\t\t\t<\/div>\n\t\t\t\t<\/div>\n\t\t\t\t<\/div>\n\t\t<div class=\"elementor-element elementor-element-4a3b7e4 e-con-full e-flex rt-parallax-bg-no e-con e-child\" data-id=\"4a3b7e4\" data-element_type=\"container\" data-e-type=\"container\">\n\t\t\t\t<div class=\"elementor-element elementor-element-c1ac318 elementor-invisible elementor-widget elementor-widget-rt-title\" data-id=\"c1ac318\" data-element_type=\"widget\" data-e-type=\"widget\" data-widget_type=\"rt-title.default\">\n\t\t\t\t<div class=\"elementor-widget-container\">\n\t\t\t\t\t<div class=\"section-title-wrapper \">\r\n\t<div class=\"title-inner-wrapper ah-headline\">\r\n        <!--Top Sub Title-->\r\n\t\t\r\n\t\t<!--Main Title-->\r\n\t\t        <div class=\"wow-off fadeInUp\" data-wow-delay=\"400ms\" data-wow-duration=\"1200ms\">\r\n            <h2 class=\"main-title title-gradient-animation no line-shape has-animation middle \">Conecte-se a uma das marcas que mais cresce no mercado de suplementos.                            <\/h2>\r\n        <\/div>\r\n        \r\n        <!--Description-->\r\n                    <div class=\"description wow-off fadeInUp\" data-wow-delay=\"600ms\" data-wow-duration=\"1200ms\"><p>Se voc\u00ea \u00e9 lojista ou representante comercial e deseja tornar-se parceiro da EURONUTRY, preencha suas informa\u00e7\u00f5es e nossa equipe entrar\u00e1 em contato.<\/p><\/div>\r\n        \r\n\t        <\/div>\r\n<\/div>\t\t\t\t<\/div>\n\t\t\t\t<\/div>\n\t\t\t\t<div class=\"elementor-element elementor-element-15f679e footer-subscribe-form fluentform-widget-submit-button-custom elementor-widget elementor-widget-fluent-form-widget\" data-id=\"15f679e\" data-element_type=\"widget\" data-e-type=\"widget\" data-widget_type=\"fluent-form-widget.default\">\n\t\t\t\t<div class=\"elementor-widget-container\">\n\t\t\t\t\t\n            <div class=\"fluentform-widget-wrapper fluentform-widget-align-default\">\n\n            \n            <div class='fluentform ff-default fluentform_wrapper_4 ffs_default_wrap'><form data-form_id=\"4\" id=\"fluentform_4\" class=\"frm-fluent-form fluent_form_4 ff-el-form-top ff_form_instance_4_1 ff-form-loading ffs_default\" data-form_instance=\"ff_form_instance_4_1\" method=\"POST\" ><fieldset  style=\"border: none!important;margin: 0!important;padding: 0!important;background-color: transparent!important;box-shadow: none!important;outline: none!important; min-inline-size: 100%;\">\n                    <legend class=\"ff_screen_reader_title\" style=\"display: block; margin: 0!important;padding: 0!important;height: 0!important;text-indent: -999999px;width: 0!important;overflow:hidden;\">Lojistas e Representantes<\/legend>        <input type=\"hidden\" id=\"__fluent_protection_token_4\" class=\"fluent-form-token-field\" name=\"__fluent_protection_token_4\">\n        <input type='hidden' name='__fluent_form_embded_post_id' value='6521' \/><input type=\"hidden\" id=\"_fluentform_4_fluentformnonce\" name=\"_fluentform_4_fluentformnonce\" value=\"4c35a11df0\" \/><input type=\"hidden\" name=\"_wp_http_referer\" value=\"\/loja\/wp-json\/wp\/v2\/pages\/6521\" \/><div data-type=\"name-element\" data-name=\"names\" class=\" ff-field_container ff-name-field-wrapper\" ><div class='ff-t-container'><div class='ff-t-cell '><div class='ff-el-group'><div class=\"ff-el-input--label ff-el-is-required asterisk-right\"><label for='ff_4_names_first_name_' id='label_ff_4_names_first_name_' >First Name<\/label><\/div><div class='ff-el-input--content'><input type=\"text\" name=\"names[first_name]\" id=\"ff_4_names_first_name_\" class=\"ff-el-form-control\" aria-invalid=\"false\" aria-required=true><\/div><\/div><\/div><\/div><\/div><div class='ff-el-group'><div class=\"ff-el-input--label ff-el-is-required asterisk-right\"><label for='ff_4_email' id='label_ff_4_email' aria-label=\"Email\">Email<\/label><\/div><div class='ff-el-input--content'><input type=\"email\" name=\"email\" id=\"ff_4_email\" class=\"ff-el-form-control\" placeholder=\"you@domain.com\" data-name=\"email\"  aria-invalid=\"false\" aria-required=true><\/div><\/div><div class='ff-el-group'><div class=\"ff-el-input--label ff-el-is-required asterisk-right\"><label for='ff_4_numeric_field' id='label_ff_4_numeric_field' aria-label=\"Telefone ou Celular Principal\">Telefone ou Celular Principal<\/label><\/div><div class='ff-el-input--content'><input type=\"number\" name=\"numeric_field\" id=\"ff_4_numeric_field\" class=\"ff-el-form-control\" data-name=\"numeric_field\" inputmode=\"numeric\" step=\"any\"  aria-invalid=\"false\" aria-required=true><\/div><\/div><div class=\"ff-name-address-wrapper fluent-address\" data-type=\"address-element\" data-name=\"address_1\" ><div class='ff-el-input--content'><div class='ff-t-container'><div class='ff-t-cell'><div class='ff-el-group'><div class=\"ff-el-input--label asterisk-right\"><label for='ff_4_address_1_city_' id='label_ff_4_address_1_city_' aria-label=\"Cidade\">Cidade<\/label><\/div><div class='ff-el-input--content'><input type=\"text\" name=\"address_1[city]\" id=\"ff_4_address_1_city_\" class=\"ff-el-form-control\" placeholder=\"Cidade\" data-key_name=\"city\"  aria-invalid=\"false\" aria-required=false><\/div><\/div><\/div><\/div><\/div><\/div><div class='ff-el-group ff-text-center ff_submit_btn_wrapper'><button type=\"submit\" class=\"ff-btn ff-btn-submit ff-btn-md ff_btn_style wpf_has_custom_css\"  aria-label=\"Enviar\">Enviar<\/button><\/div><\/fieldset><\/form><div id='fluentform_4_errors' class='ff-errors-in-stack ff_form_instance_4_1 ff-form-loading_errors ff_form_instance_4_1_errors'><\/div><\/div>            <script type=\"text\/javascript\">\n                window.fluent_form_ff_form_instance_4_1 = {\"id\":\"4\",\"settings\":{\"layout\":{\"labelPlacement\":\"top\",\"asteriskPlacement\":\"asterisk-right\",\"helpMessagePlacement\":\"with_label\",\"errorMessagePlacement\":\"inline\",\"cssClassName\":\"\"},\"restrictions\":{\"denyEmptySubmission\":{\"enabled\":false}}},\"form_instance\":\"ff_form_instance_4_1\",\"form_id_selector\":\"fluentform_4\",\"rules\":{\"names[first_name]\":{\"required\":{\"value\":true,\"message\":\"Este campo \\u00e9 obrigat\\u00f3rio\",\"global\":true,\"global_message\":\"Este campo \\u00e9 obrigat\\u00f3rio\"}},\"names[middle_name]\":{\"required\":{\"value\":false,\"message\":\"Este campo \\u00e9 obrigat\\u00f3rio\",\"global\":true,\"global_message\":\"Este campo \\u00e9 obrigat\\u00f3rio\"}},\"names[last_name]\":{\"required\":{\"value\":false,\"message\":\"Este campo \\u00e9 obrigat\\u00f3rio\",\"global\":true,\"global_message\":\"Este campo \\u00e9 obrigat\\u00f3rio\"}},\"email\":{\"required\":{\"value\":true,\"message\":\"Email field is required\",\"global\":false,\"global_message\":\"Este campo \\u00e9 obrigat\\u00f3rio\"},\"email\":{\"value\":true,\"message\":\"Este campo deve conter um e-mail v\\u00e1lido\",\"global\":true,\"global_message\":\"Este campo deve conter um e-mail v\\u00e1lido\"}},\"numeric_field\":{\"required\":{\"value\":true,\"message\":\"Este campo \\u00e9 obrigat\\u00f3rio\",\"global\":true,\"global_message\":\"Este campo \\u00e9 obrigat\\u00f3rio\"},\"numeric\":{\"value\":true,\"message\":\"Este campo deve conter valor num\\u00e9rico\",\"global\":true,\"global_message\":\"Este campo deve conter valor num\\u00e9rico\"},\"min\":{\"value\":\"\",\"message\":\"A valida\\u00e7\\u00e3o falhou para o valor m\\u00ednimo\",\"global\":true,\"global_message\":\"A valida\\u00e7\\u00e3o falhou para o valor m\\u00ednimo\"},\"max\":{\"value\":\"\",\"message\":\"A valida\\u00e7\\u00e3o falha para o valor m\\u00e1ximo\",\"global\":true,\"global_message\":\"A valida\\u00e7\\u00e3o falha para o valor m\\u00e1ximo\"}},\"address_1[address_line_1]\":{\"required\":{\"value\":false,\"message\":\"Este campo \\u00e9 obrigat\\u00f3rio\",\"global_message\":\"Este campo \\u00e9 obrigat\\u00f3rio\",\"global\":true}},\"address_1[address_line_2]\":{\"required\":{\"value\":false,\"message\":\"Este campo \\u00e9 obrigat\\u00f3rio\",\"global_message\":\"Este campo \\u00e9 obrigat\\u00f3rio\",\"global\":true}},\"address_1[city]\":{\"required\":{\"value\":false,\"message\":\"Este campo \\u00e9 obrigat\\u00f3rio\",\"global_message\":\"Este campo \\u00e9 obrigat\\u00f3rio\",\"global\":true}},\"address_1[state]\":{\"required\":{\"value\":false,\"message\":\"Este campo \\u00e9 obrigat\\u00f3rio\",\"global_message\":\"Este campo \\u00e9 obrigat\\u00f3rio\",\"global\":true}},\"address_1[zip]\":{\"required\":{\"value\":false,\"message\":\"Este campo \\u00e9 obrigat\\u00f3rio\",\"global_message\":\"Este campo \\u00e9 obrigat\\u00f3rio\",\"global\":true}},\"address_1[country]\":{\"required\":{\"value\":false,\"message\":\"Este campo \\u00e9 obrigat\\u00f3rio\",\"global_message\":\"Este campo \\u00e9 obrigat\\u00f3rio\",\"global\":true}}},\"debounce_time\":300};\n                            <\/script>\n                        <\/div>\n\n            \t\t\t\t<\/div>\n\t\t\t\t<\/div>\n\t\t\t\t<\/div>\n\t\t\t\t\t<\/div>\n\t\t\t\t<\/div>\n\t\t\t\t<\/div>\n\t\t","protected":false},"excerpt":{"rendered":"<p>Parcerias Seja um Parceiro EURONUTRY Conecte-se a uma das marcas que mais cresce no mercado de suplementos. Se voc\u00ea \u00e9 lojista ou representante comercial e deseja tornar-se parceiro da EURONUTRY, preencha suas informa\u00e7\u00f5es e nossa equipe entrar\u00e1 em contato. Lojistas e Representantes Newsletter First NameEmailTelefone ou Celular PrincipalCidadeEnviar<\/p>\n","protected":false},"author":1,"featured_media":0,"parent":0,"menu_order":0,"comment_status":"closed","ping_status":"closed","template":"","meta":{"footnotes":""},"class_list":["post-6521","page","type-page","status-publish","hentry"],"_links":{"self":[{"href":"https:\/\/euronutry.com.br\/loja\/wp-json\/wp\/v2\/pages\/6521","targetHints":{"allow":["GET"]}}],"collection":[{"href":"https:\/\/euronutry.com.br\/loja\/wp-json\/wp\/v2\/pages"}],"about":[{"href":"https:\/\/euronutry.com.br\/loja\/wp-json\/wp\/v2\/types\/page"}],"author":[{"embeddable":true,"href":"https:\/\/euronutry.com.br\/loja\/wp-json\/wp\/v2\/users\/1"}],"replies":[{"embeddable":true,"href":"https:\/\/euronutry.com.br\/loja\/wp-json\/wp\/v2\/comments?post=6521"}],"version-history":[{"count":8,"href":"https:\/\/euronutry.com.br\/loja\/wp-json\/wp\/v2\/pages\/6521\/revisions"}],"predecessor-version":[{"id":6540,"href":"https:\/\/euronutry.com.br\/loja\/wp-json\/wp\/v2\/pages\/6521\/revisions\/6540"}],"wp:attachment":[{"href":"https:\/\/euronutry.com.br\/loja\/wp-json\/wp\/v2\/media?parent=6521"}],"curies":[{"name":"wp","href":"https:\/\/api.w.org\/{rel}","templated":true}]}}