{"id":5925,"date":"2025-10-29T03:53:47","date_gmt":"2025-10-29T06:53:47","guid":{"rendered":"https:\/\/euronutry.com.br\/loja\/produto\/biotina-60-caps\/"},"modified":"2026-03-06T13:25:47","modified_gmt":"2026-03-06T16:25:47","slug":"biotina-60-caps","status":"publish","type":"product","link":"https:\/\/euronutry.com.br\/loja\/produto\/biotina-60-caps\/","title":{"rendered":"BIOTINA 60 C\u00c1PS"},"content":{"rendered":"<h3 data-start=\"788\" data-end=\"838\">\ud83d\udc9c <strong data-start=\"795\" data-end=\"838\">Por que a Biotina Euronutry \u00e9 diferente<\/strong><\/h3>\n<ul data-start=\"839\" data-end=\"1279\">\n<li data-start=\"839\" data-end=\"883\">\n<p data-start=\"841\" data-end=\"883\"><strong data-start=\"841\" data-end=\"880\">Fortalece as unhas e reduz a quebra<\/strong>.<\/p>\n<\/li>\n<li data-start=\"884\" data-end=\"963\">\n<p data-start=\"886\" data-end=\"963\"><strong data-start=\"886\" data-end=\"934\">Aumenta o brilho e a resist\u00eancia dos cabelos<\/strong>, al\u00e9m de prevenir a queda.<\/p>\n<\/li>\n<li data-start=\"964\" data-end=\"1031\">\n<p data-start=\"966\" data-end=\"1031\"><strong data-start=\"966\" data-end=\"993\">Melhora a sa\u00fade da pele<\/strong>, dando mais firmeza e vi\u00e7o natural.<\/p>\n<\/li>\n<li data-start=\"1032\" data-end=\"1116\">\n<p data-start=\"1034\" data-end=\"1116\"><strong data-start=\"1034\" data-end=\"1071\">Auxilia no metabolismo energ\u00e9tico<\/strong>, ajudando o corpo a produzir mais energia.<\/p>\n<\/li>\n<li data-start=\"1117\" data-end=\"1179\">\n<p data-start=\"1119\" data-end=\"1179\"><strong data-start=\"1119\" data-end=\"1177\">Favorece a absor\u00e7\u00e3o de outras vitaminas do complexo B.<\/strong><\/p>\n<\/li>\n<li data-start=\"1180\" data-end=\"1279\">\n<p data-start=\"1182\" data-end=\"1279\"><strong data-start=\"1182\" data-end=\"1224\">Alta concentra\u00e7\u00e3o (45 mcg por c\u00e1psula)<\/strong>, com r\u00e1pida absor\u00e7\u00e3o e excelente biodisponibilidade.<\/p>\n<\/li>\n<\/ul>\n<p data-start=\"1281\" data-end=\"1441\">Produzida com <strong data-start=\"1295\" data-end=\"1340\">insumos de alta pureza e laudos aprovados<\/strong>, a Biotina Euronutry segue padr\u00f5es internacionais de qualidade<button class=\"ms-1 flex h-[25px] text-[10px] leading-[13px] rounded-xl items-center justify-center gap-1 px-2 relative text-token-text-secondary! hover:text-token-text-primary! hover:bg-token-bg-secondary dark:bg-token-main-surface-secondary dark:hover:bg-token-bg-secondary bg-[#f4f4f4] \"><\/button><\/p>\n<p class=\"not-prose mt-0! mb-0! flex-auto truncate\">Biotina 60 C\u00c1PSULAS \u2013 Euronutry<\/p>\n<p data-start=\"1281\" data-end=\"1441\"><button class=\"ms-1 flex h-[25px] text-[10px] leading-[13px] rounded-xl items-center justify-center gap-1 px-2 relative text-token-text-secondary! hover:text-token-text-primary! hover:bg-token-bg-secondary dark:bg-token-main-surface-secondary dark:hover:bg-token-bg-secondary bg-[#f4f4f4] \"><\/button>.<\/p>\n<hr data-start=\"1443\" data-end=\"1446\" \/>\n<h3 data-start=\"1448\" data-end=\"1474\">\ud83d\udd52 <strong data-start=\"1455\" data-end=\"1474\">Sugest\u00e3o de uso<\/strong><\/h3>\n<p data-start=\"1475\" data-end=\"1555\">Ingerir <strong data-start=\"1483\" data-end=\"1503\">1 c\u00e1psula ao dia<\/strong>, ou conforme orienta\u00e7\u00e3o do nutricionista ou m\u00e9dico.<\/p>\n<hr data-start=\"1557\" data-end=\"1560\" \/>\n<h3 data-start=\"1562\" data-end=\"1585\">\ud83d\udd2c <strong data-start=\"1569\" data-end=\"1585\">Ingredientes<\/strong><\/h3>\n<p data-start=\"1586\" data-end=\"1717\">Biotina, agente de massa polidextrose, antiumectante di\u00f3xido de sil\u00edcio.<br data-start=\"1658\" data-end=\"1661\" \/><strong data-start=\"1661\" data-end=\"1687\">Composi\u00e7\u00e3o da c\u00e1psula:<\/strong> gelatina e \u00e1gua purificada.<\/p>\n<p data-start=\"1719\" data-end=\"1777\">\u27a1\ufe0f <strong data-start=\"1722\" data-end=\"1777\">Pode conter derivados de leite, trigo, soja e ovos.<\/strong><\/p>\n<hr data-start=\"1779\" data-end=\"1782\" \/>\n<h3 data-start=\"1784\" data-end=\"1802\">\u26a0\ufe0f <strong data-start=\"1791\" data-end=\"1802\">Aten\u00e7\u00e3o<\/strong><\/h3>\n<ul data-start=\"1803\" data-end=\"2186\">\n<li data-start=\"1803\" data-end=\"1844\">\n<p data-start=\"1805\" data-end=\"1844\">Mantenha fora do alcance de crian\u00e7as.<\/p>\n<\/li>\n<li data-start=\"1845\" data-end=\"1887\">\n<p data-start=\"1847\" data-end=\"1887\">Este produto <strong data-start=\"1860\" data-end=\"1885\">n\u00e3o \u00e9 um medicamento.<\/strong><\/p>\n<\/li>\n<li data-start=\"1888\" data-end=\"1963\">\n<p data-start=\"1890\" data-end=\"1963\"><strong data-start=\"1890\" data-end=\"1927\">N\u00e3o exceder a recomenda\u00e7\u00e3o di\u00e1ria<\/strong> de consumo indicada na embalagem.<\/p>\n<\/li>\n<li data-start=\"1964\" data-end=\"2012\">\n<p data-start=\"1966\" data-end=\"2012\">Conservar ao abrigo da luz, calor e umidade.<\/p>\n<\/li>\n<li data-start=\"2013\" data-end=\"2058\">\n<p data-start=\"2015\" data-end=\"2058\">Ap\u00f3s aberto, <strong data-start=\"2028\" data-end=\"2056\">consumir em at\u00e9 60 dias.<\/strong><\/p>\n<\/li>\n<li data-start=\"2059\" data-end=\"2130\">\n<p data-start=\"2061\" data-end=\"2130\">Indicado para maiores de <strong data-start=\"2086\" data-end=\"2097\">19 anos<\/strong>, exceto gestantes e lactantes.<\/p>\n<\/li>\n<li data-start=\"2131\" data-end=\"2186\">\n<p data-start=\"2133\" data-end=\"2186\">Dispensa registro conforme <strong data-start=\"2160\" data-end=\"2186\">RDC 240\/2018 (ANVISA).<\/strong><\/p>\n<\/li>\n<\/ul>\n<p><!-- Informa\u00e7\u00e3o Nutricional - Biotina --><\/p>\n<section class=\"informacao-nutricional\" style=\"display: flex; justify-content: center; text-align: center; width: 100%; font-family: 'Hanken Grotesk', sans-serif; margin: 40px 0;\">\n<div style=\"max-width: 650px; width: 90%; border: 1px solid #ccc; border-radius: 6px; overflow: hidden;\">\n<h2 style=\"margin: 0; padding: 10px 0; background: linear-gradient(90deg, #d500f9, #6200ea); color: white;\">INFORMA\u00c7\u00c3O NUTRICIONAL<\/h2>\n<div style=\"background: linear-gradient(90deg, #ff00cc, #9900ff); color: #fff; padding: 8px 0; font-weight: bold;\">Por\u00e7\u00e3o de 470 mg (1 c\u00e1psula)<\/div>\n<table style=\"width: 100%; border-collapse: collapse; text-align: left;\" border=\"1\" cellspacing=\"0\" cellpadding=\"6\">\n<thead>\n<tr style=\"background-color: #f2f2f2;\">\n<th><\/th>\n<th>Quantidade por por\u00e7\u00e3o<\/th>\n<th>%VD*<\/th>\n<\/tr>\n<\/thead>\n<tbody>\n<tr style=\"background-color: #fce6ff; font-weight: bold; color: #6200ea;\">\n<td>Biotina<\/td>\n<td>45 mcg<\/td>\n<td>150% *<br \/>\n150% **<br \/>\n129% ***<\/td>\n<\/tr>\n<\/tbody>\n<\/table>\n<div style=\"background-color: #f2f2f2; padding: 10px; font-size: 0.9em; text-align: left;\">\n<p style=\"margin: 4px 0;\"><strong>*<\/strong> Ingest\u00e3o di\u00e1ria recomendada para adultos<\/p>\n<p style=\"margin: 4px 0;\"><strong>**<\/strong> Ingest\u00e3o di\u00e1ria recomendada para gestantes<\/p>\n<p style=\"margin: 4px 0;\"><strong>***<\/strong> Ingest\u00e3o di\u00e1ria recomendada para lactantes<\/p>\n<\/div>\n<p style=\"font-size: 0.9em; margin: 10px; text-align: justify;\">N\u00e3o cont\u00e9m quantidades significativas de valor energ\u00e9tico, carboidratos, prote\u00ednas, gorduras totais, gorduras saturadas, gorduras trans, fibra alimentar e s\u00f3dio.<\/p>\n<p>(% VD) Valores Di\u00e1rios de refer\u00eancia com base em uma dieta de 2000 kcal ou 8400 kJ.<br \/>\nSeus valores di\u00e1rios podem ser maiores ou menores dependendo de suas necessidades energ\u00e9ticas.<\/p>\n<\/div>\n<\/section>\n","protected":false},"excerpt":{"rendered":"<h4 data-start=\"294\" data-end=\"370\"><strong data-start=\"299\" data-end=\"370\">For\u00e7a, Brilho e Vitalidade de Dentro pra Fora<\/strong><\/h4>\n<p data-start=\"372\" data-end=\"696\">A <strong data-start=\"374\" data-end=\"395\">Biotina Euronutry<\/strong> \u00e9 o segredo pra quem quer <strong data-start=\"422\" data-end=\"480\">cabelos mais fortes, unhas resistentes e pele saud\u00e1vel<\/strong>.<br data-start=\"481\" data-end=\"484\" \/>Tamb\u00e9m conhecida como <strong data-start=\"506\" data-end=\"521\">vitamina B7<\/strong>, a biotina \u00e9 essencial pro metabolismo das prote\u00ednas e gorduras, ajudando o corpo a transformar nutrientes em energia e mantendo o equil\u00edbrio natural da beleza e bem-estar.<\/p>\n<p data-start=\"698\" data-end=\"781\">Ela n\u00e3o \u00e9 s\u00f3 uma vitamina \u2014 \u00e9 o cuidado di\u00e1rio que <strong data-start=\"749\" data-end=\"777\">nutre de dentro pra fora<\/strong>. \ud83d\udc85<\/p>\n","protected":false},"featured_media":6148,"comment_status":"open","ping_status":"closed","template":"","meta":[],"product_brand":[],"product_cat":[83],"product_tag":[91],"class_list":{"0":"post-5925","1":"product","2":"type-product","3":"status-publish","4":"has-post-thumbnail","6":"product_cat-aminoacidos","7":"product_tag-saude","9":"first","10":"instock","11":"taxable","12":"shipping-taxable","13":"purchasable","14":"product-type-simple"},"_links":{"self":[{"href":"https:\/\/euronutry.com.br\/loja\/wp-json\/wp\/v2\/product\/5925","targetHints":{"allow":["GET"]}}],"collection":[{"href":"https:\/\/euronutry.com.br\/loja\/wp-json\/wp\/v2\/product"}],"about":[{"href":"https:\/\/euronutry.com.br\/loja\/wp-json\/wp\/v2\/types\/product"}],"replies":[{"embeddable":true,"href":"https:\/\/euronutry.com.br\/loja\/wp-json\/wp\/v2\/comments?post=5925"}],"wp:featuredmedia":[{"embeddable":true,"href":"https:\/\/euronutry.com.br\/loja\/wp-json\/wp\/v2\/media\/6148"}],"wp:attachment":[{"href":"https:\/\/euronutry.com.br\/loja\/wp-json\/wp\/v2\/media?parent=5925"}],"wp:term":[{"taxonomy":"product_brand","embeddable":true,"href":"https:\/\/euronutry.com.br\/loja\/wp-json\/wp\/v2\/product_brand?post=5925"},{"taxonomy":"product_cat","embeddable":true,"href":"https:\/\/euronutry.com.br\/loja\/wp-json\/wp\/v2\/product_cat?post=5925"},{"taxonomy":"product_tag","embeddable":true,"href":"https:\/\/euronutry.com.br\/loja\/wp-json\/wp\/v2\/product_tag?post=5925"}],"curies":[{"name":"wp","href":"https:\/\/api.w.org\/{rel}","templated":true}]}}