{"id":5926,"date":"2025-10-29T03:53:48","date_gmt":"2025-10-29T06:53:48","guid":{"rendered":"https:\/\/euronutry.com.br\/loja\/produto\/caffeine-foccus-400mg-60-caps\/"},"modified":"2026-03-06T13:27:11","modified_gmt":"2026-03-06T16:27:11","slug":"caffeine-foccus-400mg-60-caps","status":"publish","type":"product","link":"https:\/\/euronutry.com.br\/loja\/produto\/caffeine-foccus-400mg-60-caps\/","title":{"rendered":"CAFFEINE FOCCUS 400MG 60 C\u00c1PS"},"content":{"rendered":"<h3 data-start=\"825\" data-end=\"872\">\u26a1 <strong data-start=\"831\" data-end=\"872\">Por que o Caffeine Foccus \u00e9 diferente<\/strong><\/h3>\n<ul data-start=\"873\" data-end=\"1458\">\n<li data-start=\"873\" data-end=\"954\">\n<p data-start=\"875\" data-end=\"954\"><strong data-start=\"875\" data-end=\"914\">Alta concentra\u00e7\u00e3o (400mg por dose):<\/strong> energia limpa e prolongada sem crash.<\/p>\n<\/li>\n<li data-start=\"955\" data-end=\"1050\">\n<p data-start=\"957\" data-end=\"1050\"><strong data-start=\"957\" data-end=\"981\">Termog\u00eanese ativada:<\/strong> acelera o metabolismo e potencializa a queima de gordura corporal.<\/p>\n<\/li>\n<li data-start=\"1051\" data-end=\"1122\">\n<p data-start=\"1053\" data-end=\"1122\"><strong data-start=\"1053\" data-end=\"1083\">Retarda a fadiga muscular:<\/strong> treine com mais for\u00e7a e resist\u00eancia.<\/p>\n<\/li>\n<li data-start=\"1123\" data-end=\"1214\">\n<p data-start=\"1125\" data-end=\"1214\"><strong data-start=\"1125\" data-end=\"1168\">Melhora o foco e a concentra\u00e7\u00e3o mental:<\/strong> ideal pra treinos, estudos ou dias puxados.<\/p>\n<\/li>\n<li data-start=\"1215\" data-end=\"1306\">\n<p data-start=\"1217\" data-end=\"1306\"><strong data-start=\"1217\" data-end=\"1261\">Aumenta o desempenho f\u00edsico e cognitivo:<\/strong> energia e clareza mental de forma natural.<\/p>\n<\/li>\n<li data-start=\"1307\" data-end=\"1458\">\n<p data-start=\"1309\" data-end=\"1458\">Produzido com <strong data-start=\"1323\" data-end=\"1349\">insumos de alta pureza<\/strong> e <strong data-start=\"1352\" data-end=\"1372\">laudos aprovados<\/strong>, seguindo padr\u00f5es internacionais de qualidade<button class=\"ms-1 flex h-[25px] text-[10px] leading-[13px] rounded-xl items-center justify-center gap-1 px-2 relative text-token-text-secondary! hover:text-token-text-primary! hover:bg-token-bg-secondary dark:bg-token-main-surface-secondary dark:hover:bg-token-bg-secondary bg-[#f4f4f4] \"><\/button><\/p>\n<p class=\"not-prose mt-0! mb-0! flex-auto truncate\">Caffeine Foccus 400mg 60 c\u00e1psul\u2026<\/p>\n<p data-start=\"1309\" data-end=\"1458\"><button class=\"ms-1 flex h-[25px] text-[10px] leading-[13px] rounded-xl items-center justify-center gap-1 px-2 relative text-token-text-secondary! hover:text-token-text-primary! hover:bg-token-bg-secondary dark:bg-token-main-surface-secondary dark:hover:bg-token-bg-secondary bg-[#f4f4f4] \"><\/button>.<\/p>\n<\/li>\n<\/ul>\n<hr data-start=\"1460\" data-end=\"1463\" \/>\n<h3 data-start=\"1465\" data-end=\"1491\">\ud83d\udd52 <strong data-start=\"1472\" data-end=\"1491\">Sugest\u00e3o de uso<\/strong><\/h3>\n<p data-start=\"1492\" data-end=\"1650\">Para melhores resultados, consuma <strong data-start=\"1526\" data-end=\"1548\">2 c\u00e1psulas por dia<\/strong> (equivalente a 400mg de cafe\u00edna), <strong data-start=\"1583\" data-end=\"1613\">30 minutos antes do treino<\/strong> ou conforme orienta\u00e7\u00e3o profissional.<\/p>\n<hr data-start=\"1652\" data-end=\"1655\" \/>\n<h3 data-start=\"1657\" data-end=\"1680\">\ud83d\udd2c <strong data-start=\"1664\" data-end=\"1680\">Ingredientes<\/strong><\/h3>\n<p data-start=\"1681\" data-end=\"1755\">Cafe\u00edna, amido.<br data-start=\"1696\" data-end=\"1699\" \/><strong data-start=\"1699\" data-end=\"1725\">Composi\u00e7\u00e3o da c\u00e1psula:<\/strong> gelatina e \u00e1gua purificada.<\/p>\n<p data-start=\"1757\" data-end=\"1815\">\u27a1\ufe0f <strong data-start=\"1760\" data-end=\"1815\">Pode conter derivados de leite, trigo, soja e ovos.<\/strong><\/p>\n<hr data-start=\"1817\" data-end=\"1820\" \/>\n<h3 data-start=\"1822\" data-end=\"1840\">\u26a0\ufe0f <strong data-start=\"1829\" data-end=\"1840\">Aten\u00e7\u00e3o<\/strong><\/h3>\n<ul data-start=\"1841\" data-end=\"2202\">\n<li data-start=\"1841\" data-end=\"1882\">\n<p data-start=\"1843\" data-end=\"1882\">Mantenha fora do alcance de crian\u00e7as.<\/p>\n<\/li>\n<li data-start=\"1883\" data-end=\"1925\">\n<p data-start=\"1885\" data-end=\"1925\">Este produto <strong data-start=\"1898\" data-end=\"1923\">n\u00e3o \u00e9 um medicamento.<\/strong><\/p>\n<\/li>\n<li data-start=\"1926\" data-end=\"2001\">\n<p data-start=\"1928\" data-end=\"2001\"><strong data-start=\"1928\" data-end=\"1965\">N\u00e3o exceder a recomenda\u00e7\u00e3o di\u00e1ria<\/strong> de consumo indicada na embalagem.<\/p>\n<\/li>\n<li data-start=\"2002\" data-end=\"2050\">\n<p data-start=\"2004\" data-end=\"2050\">Conservar ao abrigo da luz, calor e umidade.<\/p>\n<\/li>\n<li data-start=\"2051\" data-end=\"2096\">\n<p data-start=\"2053\" data-end=\"2096\">Ap\u00f3s aberto, <strong data-start=\"2066\" data-end=\"2094\">consumir em at\u00e9 60 dias.<\/strong><\/p>\n<\/li>\n<li data-start=\"2097\" data-end=\"2146\">\n<p data-start=\"2099\" data-end=\"2146\">Produto indicado para maiores de <strong data-start=\"2132\" data-end=\"2144\">19 anos.<\/strong><\/p>\n<\/li>\n<li data-start=\"2147\" data-end=\"2202\">\n<p data-start=\"2149\" data-end=\"2202\">Dispensa registro conforme <strong data-start=\"2176\" data-end=\"2202\">RDC 240\/2018 (ANVISA).<\/strong><\/p>\n<\/li>\n<\/ul>\n<p><!-- Informa\u00e7\u00e3o Nutricional - Cafe\u00edna --><\/p>\n<section class=\"informacao-nutricional\" style=\"display: flex; justify-content: center; width: 100%; font-family: 'Hanken Grotesk',sans-serif; margin: 40px 0; text-align: center;\">\n<div style=\"max-width: 600px; width: 90%; color: #000;\">\n<h2 style=\"margin-bottom: 10px;\">INFORMA\u00c7\u00c3O NUTRICIONAL<\/h2>\n<p style=\"margin: 0 0 10px 0;\"><strong>Por\u00e7\u00e3o de 1040 mg (2 c\u00e1psulas)<\/strong><\/p>\n<table style=\"width: 100%; border-collapse: collapse; text-align: left; color: #000;\" border=\"1\" cellspacing=\"0\" cellpadding=\"6\">\n<thead>\n<tr style=\"background-color: #f9f9f9;\">\n<th><\/th>\n<th>Quantidade por por\u00e7\u00e3o<\/th>\n<th>%VD*<\/th>\n<\/tr>\n<\/thead>\n<tbody>\n<tr>\n<td><strong>Cafe\u00edna (mg)<\/strong><\/td>\n<td>400<\/td>\n<td>&#8212;<\/td>\n<\/tr>\n<\/tbody>\n<\/table>\n<p style=\"font-size: 0.9em; margin-top: 10px; text-align: justify;\">N\u00e3o cont\u00e9m quantidades significativas de carboidratos, prote\u00ednas, gorduras totais, gorduras saturadas, gorduras trans, fibra alimentar e s\u00f3dio.<\/p>\n<p>(*) % Valores Di\u00e1rios de refer\u00eancia com base em uma dieta de 2000 kcal ou 8400 kJ.<br \/>\nSeus valores di\u00e1rios podem ser maiores ou menores dependendo de suas necessidades energ\u00e9ticas.<br \/>\n\u2014 Valor Di\u00e1rio n\u00e3o estabelecido.<\/p>\n<\/div>\n<\/section>\n","protected":false},"excerpt":{"rendered":"<h4 data-start=\"319\" data-end=\"394\"><strong data-start=\"325\" data-end=\"394\">Energia, Concentra\u00e7\u00e3o e Queima de Gordura<\/strong><\/h4>\n<p data-start=\"396\" data-end=\"708\">O <strong data-start=\"398\" data-end=\"436\">Caffeine Foccus 400mg da Euronutry<\/strong> \u00e9 aquele empurr\u00e3o que faltava pra turbinar seu treino e manter o foco no m\u00e1ximo.<br data-start=\"517\" data-end=\"520\" \/>Com <strong data-start=\"524\" data-end=\"578\">alta concentra\u00e7\u00e3o de cafe\u00edna pura (400mg por dose)<\/strong>, ele atua como um <strong data-start=\"597\" data-end=\"620\">termog\u00eanico natural<\/strong>, acelerando o metabolismo, aumentando a disposi\u00e7\u00e3o e auxiliando na queima de gordura.<\/p>\n<p data-start=\"710\" data-end=\"818\">Mais energia, mais foco e menos cansa\u00e7o \u2014 o combo perfeito pra quem quer render mais e evoluir no treino \ud83d\udcaa.<\/p>\n","protected":false},"featured_media":6149,"comment_status":"open","ping_status":"closed","template":"","meta":[],"product_brand":[],"product_cat":[85],"product_tag":[89,90],"class_list":{"0":"post-5926","1":"product","2":"type-product","3":"status-publish","4":"has-post-thumbnail","6":"product_cat-termogenico","7":"product_tag-emagrecedores","8":"product_tag-energia","10":"first","11":"instock","12":"taxable","13":"shipping-taxable","14":"purchasable","15":"product-type-simple"},"_links":{"self":[{"href":"https:\/\/euronutry.com.br\/loja\/wp-json\/wp\/v2\/product\/5926","targetHints":{"allow":["GET"]}}],"collection":[{"href":"https:\/\/euronutry.com.br\/loja\/wp-json\/wp\/v2\/product"}],"about":[{"href":"https:\/\/euronutry.com.br\/loja\/wp-json\/wp\/v2\/types\/product"}],"replies":[{"embeddable":true,"href":"https:\/\/euronutry.com.br\/loja\/wp-json\/wp\/v2\/comments?post=5926"}],"wp:featuredmedia":[{"embeddable":true,"href":"https:\/\/euronutry.com.br\/loja\/wp-json\/wp\/v2\/media\/6149"}],"wp:attachment":[{"href":"https:\/\/euronutry.com.br\/loja\/wp-json\/wp\/v2\/media?parent=5926"}],"wp:term":[{"taxonomy":"product_brand","embeddable":true,"href":"https:\/\/euronutry.com.br\/loja\/wp-json\/wp\/v2\/product_brand?post=5926"},{"taxonomy":"product_cat","embeddable":true,"href":"https:\/\/euronutry.com.br\/loja\/wp-json\/wp\/v2\/product_cat?post=5926"},{"taxonomy":"product_tag","embeddable":true,"href":"https:\/\/euronutry.com.br\/loja\/wp-json\/wp\/v2\/product_tag?post=5926"}],"curies":[{"name":"wp","href":"https:\/\/api.w.org\/{rel}","templated":true}]}}