{"id":5928,"date":"2025-10-29T03:53:48","date_gmt":"2025-10-29T06:53:48","guid":{"rendered":"https:\/\/euronutry.com.br\/loja\/produto\/chromium-picolinato-250mg-60-caps\/"},"modified":"2026-03-06T13:27:46","modified_gmt":"2026-03-06T16:27:46","slug":"chromium-picolinato-250mg-60-caps","status":"publish","type":"product","link":"https:\/\/euronutry.com.br\/loja\/produto\/chromium-picolinato-250mg-60-caps\/","title":{"rendered":"CHROMIUM PICOLINATO 250Mg 60 C\u00c1PS"},"content":{"rendered":"<h3 data-start=\"1003\" data-end=\"1035\">\ud83d\udca5 <strong data-start=\"1010\" data-end=\"1035\">Principais benef\u00edcios<\/strong><\/h3>\n<ul data-start=\"1036\" data-end=\"1383\">\n<li data-start=\"1036\" data-end=\"1092\">\n<p data-start=\"1038\" data-end=\"1092\">Melhora a a\u00e7\u00e3o da insulina e o controle da glicemia.<\/p>\n<\/li>\n<li data-start=\"1093\" data-end=\"1143\">\n<p data-start=\"1095\" data-end=\"1143\">Reduz a vontade de comer doces e carboidratos.<\/p>\n<\/li>\n<li data-start=\"1144\" data-end=\"1193\">\n<p data-start=\"1146\" data-end=\"1193\">Aumenta a energia e a disposi\u00e7\u00e3o nos treinos.<\/p>\n<\/li>\n<li data-start=\"1194\" data-end=\"1257\">\n<p data-start=\"1196\" data-end=\"1257\">Contribui para o ganho de massa magra e defini\u00e7\u00e3o muscular.<\/p>\n<\/li>\n<li data-start=\"1258\" data-end=\"1335\">\n<p data-start=\"1260\" data-end=\"1335\">Ajuda a diminuir o colesterol ruim (LDL) e os n\u00edveis de gordura corporal.<\/p>\n<\/li>\n<li data-start=\"1336\" data-end=\"1383\">\n<p data-start=\"1338\" data-end=\"1383\">Alivia sintomas de fadiga e irritabilidade.<\/p>\n<\/li>\n<\/ul>\n<hr data-start=\"1385\" data-end=\"1388\" \/>\n<h3 data-start=\"1390\" data-end=\"1416\">\ud83d\udd52 <strong data-start=\"1397\" data-end=\"1416\">Sugest\u00e3o de uso<\/strong><\/h3>\n<p data-start=\"1417\" data-end=\"1484\">Consumir <strong data-start=\"1426\" data-end=\"1446\">1 c\u00e1psula ao dia<\/strong>, ou conforme orienta\u00e7\u00e3o profissional.<\/p>\n<hr data-start=\"1486\" data-end=\"1489\" \/>\n<h3 data-start=\"1491\" data-end=\"1514\">\ud83d\udd2c <strong data-start=\"1498\" data-end=\"1514\">Ingredientes<\/strong><\/h3>\n<p data-start=\"1515\" data-end=\"1635\">Amido, picolinato de cromo, antiumectante di\u00f3xido de sil\u00edcio.<br data-start=\"1576\" data-end=\"1579\" \/><strong data-start=\"1579\" data-end=\"1605\">Composi\u00e7\u00e3o da c\u00e1psula:<\/strong> gelatina e \u00e1gua purificada.<\/p>\n<p data-start=\"1637\" data-end=\"1695\">\u27a1\ufe0f <strong data-start=\"1640\" data-end=\"1695\">Pode conter derivados de leite, trigo, soja e ovos.<\/strong><\/p>\n<hr data-start=\"1697\" data-end=\"1700\" \/>\n<h3 data-start=\"1702\" data-end=\"1720\">\u26a0\ufe0f <strong data-start=\"1709\" data-end=\"1720\">Aten\u00e7\u00e3o<\/strong><\/h3>\n<ul data-start=\"1721\" data-end=\"2063\">\n<li data-start=\"1721\" data-end=\"1762\">\n<p data-start=\"1723\" data-end=\"1762\">Mantenha fora do alcance de crian\u00e7as.<\/p>\n<\/li>\n<li data-start=\"1763\" data-end=\"1805\">\n<p data-start=\"1765\" data-end=\"1805\">Este produto <strong data-start=\"1778\" data-end=\"1803\">n\u00e3o \u00e9 um medicamento.<\/strong><\/p>\n<\/li>\n<li data-start=\"1806\" data-end=\"1870\">\n<p data-start=\"1808\" data-end=\"1870\"><strong data-start=\"1808\" data-end=\"1845\">N\u00e3o exceder a recomenda\u00e7\u00e3o di\u00e1ria<\/strong> indicada na embalagem.<\/p>\n<\/li>\n<li data-start=\"1871\" data-end=\"1919\">\n<p data-start=\"1873\" data-end=\"1919\">Conservar ao abrigo da luz, calor e umidade.<\/p>\n<\/li>\n<li data-start=\"1920\" data-end=\"1965\">\n<p data-start=\"1922\" data-end=\"1965\">Ap\u00f3s aberto, <strong data-start=\"1935\" data-end=\"1963\">consumir em at\u00e9 60 dias.<\/strong><\/p>\n<\/li>\n<li data-start=\"1966\" data-end=\"2007\">\n<p data-start=\"1968\" data-end=\"2007\">Indicado para <strong data-start=\"1982\" data-end=\"2005\">maiores de 19 anos.<\/strong><\/p>\n<\/li>\n<li data-start=\"2008\" data-end=\"2063\">\n<p data-start=\"2010\" data-end=\"2063\">Dispensa registro conforme <strong data-start=\"2037\" data-end=\"2063\">RDC 240\/2018 (ANVISA).<\/strong><\/p>\n<\/li>\n<\/ul>\n<p><!-- Informa\u00e7\u00e3o Nutricional - Cromo --><\/p>\n<section class=\"informacao-nutricional\" style=\"display: flex; justify-content: center; width: 100%; font-family: 'Hanken Grotesk',sans-serif; margin: 40px 0; text-align: center;\">\n<div style=\"max-width: 650px; width: 90%; color: #000;\">\n<h2 style=\"margin-bottom: 10px;\">INFORMA\u00c7\u00c3O NUTRICIONAL<\/h2>\n<p style=\"margin: 0 0 10px 0;\"><strong>Por\u00e7\u00e3o de 550 mg (1 c\u00e1psula)<\/strong><\/p>\n<table style=\"width: 100%; border-collapse: collapse; text-align: left; color: #000;\" border=\"1\" cellspacing=\"0\" cellpadding=\"6\">\n<thead>\n<tr style=\"background-color: #f9f9f9;\">\n<th><\/th>\n<th>Quantidade por por\u00e7\u00e3o<\/th>\n<th>%VD*<\/th>\n<\/tr>\n<\/thead>\n<tbody>\n<tr>\n<td><strong>Cromo<\/strong><\/td>\n<td>250 mcg<\/td>\n<td>714<\/td>\n<\/tr>\n<\/tbody>\n<\/table>\n<p style=\"font-size: 0.9em; margin-top: 10px; text-align: justify;\">N\u00e3o cont\u00e9m quantidades significativas de carboidratos, prote\u00ednas, gorduras totais, gorduras saturadas, gorduras trans, fibra alimentar e s\u00f3dio.<\/p>\n<p style=\"font-size: 0.9em; margin-top: 10px; text-align: justify;\">(*) % Valores Di\u00e1rios de refer\u00eancia com base em uma dieta de 2000 kcal ou 8400 kJ.<br \/>\nSeus valores di\u00e1rios podem ser maiores ou menores dependendo de suas necessidades energ\u00e9ticas.<br \/>\n&#8212; Valor Di\u00e1rio n\u00e3o estabelecido.<\/p>\n<\/div>\n<\/section>\n","protected":false},"excerpt":{"rendered":"<h4 data-start=\"329\" data-end=\"399\"><strong data-start=\"335\" data-end=\"399\">Metabolismo, Energia e Defini\u00e7\u00e3o<\/strong><\/h4>\n<p data-start=\"401\" data-end=\"579\">O <strong data-start=\"403\" data-end=\"436\">Chromium Picolinate Euronutry<\/strong> \u00e9 o aliado ideal pra quem busca <strong data-start=\"469\" data-end=\"576\">melhorar a sensibilidade \u00e0 insulina, otimizar o metabolismo e dar aquele upgrade na composi\u00e7\u00e3o corporal<\/strong>.<\/p>\n<p data-start=\"581\" data-end=\"863\">O cromo atua diretamente no metabolismo de <strong data-start=\"624\" data-end=\"664\">carboidratos, gorduras e amino\u00e1cidos<\/strong>, ajudando o corpo a utilizar melhor a energia dos alimentos.<br data-start=\"725\" data-end=\"728\" \/>Al\u00e9m disso, auxilia na <strong data-start=\"751\" data-end=\"776\">regula\u00e7\u00e3o da glicemia<\/strong>, na <strong data-start=\"781\" data-end=\"813\">redu\u00e7\u00e3o do apetite por doces<\/strong> e na melhora do <strong data-start=\"830\" data-end=\"860\">desempenho f\u00edsico e mental<\/strong>.<\/p>\n<p data-start=\"865\" data-end=\"996\">Com <strong data-start=\"869\" data-end=\"892\">250 mcg por c\u00e1psula<\/strong>, o CP Euronutry tem <strong data-start=\"913\" data-end=\"949\">alta pureza e biodisponibilidade<\/strong>, garantindo resultados r\u00e1pidos e eficientes.<\/p>\n","protected":false},"featured_media":6157,"comment_status":"open","ping_status":"closed","template":"","meta":[],"product_brand":[],"product_cat":[83],"product_tag":[91],"class_list":{"0":"post-5928","1":"product","2":"type-product","3":"status-publish","4":"has-post-thumbnail","6":"product_cat-aminoacidos","7":"product_tag-saude","9":"first","10":"instock","11":"taxable","12":"shipping-taxable","13":"purchasable","14":"product-type-simple"},"_links":{"self":[{"href":"https:\/\/euronutry.com.br\/loja\/wp-json\/wp\/v2\/product\/5928","targetHints":{"allow":["GET"]}}],"collection":[{"href":"https:\/\/euronutry.com.br\/loja\/wp-json\/wp\/v2\/product"}],"about":[{"href":"https:\/\/euronutry.com.br\/loja\/wp-json\/wp\/v2\/types\/product"}],"replies":[{"embeddable":true,"href":"https:\/\/euronutry.com.br\/loja\/wp-json\/wp\/v2\/comments?post=5928"}],"wp:featuredmedia":[{"embeddable":true,"href":"https:\/\/euronutry.com.br\/loja\/wp-json\/wp\/v2\/media\/6157"}],"wp:attachment":[{"href":"https:\/\/euronutry.com.br\/loja\/wp-json\/wp\/v2\/media?parent=5928"}],"wp:term":[{"taxonomy":"product_brand","embeddable":true,"href":"https:\/\/euronutry.com.br\/loja\/wp-json\/wp\/v2\/product_brand?post=5928"},{"taxonomy":"product_cat","embeddable":true,"href":"https:\/\/euronutry.com.br\/loja\/wp-json\/wp\/v2\/product_cat?post=5928"},{"taxonomy":"product_tag","embeddable":true,"href":"https:\/\/euronutry.com.br\/loja\/wp-json\/wp\/v2\/product_tag?post=5928"}],"curies":[{"name":"wp","href":"https:\/\/api.w.org\/{rel}","templated":true}]}}