{"id":5929,"date":"2025-10-29T03:53:48","date_gmt":"2025-10-29T06:53:48","guid":{"rendered":"https:\/\/euronutry.com.br\/loja\/produto\/creatina-maximum-power-120-caps\/"},"modified":"2026-02-26T01:14:45","modified_gmt":"2026-02-26T04:14:45","slug":"creatina-maximum-power-120-caps","status":"publish","type":"product","link":"https:\/\/euronutry.com.br\/loja\/produto\/creatina-maximum-power-120-caps\/","title":{"rendered":"CREATINA MAXIMUM POWER 120 C\u00c1PS"},"content":{"rendered":"<h3 data-start=\"972\" data-end=\"1004\">\ud83d\udca5 <strong data-start=\"979\" data-end=\"1004\">Principais benef\u00edcios<\/strong><\/h3>\n<ul data-start=\"1005\" data-end=\"1291\">\n<li data-start=\"1005\" data-end=\"1050\">\n<p data-start=\"1007\" data-end=\"1050\">Aumenta a for\u00e7a e a resist\u00eancia muscular.<\/p>\n<\/li>\n<li data-start=\"1051\" data-end=\"1097\">\n<p data-start=\"1053\" data-end=\"1097\">Melhora a performance em treinos intensos.<\/p>\n<\/li>\n<li data-start=\"1098\" data-end=\"1147\">\n<p data-start=\"1100\" data-end=\"1147\">Acelera a recupera\u00e7\u00e3o entre s\u00e9ries e treinos.<\/p>\n<\/li>\n<li data-start=\"1148\" data-end=\"1199\">\n<p data-start=\"1150\" data-end=\"1199\">Estimula o crescimento e a hidrata\u00e7\u00e3o muscular.<\/p>\n<\/li>\n<li data-start=\"1200\" data-end=\"1243\">\n<p data-start=\"1202\" data-end=\"1243\">Combate a fadiga e reduz o catabolismo.<\/p>\n<\/li>\n<li data-start=\"1244\" data-end=\"1291\">\n<p data-start=\"1246\" data-end=\"1291\">Melhora a fun\u00e7\u00e3o cognitiva e o foco mental.<\/p>\n<\/li>\n<\/ul>\n<p data-start=\"1293\" data-end=\"1464\">A Euronutry utiliza <strong data-start=\"1313\" data-end=\"1364\">tecnologia de ponta e insumos com pureza m\u00e1xima<\/strong>, seguindo padr\u00f5es europeus e cultura de excel\u00eancia \u2014 performance de alto n\u00edvel com custo acess\u00edvel.<\/p>\n<hr data-start=\"1466\" data-end=\"1469\" \/>\n<h3 data-start=\"1471\" data-end=\"1497\">\ud83d\udd52 <strong data-start=\"1478\" data-end=\"1497\">Sugest\u00e3o de uso<\/strong><\/h3>\n<p data-start=\"1498\" data-end=\"1593\">Consumir <strong data-start=\"1507\" data-end=\"1528\">4 c\u00e1psulas ao dia<\/strong>, 30 minutos antes do treino ou conforme orienta\u00e7\u00e3o profissional.<\/p>\n<hr data-start=\"1595\" data-end=\"1598\" \/>\n<h3 data-start=\"1600\" data-end=\"1623\">\ud83d\udd2c <strong data-start=\"1607\" data-end=\"1623\">Ingredientes<\/strong><\/h3>\n<p data-start=\"1624\" data-end=\"1706\">Creatina monohidratada.<br data-start=\"1647\" data-end=\"1650\" \/><strong data-start=\"1650\" data-end=\"1676\">Composi\u00e7\u00e3o da c\u00e1psula:<\/strong> gelatina e \u00e1gua purificada.<\/p>\n<p data-start=\"1708\" data-end=\"1766\">\u27a1\ufe0f <strong data-start=\"1711\" data-end=\"1766\">Pode conter derivados de leite, trigo, soja e ovos.<\/strong><\/p>\n<hr data-start=\"1768\" data-end=\"1771\" \/>\n<h3 data-start=\"1773\" data-end=\"1791\">\u26a0\ufe0f <strong data-start=\"1780\" data-end=\"1791\">Aten\u00e7\u00e3o<\/strong><\/h3>\n<ul data-start=\"1792\" data-end=\"2202\">\n<li data-start=\"1792\" data-end=\"1833\">\n<p data-start=\"1794\" data-end=\"1833\">Mantenha fora do alcance de crian\u00e7as.<\/p>\n<\/li>\n<li data-start=\"1834\" data-end=\"1876\">\n<p data-start=\"1836\" data-end=\"1876\">Este produto <strong data-start=\"1849\" data-end=\"1874\">n\u00e3o \u00e9 um medicamento.<\/strong><\/p>\n<\/li>\n<li data-start=\"1877\" data-end=\"1941\">\n<p data-start=\"1879\" data-end=\"1941\"><strong data-start=\"1879\" data-end=\"1916\">N\u00e3o exceder a recomenda\u00e7\u00e3o di\u00e1ria<\/strong> indicada na embalagem.<\/p>\n<\/li>\n<li data-start=\"1942\" data-end=\"1990\">\n<p data-start=\"1944\" data-end=\"1990\">Conservar ao abrigo da luz, calor e umidade.<\/p>\n<\/li>\n<li data-start=\"1991\" data-end=\"2036\">\n<p data-start=\"1993\" data-end=\"2036\">Ap\u00f3s aberto, <strong data-start=\"2006\" data-end=\"2034\">consumir em at\u00e9 60 dias.<\/strong><\/p>\n<\/li>\n<li data-start=\"2037\" data-end=\"2104\">\n<p data-start=\"2039\" data-end=\"2104\"><strong data-start=\"2039\" data-end=\"2102\">N\u00e3o deve ser consumido por gestantes, lactantes e crian\u00e7as.<\/strong><\/p>\n<\/li>\n<li data-start=\"2105\" data-end=\"2146\">\n<p data-start=\"2107\" data-end=\"2146\">Indicado para <strong data-start=\"2121\" data-end=\"2144\">maiores de 19 anos.<\/strong><\/p>\n<\/li>\n<li data-start=\"2147\" data-end=\"2202\">\n<p data-start=\"2149\" data-end=\"2202\">Dispensa registro conforme <strong data-start=\"2176\" data-end=\"2202\">RDC 240\/2018 (ANVISA).<\/strong><\/p>\n<\/li>\n<\/ul>\n<p><!-- Informa\u00e7\u00e3o Nutricional - Creatina em c\u00e1psulas --><\/p>\n<section class=\"informacao-nutricional\" style=\"display: flex; justify-content: center; width: 100%; font-family: 'Hanken Grotesk',sans-serif; margin: 40px 0; text-align: center;\">\n<div style=\"max-width: 650px; width: 90%; color: #000;\">\n<h2 style=\"margin-bottom: 10px;\">INFORMA\u00c7\u00c3O NUTRICIONAL<\/h2>\n<p style=\"margin: 0 0 10px 0;\"><strong>Por\u00e7\u00e3o de 3.480 mg (4 c\u00e1psulas)<\/strong><\/p>\n<table style=\"width: 100%; border-collapse: collapse; text-align: left; color: #000;\" border=\"1\" cellspacing=\"0\" cellpadding=\"6\">\n<thead>\n<tr style=\"background-color: #f9f9f9;\">\n<th><\/th>\n<th>Quantidade por por\u00e7\u00e3o<\/th>\n<th>%VD*<\/th>\n<\/tr>\n<\/thead>\n<tbody>\n<tr>\n<td><strong>Creatina<\/strong><\/td>\n<td>3000 mg<\/td>\n<td>&#8212;<\/td>\n<\/tr>\n<\/tbody>\n<\/table>\n<p style=\"font-size: 0.9em; margin-top: 10px; text-align: justify;\">N\u00e3o cont\u00e9m quantidades significativas de valor energ\u00e9tico, carboidratos, prote\u00ednas, gorduras totais, gorduras saturadas, gorduras trans, fibra alimentar e s\u00f3dio.<\/p>\n<p style=\"font-size: 0.9em; margin-top: 10px; text-align: justify;\">(*) % Valores Di\u00e1rios de refer\u00eancia com base em uma dieta de 2000 kcal ou 8400 kJ.<br \/>\nSeus valores di\u00e1rios podem ser maiores ou menores dependendo de suas necessidades energ\u00e9ticas.<br \/>\n&#8212; Valor Di\u00e1rio n\u00e3o estabelecido.<\/p>\n<\/div>\n<\/section>\n","protected":false},"excerpt":{"rendered":"<h4 data-start=\"309\" data-end=\"391\"><strong data-start=\"314\" data-end=\"391\">Energia e For\u00e7a em Alta Performance<\/strong><\/h4>\n<p data-start=\"393\" data-end=\"789\">A <strong data-start=\"395\" data-end=\"431\">Creatina Maximum Power Euronutry<\/strong> \u00e9 a aliada perfeita pra quem busca <strong data-start=\"467\" data-end=\"525\">explos\u00e3o de for\u00e7a, energia e ganho real de massa magra<\/strong>.<br data-start=\"526\" data-end=\"529\" \/>Um dos suplementos mais estudados do mundo, a creatina tem como principal fun\u00e7\u00e3o <strong data-start=\"610\" data-end=\"655\">regenerar o ATP (trifosfato de adenosina)<\/strong> \u2014 a principal fonte de energia das c\u00e9lulas musculares \u2014 proporcionando treinos mais intensos, for\u00e7a m\u00e1xima e recupera\u00e7\u00e3o acelerada.<\/p>\n<p data-start=\"791\" data-end=\"965\">Com a dose ideal de <strong data-start=\"811\" data-end=\"840\">3g de creatina por por\u00e7\u00e3o<\/strong>, esta vers\u00e3o em c\u00e1psulas oferece praticidade e resultados r\u00e1pidos, com mat\u00e9ria-prima de pureza garantida e laudos aprovados.<\/p>\n","protected":false},"featured_media":6156,"comment_status":"open","ping_status":"closed","template":"","meta":[],"product_brand":[],"product_cat":[83,84],"product_tag":[132,91],"class_list":{"0":"post-5929","1":"product","2":"type-product","3":"status-publish","4":"has-post-thumbnail","6":"product_cat-aminoacidos","7":"product_cat-creatina","8":"product_tag-creatina","9":"product_tag-saude","11":"first","12":"instock","13":"taxable","14":"shipping-taxable","15":"purchasable","16":"product-type-simple"},"_links":{"self":[{"href":"https:\/\/euronutry.com.br\/loja\/wp-json\/wp\/v2\/product\/5929","targetHints":{"allow":["GET"]}}],"collection":[{"href":"https:\/\/euronutry.com.br\/loja\/wp-json\/wp\/v2\/product"}],"about":[{"href":"https:\/\/euronutry.com.br\/loja\/wp-json\/wp\/v2\/types\/product"}],"replies":[{"embeddable":true,"href":"https:\/\/euronutry.com.br\/loja\/wp-json\/wp\/v2\/comments?post=5929"}],"wp:featuredmedia":[{"embeddable":true,"href":"https:\/\/euronutry.com.br\/loja\/wp-json\/wp\/v2\/media\/6156"}],"wp:attachment":[{"href":"https:\/\/euronutry.com.br\/loja\/wp-json\/wp\/v2\/media?parent=5929"}],"wp:term":[{"taxonomy":"product_brand","embeddable":true,"href":"https:\/\/euronutry.com.br\/loja\/wp-json\/wp\/v2\/product_brand?post=5929"},{"taxonomy":"product_cat","embeddable":true,"href":"https:\/\/euronutry.com.br\/loja\/wp-json\/wp\/v2\/product_cat?post=5929"},{"taxonomy":"product_tag","embeddable":true,"href":"https:\/\/euronutry.com.br\/loja\/wp-json\/wp\/v2\/product_tag?post=5929"}],"curies":[{"name":"wp","href":"https:\/\/api.w.org\/{rel}","templated":true}]}}