{"id":5939,"date":"2025-10-29T03:53:51","date_gmt":"2025-10-29T06:53:51","guid":{"rendered":"https:\/\/euronutry.com.br\/loja\/produto\/omega-3-90-caps\/"},"modified":"2025-11-07T16:19:50","modified_gmt":"2025-11-07T19:19:50","slug":"omega-3-90-caps","status":"publish","type":"product","link":"https:\/\/euronutry.com.br\/loja\/produto\/omega-3-90-caps\/","title":{"rendered":"\u00d4MEGA 3 90 C\u00c1PS"},"content":{"rendered":"<h3 data-start=\"859\" data-end=\"891\">\ud83d\udca5 <strong data-start=\"866\" data-end=\"891\">Principais benef\u00edcios<\/strong><\/h3>\n<ul data-start=\"892\" data-end=\"1322\">\n<li data-start=\"892\" data-end=\"979\">\n<p data-start=\"894\" data-end=\"979\">Melhora a <strong data-start=\"904\" data-end=\"928\">sa\u00fade cardiovascular<\/strong> e ajuda a controlar triglicer\u00eddeos e colesterol.<\/p>\n<\/li>\n<li data-start=\"980\" data-end=\"1036\">\n<p data-start=\"982\" data-end=\"1036\">Favorece a <strong data-start=\"993\" data-end=\"1034\">mem\u00f3ria, foco e desempenho cognitivo.<\/strong><\/p>\n<\/li>\n<li data-start=\"1037\" data-end=\"1110\">\n<p data-start=\"1039\" data-end=\"1110\">Atua como <strong data-start=\"1049\" data-end=\"1078\">anti-inflamat\u00f3rio natural<\/strong>, reduzindo dores articulares.<\/p>\n<\/li>\n<li data-start=\"1111\" data-end=\"1176\">\n<p data-start=\"1113\" data-end=\"1176\">Contribui para a <strong data-start=\"1130\" data-end=\"1174\">sa\u00fade muscular e recupera\u00e7\u00e3o p\u00f3s-treino.<\/strong><\/p>\n<\/li>\n<li data-start=\"1177\" data-end=\"1239\">\n<p data-start=\"1179\" data-end=\"1239\">Apoia o <strong data-start=\"1187\" data-end=\"1210\">sistema imunol\u00f3gico<\/strong> e o equil\u00edbrio metab\u00f3lico.<\/p>\n<\/li>\n<li data-start=\"1240\" data-end=\"1322\">\n<p data-start=\"1242\" data-end=\"1322\">Produzido com <strong data-start=\"1256\" data-end=\"1322\">\u00f3leo de peixe de alta pureza e controle de qualidade rigoroso.<\/strong><\/p>\n<\/li>\n<\/ul>\n<hr data-start=\"1324\" data-end=\"1327\" \/>\n<h3 data-start=\"1329\" data-end=\"1355\">\ud83d\udd52 <strong data-start=\"1336\" data-end=\"1355\">Sugest\u00e3o de uso<\/strong><\/h3>\n<p data-start=\"1356\" data-end=\"1420\">Ingerir <strong data-start=\"1364\" data-end=\"1385\">3 c\u00e1psulas ao dia<\/strong>, conforme orienta\u00e7\u00e3o profissional.<\/p>\n<hr data-start=\"1422\" data-end=\"1425\" \/>\n<h3 data-start=\"1427\" data-end=\"1450\">\ud83d\udd2c <strong data-start=\"1434\" data-end=\"1450\">Ingredientes<\/strong><\/h3>\n<p data-start=\"1451\" data-end=\"1545\">\u00d3leo de peixe.<br data-start=\"1465\" data-end=\"1468\" \/><strong data-start=\"1468\" data-end=\"1494\">Composi\u00e7\u00e3o da c\u00e1psula:<\/strong> gelatina, \u00e1gua purificada e umectante glicerina.<\/p>\n<p data-start=\"1547\" data-end=\"1591\">\u27a1\ufe0f <strong data-start=\"1550\" data-end=\"1564\">Al\u00e9rgicos:<\/strong> cont\u00e9m derivados de peixe.<\/p>\n<hr data-start=\"1593\" data-end=\"1596\" \/>\n<h3 data-start=\"1598\" data-end=\"1616\">\u26a0\ufe0f <strong data-start=\"1605\" data-end=\"1616\">Aten\u00e7\u00e3o<\/strong><\/h3>\n<ul data-start=\"1617\" data-end=\"1959\">\n<li data-start=\"1617\" data-end=\"1658\">\n<p data-start=\"1619\" data-end=\"1658\">Mantenha fora do alcance de crian\u00e7as.<\/p>\n<\/li>\n<li data-start=\"1659\" data-end=\"1701\">\n<p data-start=\"1661\" data-end=\"1701\">Este produto <strong data-start=\"1674\" data-end=\"1699\">n\u00e3o \u00e9 um medicamento.<\/strong><\/p>\n<\/li>\n<li data-start=\"1702\" data-end=\"1766\">\n<p data-start=\"1704\" data-end=\"1766\"><strong data-start=\"1704\" data-end=\"1741\">N\u00e3o exceder a recomenda\u00e7\u00e3o di\u00e1ria<\/strong> indicada na embalagem.<\/p>\n<\/li>\n<li data-start=\"1767\" data-end=\"1815\">\n<p data-start=\"1769\" data-end=\"1815\">Conservar ao abrigo da luz, calor e umidade.<\/p>\n<\/li>\n<li data-start=\"1816\" data-end=\"1861\">\n<p data-start=\"1818\" data-end=\"1861\">Ap\u00f3s aberto, <strong data-start=\"1831\" data-end=\"1859\">consumir em at\u00e9 60 dias.<\/strong><\/p>\n<\/li>\n<li data-start=\"1862\" data-end=\"1903\">\n<p data-start=\"1864\" data-end=\"1903\">Indicado para <strong data-start=\"1878\" data-end=\"1901\">maiores de 19 anos.<\/strong><\/p>\n<\/li>\n<li data-start=\"1904\" data-end=\"1959\">\n<p data-start=\"1906\" data-end=\"1959\">Dispensa registro conforme <strong data-start=\"1933\" data-end=\"1959\">RDC 240\/2018 (ANVISA).<\/strong><\/p>\n<\/li>\n<\/ul>\n<p><!-- Informa\u00e7\u00e3o Nutricional - \u00d4mega 3 --><\/p>\n<section class=\"informacao-nutricional\" style=\"display:flex;justify-content:center;width:100%;font-family:'Hanken Grotesk',sans-serif;margin:40px 0;text-align:center;\">\n<div style=\"max-width:650px;width:90%;color:#000;\">\n<h2 style=\"margin-bottom:10px;\">INFORMA\u00c7\u00c3O NUTRICIONAL<\/h2>\n<p style=\"margin:0 0 10px 0;\"><strong>Por\u00e7\u00e3o de 4,3 g (3 c\u00e1psulas)<\/strong><\/p>\n<table border=\"1\" cellspacing=\"0\" cellpadding=\"6\" style=\"width:100%;border-collapse:collapse;text-align:left;color:#000;\">\n<thead>\n<tr style=\"background-color:#f9f9f9;\">\n<th><\/th>\n<th>Quantidade por por\u00e7\u00e3o<\/th>\n<th>%VD*<\/th>\n<\/tr>\n<\/thead>\n<tbody>\n<tr>\n<td><strong>Valor energ\u00e9tico<\/strong><\/td>\n<td>27 kcal = 113 kJ<\/td>\n<td>1<\/td>\n<\/tr>\n<tr>\n<td><strong>Gorduras totais<\/strong><\/td>\n<td>3 g<\/td>\n<td>5<\/td>\n<\/tr>\n<tr>\n<td><strong>Gorduras saturadas<\/strong><\/td>\n<td>0,8 g<\/td>\n<td>4<\/td>\n<\/tr>\n<tr>\n<td><strong>Gorduras trans<\/strong><\/td>\n<td>0,0 g<\/td>\n<td>**<\/td>\n<\/tr>\n<tr>\n<td><strong>Gorduras monoinsaturadas<\/strong><\/td>\n<td>0,7 g<\/td>\n<td>**<\/td>\n<\/tr>\n<tr>\n<td><strong>Gorduras poli-insaturadas<\/strong><\/td>\n<td>1,5 g<\/td>\n<td>**<\/td>\n<\/tr>\n<tr>\n<td style=\"padding-left:25px;\">\u00c1cido eicosapentaenoico (EPA)<\/td>\n<td>540 mg<\/td>\n<td>**<\/td>\n<\/tr>\n<tr>\n<td style=\"padding-left:25px;\">\u00c1cido docosahexaenoico (DHA)<\/td>\n<td>360 mg<\/td>\n<td>**<\/td>\n<\/tr>\n<tr>\n<td><strong>Colesterol<\/strong><\/td>\n<td>20 mg<\/td>\n<td>**<\/td>\n<\/tr>\n<\/tbody>\n<\/table>\n<p style=\"font-size:0.9em;margin-top:10px;text-align:justify;\">\n      N\u00e3o cont\u00e9m quantidades significativas de carboidratos, prote\u00ednas, fibra alimentar e s\u00f3dio.\n    <\/p>\n<p style=\"font-size:0.9em;margin-top:10px;text-align:justify;\">\n      (*) % Valores Di\u00e1rios de refer\u00eancia com base em uma dieta de 2000 kcal ou 8400 kJ.<br \/>\n      Seus valores di\u00e1rios podem ser maiores ou menores dependendo de suas necessidades energ\u00e9ticas.<br \/>\n      (**) Valor di\u00e1rio n\u00e3o especificado.\n    <\/p>\n<\/p><\/div>\n<\/section>\n","protected":false},"excerpt":{"rendered":"<h4 data-start=\"327\" data-end=\"389\"><strong data-start=\"333\" data-end=\"389\">Sa\u00fade do Cora\u00e7\u00e3o e Mente Ativa<\/strong><\/h4>\n<p data-start=\"391\" data-end=\"713\">O <strong data-start=\"393\" data-end=\"414\">\u00d4mega 3 Euronutry<\/strong> \u00e9 um suplemento de alta pureza, extra\u00eddo de \u00f3leos de peixes de \u00e1guas frias e profundas.<br data-start=\"502\" data-end=\"505\" \/>Rico em \u00e1cidos graxos essenciais <strong data-start=\"538\" data-end=\"551\">EPA e DHA<\/strong>, \u00e9 conhecido por seus benef\u00edcios comprovados na <strong data-start=\"600\" data-end=\"651\">sa\u00fade do cora\u00e7\u00e3o, do c\u00e9rebro e das articula\u00e7\u00f5es<\/strong>, al\u00e9m de possuir um forte efeito anti-inflamat\u00f3rio natural.<\/p>\n<p data-start=\"715\" data-end=\"852\">\u00c9 o suplemento ideal para quem busca <strong data-start=\"752\" data-end=\"790\">mais vitalidade, foco e equil\u00edbrio<\/strong> no dia a dia, com a qualidade e confian\u00e7a da linha Euronutry.<\/p>\n","protected":false},"featured_media":6171,"comment_status":"open","ping_status":"closed","template":"","meta":[],"product_brand":[],"product_cat":[83],"product_tag":[],"class_list":{"0":"post-5939","1":"product","2":"type-product","3":"status-publish","4":"has-post-thumbnail","6":"product_cat-aminoacidos","8":"first","9":"instock","10":"taxable","11":"shipping-taxable","12":"purchasable","13":"product-type-simple"},"_links":{"self":[{"href":"https:\/\/euronutry.com.br\/loja\/wp-json\/wp\/v2\/product\/5939","targetHints":{"allow":["GET"]}}],"collection":[{"href":"https:\/\/euronutry.com.br\/loja\/wp-json\/wp\/v2\/product"}],"about":[{"href":"https:\/\/euronutry.com.br\/loja\/wp-json\/wp\/v2\/types\/product"}],"replies":[{"embeddable":true,"href":"https:\/\/euronutry.com.br\/loja\/wp-json\/wp\/v2\/comments?post=5939"}],"wp:featuredmedia":[{"embeddable":true,"href":"https:\/\/euronutry.com.br\/loja\/wp-json\/wp\/v2\/media\/6171"}],"wp:attachment":[{"href":"https:\/\/euronutry.com.br\/loja\/wp-json\/wp\/v2\/media?parent=5939"}],"wp:term":[{"taxonomy":"product_brand","embeddable":true,"href":"https:\/\/euronutry.com.br\/loja\/wp-json\/wp\/v2\/product_brand?post=5939"},{"taxonomy":"product_cat","embeddable":true,"href":"https:\/\/euronutry.com.br\/loja\/wp-json\/wp\/v2\/product_cat?post=5939"},{"taxonomy":"product_tag","embeddable":true,"href":"https:\/\/euronutry.com.br\/loja\/wp-json\/wp\/v2\/product_tag?post=5939"}],"curies":[{"name":"wp","href":"https:\/\/api.w.org\/{rel}","templated":true}]}}