{"id":5945,"date":"2025-10-29T03:53:53","date_gmt":"2025-10-29T06:53:53","guid":{"rendered":"https:\/\/euronutry.com.br\/loja\/produto\/100-energy-whey-protein-900g-2\/"},"modified":"2026-03-06T11:07:26","modified_gmt":"2026-03-06T14:07:26","slug":"100-energy-whey-protein-900g-2","status":"publish","type":"product","link":"https:\/\/euronutry.com.br\/loja\/produto\/100-energy-whey-protein-900g-2\/","title":{"rendered":"100% ENERGY WHEY PROTEIN 900G"},"content":{"rendered":"<h3 data-start=\"665\" data-end=\"718\">\u26a1 <strong data-start=\"671\" data-end=\"718\">Por que escolher o 100% Energy Whey Protein<\/strong><\/h3>\n<ul data-start=\"719\" data-end=\"1146\">\n<li data-start=\"719\" data-end=\"814\">\n<p data-start=\"721\" data-end=\"814\"><strong data-start=\"721\" data-end=\"776\">Ganho real de massa magra e fortalecimento muscular<\/strong> \u2014 gra\u00e7as ao poder do Whey e do HMB.<\/p>\n<\/li>\n<li data-start=\"815\" data-end=\"932\">\n<p data-start=\"817\" data-end=\"932\"><strong data-start=\"817\" data-end=\"846\">Mais energia e desempenho<\/strong> \u2014 a creatina e os amino\u00e1cidos precursores de creatina garantem aquele up no treino.<\/p>\n<\/li>\n<li data-start=\"933\" data-end=\"1065\">\n<p data-start=\"935\" data-end=\"1065\"><strong data-start=\"935\" data-end=\"977\">Melhor absor\u00e7\u00e3o e aporte de nutrientes<\/strong> \u2014 com arginina, que ajuda na vasodilata\u00e7\u00e3o e melhora o fluxo de sangue pros m\u00fasculos.<\/p>\n<\/li>\n<li data-start=\"1066\" data-end=\"1146\">\n<p data-start=\"1068\" data-end=\"1146\"><strong data-start=\"1068\" data-end=\"1104\">Prote\u00edna de alto valor biol\u00f3gico<\/strong>, f\u00e1cil de digerir e com sabor incr\u00edvel.<\/p>\n<\/li>\n<\/ul>\n<p data-start=\"1148\" data-end=\"1390\">Tudo isso com <strong data-start=\"1162\" data-end=\"1182\">laudos aprovados<\/strong> e produ\u00e7\u00e3o em laborat\u00f3rio de \u00faltima gera\u00e7\u00e3o, seguindo padr\u00f5es de qualidade internacionais.<br data-start=\"1273\" data-end=\"1276\" \/>A Euronutry une tecnologia, transpar\u00eancia e pre\u00e7o justo pra voc\u00ea alcan\u00e7ar o shape dos sonhos sem pesar no bolso.<\/p>\n<hr data-start=\"1392\" data-end=\"1395\" \/>\n<h3 data-start=\"1397\" data-end=\"1417\">\ud83e\uddc3 <strong data-start=\"1404\" data-end=\"1417\">Como usar<\/strong><\/h3>\n<p data-start=\"1418\" data-end=\"1561\">Adicione <strong data-start=\"1427\" data-end=\"1446\">1 dosador (30g)<\/strong> em <strong data-start=\"1450\" data-end=\"1475\">150ml de \u00e1gua mineral<\/strong> e misture bem.<br data-start=\"1490\" data-end=\"1493\" \/>Tome <strong data-start=\"1498\" data-end=\"1514\">1 vez ao dia<\/strong> ou conforme orienta\u00e7\u00e3o do seu nutricionista.<\/p>\n<hr data-start=\"1563\" data-end=\"1566\" \/>\n<h3 data-start=\"1568\" data-end=\"1591\">\ud83d\udd2c <strong data-start=\"1575\" data-end=\"1591\">Ingredientes<\/strong><\/h3>\n<p data-start=\"1592\" data-end=\"1851\">Prote\u00edna concentrada do soro do leite (WPC), creatina monohidratada, AminoXpr\u00f3 (glicina, L-metionina, L-arginina), HMB (hidroximetilbutirato), aromatizante, estabilizante goma xantana e edulcorante sucralose.<br data-start=\"1800\" data-end=\"1803\" \/>\u27a1\ufe0f <strong data-start=\"1806\" data-end=\"1827\">N\u00e3o cont\u00e9m gl\u00faten<\/strong><br data-start=\"1827\" data-end=\"1830\" \/>\u27a1\ufe0f <strong data-start=\"1833\" data-end=\"1851\">Cont\u00e9m lactose<\/strong><\/p>\n<hr data-start=\"1853\" data-end=\"1856\" \/>\n<h3 data-start=\"1858\" data-end=\"1887\">\u26a0\ufe0f <strong data-start=\"1865\" data-end=\"1887\">Aten\u00e7\u00e3o, al\u00e9rgicos<\/strong><\/h3>\n<p data-start=\"1888\" data-end=\"1956\">Cont\u00e9m <strong data-start=\"1895\" data-end=\"1917\">derivados de leite<\/strong> e <strong data-start=\"1920\" data-end=\"1953\">pode conter derivados de ovos<\/strong>.<\/p>\n<hr data-start=\"1958\" data-end=\"1961\" \/>\n<h3 data-start=\"1963\" data-end=\"1997\">\ud83d\udc4a <strong data-start=\"1970\" data-end=\"1997\">Informa\u00e7\u00f5es importantes<\/strong><\/h3>\n<ul data-start=\"1998\" data-end=\"2256\">\n<li data-start=\"1998\" data-end=\"2047\">\n<p data-start=\"2000\" data-end=\"2047\">Produto indicado para maiores de <strong data-start=\"2033\" data-end=\"2044\">19 anos<\/strong>.<\/p>\n<\/li>\n<li data-start=\"2048\" data-end=\"2090\">\n<p data-start=\"2050\" data-end=\"2090\">Este produto <strong data-start=\"2063\" data-end=\"2087\">n\u00e3o \u00e9 um medicamento<\/strong>.<\/p>\n<\/li>\n<li data-start=\"2091\" data-end=\"2143\">\n<p data-start=\"2093\" data-end=\"2143\"><strong data-start=\"2093\" data-end=\"2129\">N\u00e3o exceda a recomenda\u00e7\u00e3o di\u00e1ria<\/strong> de consumo.<\/p>\n<\/li>\n<li data-start=\"2144\" data-end=\"2185\">\n<p data-start=\"2146\" data-end=\"2185\">Mantenha fora do alcance de crian\u00e7as.<\/p>\n<\/li>\n<li data-start=\"2186\" data-end=\"2256\">\n<p data-start=\"2188\" data-end=\"2256\"><strong data-start=\"2188\" data-end=\"2213\">Gestantes e lactantes<\/strong> s\u00f3 devem consumir com orienta\u00e7\u00e3o m\u00e9dica.<\/p>\n<\/li>\n<\/ul>\n<p><!-- Informa\u00e7\u00e3o Nutricional --><\/p>\n<section class=\"informacao-nutricional\" style=\"display: flex; justify-content: center; text-align: center; width: 100%; font-family: 'Hanken Grotesk', sans-serif; margin: 40px 0;\">\n<div style=\"max-width: 650px; width: 90%;\">\n<h2 style=\"margin-bottom: 10px;\">INFORMA\u00c7\u00c3O NUTRICIONAL<\/h2>\n<p style=\"margin: 0 0 10px 0;\"><strong>Por\u00e7\u00f5es por embalagem:<\/strong> 30<br \/>\n<strong>Por\u00e7\u00e3o:<\/strong> 30 g (1 dosador)<\/p>\n<table style=\"width: 100%; border-collapse: collapse; text-align: left; margin: 0 auto;\" border=\"1\" cellspacing=\"0\" cellpadding=\"6\">\n<thead>\n<tr style=\"background-color: #f2f2f2;\">\n<th><\/th>\n<th>30 g<\/th>\n<th>%VD*<\/th>\n<\/tr>\n<\/thead>\n<tbody>\n<tr>\n<td><strong>Valor energ\u00e9tico (kcal)<\/strong><\/td>\n<td>114<\/td>\n<td>6<\/td>\n<\/tr>\n<tr>\n<td><strong>Carboidratos (g)<\/strong><\/td>\n<td>5,8<\/td>\n<td>2<\/td>\n<\/tr>\n<tr>\n<td>\u00a0\u00a0\u00a0A\u00e7\u00facares totais (g)<\/td>\n<td>4,9<\/td>\n<td>&#8212;<\/td>\n<\/tr>\n<tr>\n<td>\u00a0\u00a0\u00a0A\u00e7\u00facares adicionados (g)<\/td>\n<td>0<\/td>\n<td>0<\/td>\n<\/tr>\n<tr>\n<td><strong>Prote\u00ednas (g)<\/strong><\/td>\n<td>20<\/td>\n<td>40<\/td>\n<\/tr>\n<tr>\n<td><strong>Glicina (mg)<\/strong><\/td>\n<td>3511<\/td>\n<td>&#8212;<\/td>\n<\/tr>\n<tr>\n<td><strong>Isoleucina (mg)<\/strong><\/td>\n<td>872<\/td>\n<td>&#8212;<\/td>\n<\/tr>\n<tr>\n<td><strong>Alanina (mg)<\/strong><\/td>\n<td>708<\/td>\n<td>&#8212;<\/td>\n<\/tr>\n<tr>\n<td><strong>Triptofano (mg)<\/strong><\/td>\n<td>243<\/td>\n<td>&#8212;<\/td>\n<\/tr>\n<tr>\n<td><strong>Ciste\u00edna (mg)<\/strong><\/td>\n<td>345<\/td>\n<td>&#8212;<\/td>\n<\/tr>\n<tr>\n<td><strong>Valina (mg)<\/strong><\/td>\n<td>866<\/td>\n<td>&#8212;<\/td>\n<\/tr>\n<tr>\n<td><strong>Histidina (mg)<\/strong><\/td>\n<td>256<\/td>\n<td>&#8212;<\/td>\n<\/tr>\n<tr>\n<td><strong>Metionina (mg)<\/strong><\/td>\n<td>744<\/td>\n<td>&#8212;<\/td>\n<\/tr>\n<tr>\n<td><strong>\u00c1cido asp\u00e1rtico (mg)<\/strong><\/td>\n<td>1585<\/td>\n<td>&#8212;<\/td>\n<\/tr>\n<tr>\n<td><strong>Treonina (mg)<\/strong><\/td>\n<td>1046<\/td>\n<td>&#8212;<\/td>\n<\/tr>\n<tr>\n<td><strong>Glutamina (mg)<\/strong><\/td>\n<td>2568<\/td>\n<td>&#8212;<\/td>\n<\/tr>\n<tr>\n<td><strong>Fenilalanina (mg)<\/strong><\/td>\n<td>469<\/td>\n<td>&#8212;<\/td>\n<\/tr>\n<tr>\n<td><strong>Tirosina (mg)<\/strong><\/td>\n<td>420<\/td>\n<td>&#8212;<\/td>\n<\/tr>\n<tr>\n<td><strong>Leucina (mg)<\/strong><\/td>\n<td>1505<\/td>\n<td>&#8212;<\/td>\n<\/tr>\n<tr>\n<td><strong>Arginina (mg)<\/strong><\/td>\n<td>793<\/td>\n<td>&#8212;<\/td>\n<\/tr>\n<tr>\n<td><strong>Prolina (mg)<\/strong><\/td>\n<td>914<\/td>\n<td>&#8212;<\/td>\n<\/tr>\n<tr>\n<td><strong>Lisina (mg)<\/strong><\/td>\n<td>1310<\/td>\n<td>&#8212;<\/td>\n<\/tr>\n<tr>\n<td><strong>Serina (mg)<\/strong><\/td>\n<td>844<\/td>\n<td>&#8212;<\/td>\n<\/tr>\n<tr>\n<td><strong>Gorduras totais (g)<\/strong><\/td>\n<td>1,0<\/td>\n<td>2<\/td>\n<\/tr>\n<tr>\n<td>\u00a0\u00a0\u00a0Gorduras saturadas (g)<\/td>\n<td>0<\/td>\n<td>0<\/td>\n<\/tr>\n<tr>\n<td><strong>Gorduras trans (g)<\/strong><\/td>\n<td>0<\/td>\n<td>&#8212;<\/td>\n<\/tr>\n<tr>\n<td><strong>Fibras alimentares (g)<\/strong><\/td>\n<td>0<\/td>\n<td>0<\/td>\n<\/tr>\n<tr>\n<td><strong>S\u00f3dio (mg)<\/strong><\/td>\n<td>70<\/td>\n<td>4<\/td>\n<\/tr>\n<tr>\n<td><strong>Creatina (mg)<\/strong><\/td>\n<td>3000<\/td>\n<td>&#8212;<\/td>\n<\/tr>\n<tr>\n<td><strong>Hidroximetilbutirato-HMB (mg)<\/strong><\/td>\n<td>20<\/td>\n<td>&#8212;<\/td>\n<\/tr>\n<\/tbody>\n<\/table>\n<p style=\"font-size: 0.9em; margin-top: 10px; text-align: justify;\">*Percentual de valores di\u00e1rios fornecidos pela por\u00e7\u00e3o.<\/p>\n<p style=\"color: #d80000; font-weight: bold; margin-top: 20px;\">CONSERVAR AO ABRIGO DA LUZ, CALOR E UMIDADE.<br \/>\nAP\u00d3S ABERTO, CONSUMIR EM AT\u00c9 60 DIAS.<\/p>\n<\/div>\n<\/section>\n","protected":false},"excerpt":{"rendered":"<h4 data-start=\"322\" data-end=\"406\"><strong data-start=\"327\" data-end=\"406\">Energia, Recupera\u00e7\u00e3o e Crescimento Muscular<\/strong><\/h4>\n<p data-start=\"408\" data-end=\"767\">Se o seu treino pede intensidade, o <strong data-start=\"444\" data-end=\"482\">100% Energy Whey Protein Euronutry<\/strong> entrega tudo o que voc\u00ea precisa pra crescer, recuperar e manter o corpo em alta performance.<br data-start=\"575\" data-end=\"578\" \/>Com <strong data-start=\"582\" data-end=\"610\">20g de prote\u00edna por dose<\/strong>, <strong data-start=\"612\" data-end=\"624\">creatina<\/strong> e <strong data-start=\"627\" data-end=\"634\">HMB<\/strong>, ele foi formulado pra <strong data-start=\"658\" data-end=\"693\">acelerar o ganho de massa magra<\/strong>, <strong data-start=\"695\" data-end=\"721\">melhorar a recupera\u00e7\u00e3o<\/strong> e <strong data-start=\"724\" data-end=\"749\">garantir mais energia<\/strong> em cada treino.<\/p>\n<p data-start=\"769\" data-end=\"832\">Perfeito pra quem quer unir <strong data-start=\"797\" data-end=\"831\">for\u00e7a, foco e resultados reais<\/strong>.<\/p>\n","protected":false},"featured_media":6143,"comment_status":"open","ping_status":"closed","template":"","meta":[],"product_brand":[],"product_cat":[59],"product_tag":[88],"class_list":{"0":"post-5945","1":"product","2":"type-product","3":"status-publish","4":"has-post-thumbnail","6":"product_cat-whey-protein","7":"product_tag-massa-muscular","8":"pa_sabor-baunilha","9":"pa_sabor-chocolate","10":"pa_sabor-choconinho","11":"pa_sabor-doce-de-leite","12":"pa_sabor-morango","14":"first","15":"instock","16":"taxable","17":"shipping-taxable","18":"purchasable","19":"product-type-variable","20":"rtwpvg-product","21":"rtwpvs-product","22":"rtwpvs-selected-term-beside-label"},"_links":{"self":[{"href":"https:\/\/euronutry.com.br\/loja\/wp-json\/wp\/v2\/product\/5945","targetHints":{"allow":["GET"]}}],"collection":[{"href":"https:\/\/euronutry.com.br\/loja\/wp-json\/wp\/v2\/product"}],"about":[{"href":"https:\/\/euronutry.com.br\/loja\/wp-json\/wp\/v2\/types\/product"}],"replies":[{"embeddable":true,"href":"https:\/\/euronutry.com.br\/loja\/wp-json\/wp\/v2\/comments?post=5945"}],"wp:featuredmedia":[{"embeddable":true,"href":"https:\/\/euronutry.com.br\/loja\/wp-json\/wp\/v2\/media\/6143"}],"wp:attachment":[{"href":"https:\/\/euronutry.com.br\/loja\/wp-json\/wp\/v2\/media?parent=5945"}],"wp:term":[{"taxonomy":"product_brand","embeddable":true,"href":"https:\/\/euronutry.com.br\/loja\/wp-json\/wp\/v2\/product_brand?post=5945"},{"taxonomy":"product_cat","embeddable":true,"href":"https:\/\/euronutry.com.br\/loja\/wp-json\/wp\/v2\/product_cat?post=5945"},{"taxonomy":"product_tag","embeddable":true,"href":"https:\/\/euronutry.com.br\/loja\/wp-json\/wp\/v2\/product_tag?post=5945"}],"curies":[{"name":"wp","href":"https:\/\/api.w.org\/{rel}","templated":true}]}}