{"id":5951,"date":"2025-10-29T03:53:53","date_gmt":"2025-10-29T06:53:53","guid":{"rendered":"https:\/\/euronutry.com.br\/loja\/produto\/bcaa-611-muscle-repair-300g\/"},"modified":"2026-03-06T11:00:48","modified_gmt":"2026-03-06T14:00:48","slug":"bcaa-611-muscle-repair-300g","status":"publish","type":"product","link":"https:\/\/euronutry.com.br\/loja\/produto\/bcaa-611-muscle-repair-300g\/","title":{"rendered":"BCAA 6:1:1 MUSCLE REPAIR 300G"},"content":{"rendered":"<h3 data-start=\"807\" data-end=\"849\">\u26a1 <strong data-start=\"813\" data-end=\"849\">Por que o BCAA 6:1:1 \u00e9 diferente<\/strong><\/h3>\n<ul data-start=\"850\" data-end=\"1468\">\n<li data-start=\"850\" data-end=\"953\">\n<p data-start=\"852\" data-end=\"953\"><strong data-start=\"852\" data-end=\"893\">Alta concentra\u00e7\u00e3o de Leucina (6:1:1):<\/strong> estimula o crescimento muscular e evita a perda de massa.<\/p>\n<\/li>\n<li data-start=\"954\" data-end=\"1077\">\n<p data-start=\"956\" data-end=\"1077\"><strong data-start=\"956\" data-end=\"988\">Vitamina B6 (10mg por dose):<\/strong> ajuda o corpo a metabolizar prote\u00ednas e amino\u00e1cidos, potencializando o ganho muscular.<\/p>\n<\/li>\n<li data-start=\"1078\" data-end=\"1183\">\n<p data-start=\"1080\" data-end=\"1183\"><strong data-start=\"1080\" data-end=\"1097\">Isomaltulose:<\/strong> libera energia de forma constante, sem picos de glicose \u2014 ideal pra treinos longos.<\/p>\n<\/li>\n<li data-start=\"1184\" data-end=\"1267\">\n<p data-start=\"1186\" data-end=\"1267\"><strong data-start=\"1186\" data-end=\"1201\">Vitamina C:<\/strong> fortalece o sistema imunol\u00f3gico e combate o estresse oxidativo.<\/p>\n<\/li>\n<li data-start=\"1268\" data-end=\"1356\">\n<p data-start=\"1270\" data-end=\"1356\"><strong data-start=\"1270\" data-end=\"1305\">Eletr\u00f3litos (S\u00f3dio e Pot\u00e1ssio):<\/strong> auxiliam na hidrata\u00e7\u00e3o e no desempenho muscular.<\/p>\n<\/li>\n<li data-start=\"1357\" data-end=\"1468\">\n<p data-start=\"1359\" data-end=\"1468\"><strong data-start=\"1359\" data-end=\"1417\">F\u00f3rmula completa, sabor incr\u00edvel e dissolu\u00e7\u00e3o perfeita<\/strong> \u2014 tudo o que voc\u00ea precisa pra turbinar o treino.<\/p>\n<\/li>\n<\/ul>\n<p data-start=\"1470\" data-end=\"1626\">Com <strong data-start=\"1474\" data-end=\"1494\">laudos aprovados<\/strong> e produ\u00e7\u00e3o em laborat\u00f3rio certificado, o BCAA 6:1:1 segue padr\u00f5es de qualidade internacionais<button class=\"ms-1 flex h-[25px] text-[10px] leading-[13px] rounded-xl items-center justify-center gap-1 px-2 relative text-token-text-secondary! hover:text-token-text-primary! hover:bg-token-bg-secondary dark:bg-token-main-surface-secondary dark:hover:bg-token-bg-secondary bg-[#f4f4f4] \"><\/button><\/p>\n<p class=\"not-prose mt-0! mb-0! flex-auto truncate\">BCAA 6_1_1 Muscle repair 300g \u2013\u2026<\/p>\n<p data-start=\"1470\" data-end=\"1626\"><button class=\"ms-1 flex h-[25px] text-[10px] leading-[13px] rounded-xl items-center justify-center gap-1 px-2 relative text-token-text-secondary! hover:text-token-text-primary! hover:bg-token-bg-secondary dark:bg-token-main-surface-secondary dark:hover:bg-token-bg-secondary bg-[#f4f4f4] \"><\/button>.<\/p>\n<hr data-start=\"1628\" data-end=\"1631\" \/>\n<h3 data-start=\"1633\" data-end=\"1659\">\ud83d\udd52 <strong data-start=\"1640\" data-end=\"1659\">Sugest\u00e3o de uso<\/strong><\/h3>\n<p data-start=\"1660\" data-end=\"1775\">Consumir <strong data-start=\"1669\" data-end=\"1704\">1 dose por dia, antes do treino<\/strong>, ou conforme orienta\u00e7\u00e3o do seu nutricionista ou profissional de sa\u00fade.<\/p>\n<hr data-start=\"1777\" data-end=\"1780\" \/>\n<h3 data-start=\"1782\" data-end=\"1808\">\ud83e\uddc3 <strong data-start=\"1789\" data-end=\"1808\">Modo de preparo<\/strong><\/h3>\n<p data-start=\"1809\" data-end=\"1920\">Dissolva <strong data-start=\"1818\" data-end=\"1839\">2 dosadores (10g)<\/strong> em <strong data-start=\"1843\" data-end=\"1860\">300ml de \u00e1gua<\/strong> e misture bem.<br data-start=\"1875\" data-end=\"1878\" \/>(O medidor est\u00e1 no interior da embalagem.)<\/p>\n<hr data-start=\"1922\" data-end=\"1925\" \/>\n<h3 data-start=\"1927\" data-end=\"1950\">\ud83d\udd2c <strong data-start=\"1934\" data-end=\"1950\">Ingredientes<\/strong><\/h3>\n<p data-start=\"1951\" data-end=\"2247\">Maltodextrina, L-leucina, isomaltulose, L-valina, L-isoleucina, citrato de s\u00f3dio, citrato de pot\u00e1ssio, vitamina B6 (piridoxina), vitamina C, acidulante \u00e1cido c\u00edtrico, espessante goma xantana, aromatizante, antiumectante di\u00f3xido de sil\u00edcio, edulcorante sucralose e corante artificial ponceau 4R.<\/p>\n<p data-start=\"2249\" data-end=\"2307\">\u27a1\ufe0f <strong data-start=\"2252\" data-end=\"2307\">Pode conter derivados de leite, trigo, soja e ovos.<\/strong><\/p>\n<hr data-start=\"2309\" data-end=\"2312\" \/>\n<h3 data-start=\"2314\" data-end=\"2332\">\u26a0\ufe0f <strong data-start=\"2321\" data-end=\"2332\">Aten\u00e7\u00e3o<\/strong><\/h3>\n<ul data-start=\"2333\" data-end=\"2643\">\n<li data-start=\"2333\" data-end=\"2374\">\n<p data-start=\"2335\" data-end=\"2374\">Mantenha fora do alcance de crian\u00e7as.<\/p>\n<\/li>\n<li data-start=\"2375\" data-end=\"2417\">\n<p data-start=\"2377\" data-end=\"2417\">Este produto <strong data-start=\"2390\" data-end=\"2415\">n\u00e3o \u00e9 um medicamento.<\/strong><\/p>\n<\/li>\n<li data-start=\"2418\" data-end=\"2482\">\n<p data-start=\"2420\" data-end=\"2482\"><strong data-start=\"2420\" data-end=\"2457\">N\u00e3o exceder a recomenda\u00e7\u00e3o di\u00e1ria<\/strong> indicada na embalagem.<\/p>\n<\/li>\n<li data-start=\"2483\" data-end=\"2550\">\n<p data-start=\"2485\" data-end=\"2550\"><strong data-start=\"2485\" data-end=\"2548\">N\u00e3o deve ser consumido por gestantes, lactantes e crian\u00e7as.<\/strong><\/p>\n<\/li>\n<li data-start=\"2551\" data-end=\"2599\">\n<p data-start=\"2553\" data-end=\"2599\">Conservar ao abrigo da luz, calor e umidade.<\/p>\n<\/li>\n<li data-start=\"2600\" data-end=\"2643\">\n<p data-start=\"2602\" data-end=\"2643\">Ap\u00f3s aberto, <strong data-start=\"2615\" data-end=\"2643\">consumir em at\u00e9 60 dias.<\/strong><\/p>\n<\/li>\n<\/ul>\n<p><!-- Informa\u00e7\u00e3o Nutricional --><\/p>\n<section class=\"informacao-nutricional\" style=\"display: flex; justify-content: center; width: 100%; font-family: 'Hanken Grotesk',sans-serif; margin: 40px 0; text-align: center;\">\n<div style=\"max-width: 650px; width: 90%; color: #000;\">\n<h2 style=\"margin-bottom: 10px;\">INFORMA\u00c7\u00c3O NUTRICIONAL<\/h2>\n<p style=\"margin: 0 0 10px 0;\"><strong>Por\u00e7\u00e3o de 10 g (1 dosador)<\/strong><\/p>\n<table style=\"width: 100%; border-collapse: collapse; text-align: left; color: #000;\" border=\"1\" cellspacing=\"0\" cellpadding=\"6\">\n<thead>\n<tr style=\"background-color: #f9f9f9;\">\n<th><\/th>\n<th>Quantidade por por\u00e7\u00e3o<\/th>\n<th>%VD*<\/th>\n<\/tr>\n<\/thead>\n<tbody>\n<tr>\n<td><strong>Valor energ\u00e9tico<\/strong><\/td>\n<td>16 kcal = 67 kJ<\/td>\n<td>1<\/td>\n<\/tr>\n<tr>\n<td><strong>Carboidratos (g)<\/strong><\/td>\n<td>4,0<\/td>\n<td>1<\/td>\n<\/tr>\n<tr>\n<td><strong>L-Leucina (mg)<\/strong><\/td>\n<td>2250<\/td>\n<td>&#8212;<\/td>\n<\/tr>\n<tr>\n<td><strong>L-Isoleucina (mg)<\/strong><\/td>\n<td>375<\/td>\n<td>&#8212;<\/td>\n<\/tr>\n<tr>\n<td><strong>L-Valina (mg)<\/strong><\/td>\n<td>375<\/td>\n<td>&#8212;<\/td>\n<\/tr>\n<tr>\n<td><strong>Vitamina B6 (mg)<\/strong><\/td>\n<td>1,3<\/td>\n<td>100<\/td>\n<\/tr>\n<tr>\n<td><strong>Vitamina C (mg)<\/strong><\/td>\n<td>45<\/td>\n<td>100<\/td>\n<\/tr>\n<tr>\n<td><strong>S\u00f3dio (mg)<\/strong><\/td>\n<td>230<\/td>\n<td>10<\/td>\n<\/tr>\n<tr>\n<td><strong>Pot\u00e1ssio (mg)<\/strong><\/td>\n<td>140<\/td>\n<td>&#8212;<\/td>\n<\/tr>\n<\/tbody>\n<\/table>\n<p style=\"font-size: 0.9em; margin-top: 10px; text-align: justify;\">N\u00e3o cont\u00e9m quantidades significativas de prote\u00ednas, gorduras totais, gorduras saturadas, gorduras trans e fibra alimentar.<\/p>\n<p>(*) % Valores Di\u00e1rios de refer\u00eancia com base em uma dieta de 2000 kcal ou 8400 kJ.<br \/>\nSeus valores di\u00e1rios podem ser maiores ou menores dependendo de suas necessidades energ\u00e9ticas. \u2014 Valor Di\u00e1rio n\u00e3o estabelecido.<\/p>\n<p style=\"font-size: 0.9em; margin-top: 10px;\">Produto indicado para grupo populacional \u2265 19 anos.<br \/>\nDispensado da obrigatoriedade de registro conforme Resolu\u00e7\u00e3o RDC 240\/2018 (ANVISA).<\/p>\n<\/div>\n<\/section>\n","protected":false},"excerpt":{"rendered":"<h4 data-start=\"307\" data-end=\"383\"><strong data-start=\"313\" data-end=\"383\">Recupera\u00e7\u00e3o e Desempenho no M\u00e1ximo<\/strong><\/h4>\n<p data-start=\"385\" data-end=\"705\">O <strong data-start=\"387\" data-end=\"415\">BCAA 6:1:1 Muscle Repair<\/strong> foi desenvolvido pra quem quer <strong data-start=\"447\" data-end=\"520\">recuperar os m\u00fasculos com rapidez e aumentar o desempenho nos treinos<\/strong>.<br data-start=\"521\" data-end=\"524\" \/>Com a maior concentra\u00e7\u00e3o de <strong data-start=\"552\" data-end=\"574\">Leucina (6 partes)<\/strong> em rela\u00e7\u00e3o \u00e0 Isoleucina e Valina, ele estimula diretamente a <strong data-start=\"636\" data-end=\"656\">s\u00edntese proteica<\/strong>, reduz a fadiga e melhora o rendimento f\u00edsico.<\/p>\n<p data-start=\"707\" data-end=\"800\">\u00c9 o suplemento ideal pra quem treina pesado e quer <strong data-start=\"758\" data-end=\"799\">crescer com qualidade e menos cansa\u00e7o<\/strong>.<\/p>\n","protected":false},"featured_media":6146,"comment_status":"open","ping_status":"closed","template":"","meta":[],"product_brand":[],"product_cat":[83],"product_tag":[],"class_list":{"0":"post-5951","1":"product","2":"type-product","3":"status-publish","4":"has-post-thumbnail","6":"product_cat-aminoacidos","7":"pa_sabor-frutas-vermelhas","8":"pa_sabor-laranja","9":"pa_sabor-limao","11":"first","12":"instock","13":"taxable","14":"shipping-taxable","15":"purchasable","16":"product-type-variable","17":"rtwpvg-product","18":"rtwpvs-product","19":"rtwpvs-selected-term-beside-label"},"_links":{"self":[{"href":"https:\/\/euronutry.com.br\/loja\/wp-json\/wp\/v2\/product\/5951","targetHints":{"allow":["GET"]}}],"collection":[{"href":"https:\/\/euronutry.com.br\/loja\/wp-json\/wp\/v2\/product"}],"about":[{"href":"https:\/\/euronutry.com.br\/loja\/wp-json\/wp\/v2\/types\/product"}],"replies":[{"embeddable":true,"href":"https:\/\/euronutry.com.br\/loja\/wp-json\/wp\/v2\/comments?post=5951"}],"wp:featuredmedia":[{"embeddable":true,"href":"https:\/\/euronutry.com.br\/loja\/wp-json\/wp\/v2\/media\/6146"}],"wp:attachment":[{"href":"https:\/\/euronutry.com.br\/loja\/wp-json\/wp\/v2\/media?parent=5951"}],"wp:term":[{"taxonomy":"product_brand","embeddable":true,"href":"https:\/\/euronutry.com.br\/loja\/wp-json\/wp\/v2\/product_brand?post=5951"},{"taxonomy":"product_cat","embeddable":true,"href":"https:\/\/euronutry.com.br\/loja\/wp-json\/wp\/v2\/product_cat?post=5951"},{"taxonomy":"product_tag","embeddable":true,"href":"https:\/\/euronutry.com.br\/loja\/wp-json\/wp\/v2\/product_tag?post=5951"}],"curies":[{"name":"wp","href":"https:\/\/api.w.org\/{rel}","templated":true}]}}