{"id":5958,"date":"2025-10-29T03:53:56","date_gmt":"2025-10-29T06:53:56","guid":{"rendered":"https:\/\/euronutry.com.br\/loja\/produto\/enduromaxx-r91-muscle-recovery-1kg\/"},"modified":"2025-11-26T05:01:54","modified_gmt":"2025-11-26T08:01:54","slug":"enduromaxx-r91-muscle-recovery-1kg","status":"publish","type":"product","link":"https:\/\/euronutry.com.br\/loja\/produto\/enduromaxx-r91-muscle-recovery-1kg\/","title":{"rendered":"ENDUROMAXX R9:1 MUSCLE RECOVERY 1kg"},"content":{"rendered":"<h3 data-start=\"759\" data-end=\"801\">\u26a1 <strong data-start=\"765\" data-end=\"801\">Por que o Enduromaxx \u00e9 diferente<\/strong><\/h3>\n<ul data-start=\"802\" data-end=\"1422\">\n<li data-start=\"802\" data-end=\"921\">\n<p data-start=\"804\" data-end=\"921\"><strong data-start=\"804\" data-end=\"836\">Recupera\u00e7\u00e3o r\u00e1pida e eficaz:<\/strong> a combina\u00e7\u00e3o de <strong data-start=\"853\" data-end=\"881\">Maltodextrina + Dextrose<\/strong> garante energia imediata e duradoura.<\/p>\n<\/li>\n<li data-start=\"922\" data-end=\"1066\">\n<p data-start=\"924\" data-end=\"1066\"><strong data-start=\"924\" data-end=\"950\">Amino\u00e1cidos poderosos:<\/strong> com <strong data-start=\"955\" data-end=\"1006\">Glutamina e BCAA (Leucina, Isoleucina e Valina)<\/strong>, ele ajuda na regenera\u00e7\u00e3o muscular e evita o catabolismo.<\/p>\n<\/li>\n<li data-start=\"1067\" data-end=\"1222\">\n<p data-start=\"1069\" data-end=\"1222\"><strong data-start=\"1069\" data-end=\"1105\">Vitaminas e minerais essenciais:<\/strong> cont\u00e9m <strong data-start=\"1113\" data-end=\"1166\">Cromo, Magn\u00e9sio, Pot\u00e1ssio e Vitaminas B2, B12 e C<\/strong>, que ajudam no metabolismo energ\u00e9tico e na imunidade.<\/p>\n<\/li>\n<li data-start=\"1223\" data-end=\"1298\">\n<p data-start=\"1225\" data-end=\"1298\"><strong data-start=\"1225\" data-end=\"1240\">Triptofano:<\/strong> reduz o estresse f\u00edsico e mental ap\u00f3s treinos intensos.<\/p>\n<\/li>\n<li data-start=\"1299\" data-end=\"1422\">\n<p data-start=\"1301\" data-end=\"1422\"><strong data-start=\"1301\" data-end=\"1339\">Reposi\u00e7\u00e3o completa de eletr\u00f3litos:<\/strong> mant\u00e9m o equil\u00edbrio h\u00eddrico e evita a fadiga durante longos per\u00edodos de esfor\u00e7o.<\/p>\n<\/li>\n<\/ul>\n<p data-start=\"1424\" data-end=\"1580\">Com tecnologia de ponta e laudos aprovados, o Enduromaxx segue <strong data-start=\"1487\" data-end=\"1526\">padr\u00f5es de qualidade internacionais<\/strong>, entregando resultados reais sem comprometer o sabor.<\/p>\n<hr data-start=\"1582\" data-end=\"1585\" \/>\n<h3 data-start=\"1587\" data-end=\"1613\">\ud83d\udd52 <strong data-start=\"1594\" data-end=\"1613\">Sugest\u00e3o de uso<\/strong><\/h3>\n<p data-start=\"1614\" data-end=\"1712\">Tome <strong data-start=\"1619\" data-end=\"1654\">preferencialmente ap\u00f3s o treino<\/strong>, ou conforme recomenda\u00e7\u00e3o do seu m\u00e9dico ou nutricionista.<\/p>\n<hr data-start=\"1714\" data-end=\"1717\" \/>\n<h3 data-start=\"1719\" data-end=\"1745\">\ud83e\uddc3 <strong data-start=\"1726\" data-end=\"1745\">Modo de preparo<\/strong><\/h3>\n<p data-start=\"1746\" data-end=\"1872\">Adicione <strong data-start=\"1755\" data-end=\"1776\">2 dosadores (50g)<\/strong> em <strong data-start=\"1780\" data-end=\"1805\">350ml de \u00e1gua mineral<\/strong>, misture bem em uma coqueteleira e aproveite a recarga de energia!<\/p>\n<hr data-start=\"1874\" data-end=\"1877\" \/>\n<h3 data-start=\"1879\" data-end=\"1902\">\ud83d\udd2c <strong data-start=\"1886\" data-end=\"1902\">Ingredientes<\/strong><\/h3>\n<p data-start=\"1903\" data-end=\"2229\">Maltodextrina, dextrose, L-glutamina, L-leucina, L-isoleucina, L-valina, L-triptofano, citrato de s\u00f3dio, citrato de pot\u00e1ssio, \u00f3xido de magn\u00e9sio, vitamina C, vitamina B2, picolinato de cromo, vitamina B12, acidulante \u00e1cido c\u00edtrico, aromatizante, espessante goma xantana, edulcorante sucralose e corante artificial Ponceau 4R.<\/p>\n<p data-start=\"2231\" data-end=\"2289\">\u27a1\ufe0f <strong data-start=\"2234\" data-end=\"2289\">Pode conter derivados de leite, trigo, soja e ovos.<\/strong><\/p>\n<hr data-start=\"2291\" data-end=\"2294\" \/>\n<h3 data-start=\"2296\" data-end=\"2314\">\u26a0\ufe0f <strong data-start=\"2303\" data-end=\"2314\">Aten\u00e7\u00e3o<\/strong><\/h3>\n<ul data-start=\"2315\" data-end=\"2588\">\n<li data-start=\"2315\" data-end=\"2382\">\n<p data-start=\"2317\" data-end=\"2382\"><strong data-start=\"2317\" data-end=\"2380\">N\u00e3o deve ser consumido por gestantes, lactantes e crian\u00e7as.<\/strong><\/p>\n<\/li>\n<li data-start=\"2383\" data-end=\"2424\">\n<p data-start=\"2385\" data-end=\"2424\">Mantenha fora do alcance de crian\u00e7as.<\/p>\n<\/li>\n<li data-start=\"2425\" data-end=\"2467\">\n<p data-start=\"2427\" data-end=\"2467\">Este produto <strong data-start=\"2440\" data-end=\"2465\">n\u00e3o \u00e9 um medicamento.<\/strong><\/p>\n<\/li>\n<li data-start=\"2468\" data-end=\"2532\">\n<p data-start=\"2470\" data-end=\"2532\"><strong data-start=\"2470\" data-end=\"2507\">N\u00e3o exceder a recomenda\u00e7\u00e3o di\u00e1ria<\/strong> indicada na embalagem.<\/p>\n<\/li>\n<li data-start=\"2533\" data-end=\"2588\">\n<p data-start=\"2535\" data-end=\"2588\">Conservar em local seco, fresco e ao abrigo da luz.<\/p>\n<\/li>\n<\/ul>\n<p><!-- Informa\u00e7\u00e3o Nutricional --><\/p>\n<section class=\"informacao-nutricional\" style=\"display: flex; justify-content: center; width: 100%; font-family: 'Hanken Grotesk',sans-serif; margin: 40px 0; text-align: center;\">\n<div style=\"max-width: 650px; width: 90%; color: #000;\">\n<h2 style=\"margin-bottom: 10px;\">INFORMA\u00c7\u00c3O NUTRICIONAL<\/h2>\n<p style=\"margin: 0 0 10px 0;\"><strong>Por por\u00e7\u00e3o de 10 g (2 dosadores)<\/strong><\/p>\n<table style=\"width: 100%; border-collapse: collapse; text-align: left; color: #000;\" border=\"1\" cellspacing=\"0\" cellpadding=\"6\">\n<thead>\n<tr style=\"background-color: #f9f9f9;\">\n<th>Quantidade por por\u00e7\u00e3o<\/th>\n<th><\/th>\n<th>%VD*<\/th>\n<\/tr>\n<\/thead>\n<tbody>\n<tr>\n<td><strong>Valor energ\u00e9tico<\/strong><\/td>\n<td>12 kcal = 50 kJ<\/td>\n<td>1<\/td>\n<\/tr>\n<tr>\n<td><strong>Carboidratos (g)<\/strong><\/td>\n<td>3<\/td>\n<td>1<\/td>\n<\/tr>\n<tr>\n<td><strong>Alanina (mg)<\/strong><\/td>\n<td>3000<\/td>\n<td>&#8212;<\/td>\n<\/tr>\n<tr>\n<td><strong>Taurina (mg)<\/strong><\/td>\n<td>1100<\/td>\n<td>&#8212;<\/td>\n<\/tr>\n<tr>\n<td><strong>Creatina (mg)<\/strong><\/td>\n<td>500<\/td>\n<td>&#8212;<\/td>\n<\/tr>\n<tr>\n<td><strong>L-Arginina (mg)<\/strong><\/td>\n<td>500<\/td>\n<td>&#8212;<\/td>\n<\/tr>\n<tr>\n<td><strong>L-Carnitina (mg)<\/strong><\/td>\n<td>300<\/td>\n<td>&#8212;<\/td>\n<\/tr>\n<tr>\n<td><strong>Cafe\u00edna (mg)<\/strong><\/td>\n<td>200<\/td>\n<td>&#8212;<\/td>\n<\/tr>\n<tr>\n<td><strong>Coenzima Q10 (mg)<\/strong><\/td>\n<td>100<\/td>\n<td>&#8212;<\/td>\n<\/tr>\n<tr>\n<td><strong>Vitamina C (mg)<\/strong><\/td>\n<td>60<\/td>\n<td>133<\/td>\n<\/tr>\n<tr>\n<td><strong>Cromo (mcg)<\/strong><\/td>\n<td>120<\/td>\n<td>343<\/td>\n<\/tr>\n<tr>\n<td><strong>Vitamina B6 (mg)<\/strong><\/td>\n<td>10<\/td>\n<td>769<\/td>\n<\/tr>\n<tr>\n<td><strong>Vitamina B2 (mg)<\/strong><\/td>\n<td>2,0<\/td>\n<td>154<\/td>\n<\/tr>\n<tr>\n<td><strong>Vitamina B12 (mcg)<\/strong><\/td>\n<td>8,0<\/td>\n<td>333<\/td>\n<\/tr>\n<\/tbody>\n<\/table>\n<p style=\"font-size: 0.9em; margin-top: 10px; text-align: justify;\">N\u00e3o cont\u00e9m quantidades significativas de prote\u00ednas, gorduras totais, gorduras saturadas, gorduras trans, s\u00f3dio e fibra alimentar.<\/p>\n<p>(*) % Valores Di\u00e1rios de refer\u00eancia com base em uma dieta de 2000 kcal ou 8400 kJ.<br \/>\nSeus valores di\u00e1rios podem ser maiores ou menores dependendo de suas necessidades energ\u00e9ticas. \u2014 Valor Di\u00e1rio n\u00e3o estabelecido.<\/p>\n<p style=\"font-size: 0.85em; margin-top: 10px;\">Dispensado da obrigatoriedade de registro conforme Resolu\u00e7\u00e3o RDC 240\/2018 (ANVISA).<\/p>\n<\/div>\n<\/section>\n","protected":false},"excerpt":{"rendered":"<h4 data-start=\"236\" data-end=\"324\"><strong data-start=\"242\" data-end=\"324\">Recupera\u00e7\u00e3o Completa e Energia Sem Parar<\/strong><\/h4>\n<p data-start=\"326\" data-end=\"656\">Se o seu treino \u00e9 intenso e exige resist\u00eancia, o <strong data-start=\"375\" data-end=\"394\">Enduromaxx R9:1<\/strong> \u00e9 o parceiro ideal pra recupera\u00e7\u00e3o e desempenho.<br data-start=\"443\" data-end=\"446\" \/>Desenvolvido na propor\u00e7\u00e3o <strong data-start=\"472\" data-end=\"512\">9:1 entre carboidratos e amino\u00e1cidos<\/strong>, ele entrega o equil\u00edbrio perfeito entre energia e regenera\u00e7\u00e3o muscular \u2014 ideal pra quem busca <strong data-start=\"608\" data-end=\"655\">performance, for\u00e7a e resist\u00eancia prolongada<\/strong>.<\/p>\n<p data-start=\"658\" data-end=\"752\">Feito pra atletas de alta intensidade, ciclistas, corredores e quem treina pesado diariamente.<\/p>\n","protected":false},"featured_media":6158,"comment_status":"open","ping_status":"closed","template":"","meta":[],"product_brand":[],"product_cat":[80],"product_tag":[90],"class_list":{"0":"post-5958","1":"product","2":"type-product","3":"status-publish","4":"has-post-thumbnail","6":"product_cat-energia-e-hidratacao","7":"product_tag-energia","8":"pa_sabor-frutas-vermelhas","9":"pa_sabor-laranja","10":"pa_sabor-limao","12":"first","13":"instock","14":"taxable","15":"shipping-taxable","16":"purchasable","17":"product-type-variable","18":"rtwpvg-product","19":"rtwpvs-product","20":"rtwpvs-selected-term-beside-label"},"_links":{"self":[{"href":"https:\/\/euronutry.com.br\/loja\/wp-json\/wp\/v2\/product\/5958","targetHints":{"allow":["GET"]}}],"collection":[{"href":"https:\/\/euronutry.com.br\/loja\/wp-json\/wp\/v2\/product"}],"about":[{"href":"https:\/\/euronutry.com.br\/loja\/wp-json\/wp\/v2\/types\/product"}],"replies":[{"embeddable":true,"href":"https:\/\/euronutry.com.br\/loja\/wp-json\/wp\/v2\/comments?post=5958"}],"wp:featuredmedia":[{"embeddable":true,"href":"https:\/\/euronutry.com.br\/loja\/wp-json\/wp\/v2\/media\/6158"}],"wp:attachment":[{"href":"https:\/\/euronutry.com.br\/loja\/wp-json\/wp\/v2\/media?parent=5958"}],"wp:term":[{"taxonomy":"product_brand","embeddable":true,"href":"https:\/\/euronutry.com.br\/loja\/wp-json\/wp\/v2\/product_brand?post=5958"},{"taxonomy":"product_cat","embeddable":true,"href":"https:\/\/euronutry.com.br\/loja\/wp-json\/wp\/v2\/product_cat?post=5958"},{"taxonomy":"product_tag","embeddable":true,"href":"https:\/\/euronutry.com.br\/loja\/wp-json\/wp\/v2\/product_tag?post=5958"}],"curies":[{"name":"wp","href":"https:\/\/api.w.org\/{rel}","templated":true}]}}