{"id":5983,"date":"2025-10-29T03:53:59","date_gmt":"2025-10-29T06:53:59","guid":{"rendered":"https:\/\/euronutry.com.br\/loja\/produto\/exodo-pre-workout-300g\/"},"modified":"2026-03-06T11:04:58","modified_gmt":"2026-03-06T14:04:58","slug":"exodo-pre-workout-300g","status":"publish","type":"product","link":"https:\/\/euronutry.com.br\/loja\/produto\/exodo-pre-workout-300g\/","title":{"rendered":"\u00caXODO PRE WORKOUT 300G"},"content":{"rendered":"<h3 data-start=\"702\" data-end=\"758\">\ud83d\udcaa <strong data-start=\"709\" data-end=\"758\">Por que o \u00caxodo \u00e9 o pr\u00e9-treino certo pra voc\u00ea<\/strong><\/h3>\n<ul data-start=\"759\" data-end=\"1259\">\n<li data-start=\"759\" data-end=\"853\">\n<p data-start=\"761\" data-end=\"853\"><strong data-start=\"761\" data-end=\"783\">Alanina + Taurina:<\/strong> dupla poderosa que reduz a fadiga e melhora a resist\u00eancia muscular.<\/p>\n<\/li>\n<li data-start=\"854\" data-end=\"944\">\n<p data-start=\"856\" data-end=\"944\"><strong data-start=\"856\" data-end=\"868\">Cafe\u00edna:<\/strong> foco e disposi\u00e7\u00e3o total \u2014 o empurr\u00e3o que faltava pra detonar nos treinos.<\/p>\n<\/li>\n<li data-start=\"945\" data-end=\"1045\">\n<p data-start=\"947\" data-end=\"1045\"><strong data-start=\"947\" data-end=\"960\">Arginina:<\/strong> estimula o \u00f3xido n\u00edtrico (NO), <strong data-start=\"992\" data-end=\"1043\">aumentando o fluxo sangu\u00edneo e o pump muscular.<\/strong><\/p>\n<\/li>\n<li data-start=\"1046\" data-end=\"1152\">\n<p data-start=\"1048\" data-end=\"1152\"><strong data-start=\"1048\" data-end=\"1076\">Creatina + Coenzima Q10:<\/strong> for\u00e7a, energia e recupera\u00e7\u00e3o r\u00e1pida pra aguentar mais carga e repeti\u00e7\u00f5es.<\/p>\n<\/li>\n<li data-start=\"1153\" data-end=\"1259\">\n<p data-start=\"1155\" data-end=\"1259\"><strong data-start=\"1155\" data-end=\"1191\">Vitaminas e minerais essenciais:<\/strong> suporte completo pro metabolismo energ\u00e9tico e performance mental.<\/p>\n<\/li>\n<\/ul>\n<p data-start=\"1261\" data-end=\"1373\">Cada dose entrega energia limpa e constante, garantindo <strong data-start=\"1317\" data-end=\"1348\">mais for\u00e7a, foco e explos\u00e3o<\/strong> sem queda de rendimento.<\/p>\n<hr data-start=\"1375\" data-end=\"1378\" \/>\n<h3 data-start=\"1380\" data-end=\"1406\">\ud83d\udd52 <strong data-start=\"1387\" data-end=\"1406\">Sugest\u00e3o de uso<\/strong><\/h3>\n<p data-start=\"1407\" data-end=\"1498\">Tome <strong data-start=\"1412\" data-end=\"1441\">antes da atividade f\u00edsica<\/strong> ou conforme recomenda\u00e7\u00e3o do seu m\u00e9dico ou nutricionista.<\/p>\n<hr data-start=\"1500\" data-end=\"1503\" \/>\n<h3 data-start=\"1505\" data-end=\"1531\">\ud83e\uddc3 <strong data-start=\"1512\" data-end=\"1531\">Modo de preparo<\/strong><\/h3>\n<p data-start=\"1532\" data-end=\"1658\">Adicione <strong data-start=\"1541\" data-end=\"1562\">2 dosadores (10g)<\/strong> em <strong data-start=\"1566\" data-end=\"1591\">200ml de \u00e1gua mineral<\/strong>, misture bem em uma coqueteleira e prepare-se pra sentir o efeito!<\/p>\n<hr data-start=\"1660\" data-end=\"1663\" \/>\n<h3 data-start=\"1665\" data-end=\"1688\">\ud83d\udd2c <strong data-start=\"1672\" data-end=\"1688\">Ingredientes<\/strong><\/h3>\n<p data-start=\"1689\" data-end=\"2000\">Maltodextrina, alanina, taurina, creatina monohidratada, L-arginina, L-carnitina L-tartarato, cafe\u00edna, coenzima Q10, vitamina C, vitamina B6, vitamina B2, picolinato de cromo, vitamina B12, acidulante \u00e1cido c\u00edtrico, aromatizante, espessante goma xantana, edulcorante sucralose e corante artificial Ponceau 4R.<\/p>\n<p data-start=\"2002\" data-end=\"2062\">\u27a1\ufe0f <strong data-start=\"2005\" data-end=\"2060\">Pode conter derivados de leite, trigo, soja e ovos.<\/strong><\/p>\n<hr data-start=\"2064\" data-end=\"2067\" \/>\n<h3 data-start=\"2069\" data-end=\"2087\">\u26a0\ufe0f <strong data-start=\"2076\" data-end=\"2087\">Aten\u00e7\u00e3o<\/strong><\/h3>\n<ul data-start=\"2088\" data-end=\"2397\">\n<li data-start=\"2088\" data-end=\"2129\">\n<p data-start=\"2090\" data-end=\"2129\">Mantenha fora do alcance de crian\u00e7as.<\/p>\n<\/li>\n<li data-start=\"2130\" data-end=\"2172\">\n<p data-start=\"2132\" data-end=\"2172\">Este produto <strong data-start=\"2145\" data-end=\"2170\">n\u00e3o \u00e9 um medicamento.<\/strong><\/p>\n<\/li>\n<li data-start=\"2173\" data-end=\"2236\">\n<p data-start=\"2175\" data-end=\"2236\"><strong data-start=\"2175\" data-end=\"2211\">N\u00e3o exceda a recomenda\u00e7\u00e3o di\u00e1ria<\/strong> indicada na embalagem.<\/p>\n<\/li>\n<li data-start=\"2237\" data-end=\"2285\">\n<p data-start=\"2239\" data-end=\"2285\">Conservar ao abrigo da luz, calor e umidade.<\/p>\n<\/li>\n<li data-start=\"2286\" data-end=\"2331\">\n<p data-start=\"2288\" data-end=\"2331\">Ap\u00f3s aberto, <strong data-start=\"2301\" data-end=\"2329\">consumir em at\u00e9 60 dias.<\/strong><\/p>\n<\/li>\n<li data-start=\"2332\" data-end=\"2397\">\n<p data-start=\"2334\" data-end=\"2397\"><strong data-start=\"2334\" data-end=\"2397\">N\u00e3o deve ser consumido por gestantes, lactantes e crian\u00e7as.<\/strong><\/p>\n<\/li>\n<\/ul>\n<p><!-- Informa\u00e7\u00e3o Nutricional --><\/p>\n<section class=\"informacao-nutricional\" style=\"display: flex; justify-content: center; width: 100%; font-family: 'Hanken Grotesk', sans-serif; margin: 40px 0; text-align: center;\">\n<div style=\"max-width: 650px; width: 90%; color: #000;\">\n<h2 style=\"margin-bottom: 10px;\">INFORMA\u00c7\u00c3O NUTRICIONAL<\/h2>\n<p style=\"margin: 0 0 10px 0;\"><strong>Por por\u00e7\u00e3o de 10 g (2 dosadores)<\/strong><\/p>\n<table style=\"width: 100%; border-collapse: collapse; text-align: left; color: #000;\" border=\"1\" cellspacing=\"0\" cellpadding=\"6\">\n<thead>\n<tr style=\"background-color: #f9f9f9;\">\n<th><\/th>\n<th>Quantidade por por\u00e7\u00e3o<\/th>\n<th>%VD*<\/th>\n<\/tr>\n<\/thead>\n<tbody>\n<tr>\n<td><strong>Valor energ\u00e9tico<\/strong><\/td>\n<td>12 kcal = 50 kJ<\/td>\n<td>1<\/td>\n<\/tr>\n<tr>\n<td><strong>Carboidratos (g)<\/strong><\/td>\n<td>3<\/td>\n<td>1<\/td>\n<\/tr>\n<tr>\n<td><strong>Alanina (mg)<\/strong><\/td>\n<td>3000<\/td>\n<td>&#8212;<\/td>\n<\/tr>\n<tr>\n<td><strong>Taurina (mg)<\/strong><\/td>\n<td>1100<\/td>\n<td>&#8212;<\/td>\n<\/tr>\n<tr>\n<td><strong>Creatina (mg)<\/strong><\/td>\n<td>500<\/td>\n<td>&#8212;<\/td>\n<\/tr>\n<tr>\n<td><strong>L-Arginina (mg)<\/strong><\/td>\n<td>500<\/td>\n<td>&#8212;<\/td>\n<\/tr>\n<tr>\n<td><strong>L-Carnitina (mg)<\/strong><\/td>\n<td>300<\/td>\n<td>&#8212;<\/td>\n<\/tr>\n<tr>\n<td><strong>Cafe\u00edna (mg)<\/strong><\/td>\n<td>200<\/td>\n<td>&#8212;<\/td>\n<\/tr>\n<tr>\n<td><strong>Coenzima Q10 (mg)<\/strong><\/td>\n<td>100<\/td>\n<td>&#8212;<\/td>\n<\/tr>\n<tr>\n<td><strong>Vitamina C (mg)<\/strong><\/td>\n<td>60<\/td>\n<td>133<\/td>\n<\/tr>\n<tr>\n<td><strong>Cromo (mcg)<\/strong><\/td>\n<td>120<\/td>\n<td>343<\/td>\n<\/tr>\n<tr>\n<td><strong>Vitamina B6 (mg)<\/strong><\/td>\n<td>10<\/td>\n<td>769<\/td>\n<\/tr>\n<tr>\n<td><strong>Vitamina B2 (mg)<\/strong><\/td>\n<td>2,0<\/td>\n<td>154<\/td>\n<\/tr>\n<tr>\n<td><strong>Vitamina B12 (mcg)<\/strong><\/td>\n<td>8,0<\/td>\n<td>333<\/td>\n<\/tr>\n<\/tbody>\n<\/table>\n<p style=\"font-size: 0.9em; margin-top: 10px; text-align: justify;\">N\u00e3o cont\u00e9m quantidades significativas de prote\u00ednas, gorduras totais, gorduras saturadas, gorduras trans, s\u00f3dio e fibra alimentar.<\/p>\n<p>(*) % Valores Di\u00e1rios de refer\u00eancia com base em uma dieta de 2000 kcal ou 8400 kJ.<br \/>\nSeus valores di\u00e1rios podem ser maiores ou menores dependendo de suas necessidades energ\u00e9ticas.<br \/>\n\u2014 Valor Di\u00e1rio n\u00e3o estabelecido.<\/p>\n<p style=\"font-size: 0.85em; margin-top: 10px;\">Dispensado da obrigatoriedade de registro conforme Resolu\u00e7\u00e3o RDC 240\/2018 (ANVISA).<\/p>\n<\/div>\n<\/section>\n","protected":false},"excerpt":{"rendered":"<h4 data-start=\"209\" data-end=\"282\"><strong data-start=\"214\" data-end=\"282\">Energia, Foco e Explos\u00e3o em Cada Treino<\/strong><\/h4>\n<p data-start=\"284\" data-end=\"579\">O <strong data-start=\"286\" data-end=\"307\">\u00caxodo Pre Workout<\/strong> foi criado pra quem leva o treino a s\u00e9rio e quer elevar o desempenho a outro n\u00edvel.<br data-start=\"391\" data-end=\"394\" \/>Com uma <strong data-start=\"402\" data-end=\"422\">f\u00f3rmula completa<\/strong>, ele combina estimulantes potentes, amino\u00e1cidos e vitaminas pra garantir <strong data-start=\"496\" data-end=\"549\">energia intensa, foco mental e resist\u00eancia m\u00e1xima<\/strong> do in\u00edcio ao fim do treino.<\/p>\n<p data-start=\"581\" data-end=\"695\">Perfeito pra quem quer treinar pesado, manter o pump e sair da academia com aquela sensa\u00e7\u00e3o de miss\u00e3o cumprida \ud83d\udca5.<\/p>\n","protected":false},"featured_media":6164,"comment_status":"open","ping_status":"closed","template":"","meta":[],"product_brand":[],"product_cat":[79],"product_tag":[90,131],"class_list":{"0":"post-5983","1":"product","2":"type-product","3":"status-publish","4":"has-post-thumbnail","6":"product_cat-pre-treino","7":"product_tag-energia","8":"product_tag-pre-treino","9":"pa_sabor-frutas-vermelhas","10":"pa_sabor-laranja","11":"pa_sabor-limao","12":"pa_sabor-melancia","14":"first","15":"instock","16":"taxable","17":"shipping-taxable","18":"purchasable","19":"product-type-variable","20":"rtwpvg-product","21":"rtwpvs-product","22":"rtwpvs-selected-term-beside-label"},"_links":{"self":[{"href":"https:\/\/euronutry.com.br\/loja\/wp-json\/wp\/v2\/product\/5983","targetHints":{"allow":["GET"]}}],"collection":[{"href":"https:\/\/euronutry.com.br\/loja\/wp-json\/wp\/v2\/product"}],"about":[{"href":"https:\/\/euronutry.com.br\/loja\/wp-json\/wp\/v2\/types\/product"}],"replies":[{"embeddable":true,"href":"https:\/\/euronutry.com.br\/loja\/wp-json\/wp\/v2\/comments?post=5983"}],"wp:featuredmedia":[{"embeddable":true,"href":"https:\/\/euronutry.com.br\/loja\/wp-json\/wp\/v2\/media\/6164"}],"wp:attachment":[{"href":"https:\/\/euronutry.com.br\/loja\/wp-json\/wp\/v2\/media?parent=5983"}],"wp:term":[{"taxonomy":"product_brand","embeddable":true,"href":"https:\/\/euronutry.com.br\/loja\/wp-json\/wp\/v2\/product_brand?post=5983"},{"taxonomy":"product_cat","embeddable":true,"href":"https:\/\/euronutry.com.br\/loja\/wp-json\/wp\/v2\/product_cat?post=5983"},{"taxonomy":"product_tag","embeddable":true,"href":"https:\/\/euronutry.com.br\/loja\/wp-json\/wp\/v2\/product_tag?post=5983"}],"curies":[{"name":"wp","href":"https:\/\/api.w.org\/{rel}","templated":true}]}}