{"id":5988,"date":"2025-10-29T03:54:02","date_gmt":"2025-10-29T06:54:02","guid":{"rendered":"https:\/\/euronutry.com.br\/loja\/produto\/only-whey-protein-900g\/"},"modified":"2026-03-06T11:05:26","modified_gmt":"2026-03-06T14:05:26","slug":"only-whey-protein-900g","status":"publish","type":"product","link":"https:\/\/euronutry.com.br\/loja\/produto\/only-whey-protein-900g\/","title":{"rendered":"ONLY WHEY PROTEIN 900G"},"content":{"rendered":"<h3 data-start=\"736\" data-end=\"777\">\u26a1 <strong data-start=\"742\" data-end=\"777\">Por que o Only Whey \u00e9 diferente<\/strong><\/h3>\n<ul data-start=\"778\" data-end=\"1333\">\n<li data-start=\"778\" data-end=\"849\">\n<p data-start=\"780\" data-end=\"849\"><strong data-start=\"780\" data-end=\"797\">100% WPC puro<\/strong>, com r\u00e1pida absor\u00e7\u00e3o e alt\u00edssimo valor biol\u00f3gico.<\/p>\n<\/li>\n<li data-start=\"850\" data-end=\"935\">\n<p data-start=\"852\" data-end=\"935\"><strong data-start=\"852\" data-end=\"882\">20g de prote\u00edna por por\u00e7\u00e3o<\/strong>, ajudando no ganho e na manuten\u00e7\u00e3o da massa magra.<\/p>\n<\/li>\n<li data-start=\"936\" data-end=\"1022\">\n<p data-start=\"938\" data-end=\"1022\"><strong data-start=\"938\" data-end=\"980\">Rico em amino\u00e1cidos essenciais (BCAAs)<\/strong> \u2013 os blocos de constru\u00e7\u00e3o dos m\u00fasculos.<\/p>\n<\/li>\n<li data-start=\"1023\" data-end=\"1138\">\n<p data-start=\"1025\" data-end=\"1138\"><strong data-start=\"1025\" data-end=\"1044\">Com GSH Complex<\/strong>, que combina <strong data-start=\"1058\" data-end=\"1095\">L-Glutamina, L-Ciste\u00edna e Glicina<\/strong>, ajudando na recupera\u00e7\u00e3o e na imunidade.<\/p>\n<\/li>\n<li data-start=\"1139\" data-end=\"1219\">\n<p data-start=\"1141\" data-end=\"1219\"><strong data-start=\"1141\" data-end=\"1169\">Vitaminas C e E + Zinco:<\/strong> prote\u00e7\u00e3o antioxidante e suporte ao metabolismo.<\/p>\n<\/li>\n<li data-start=\"1220\" data-end=\"1333\">\n<p data-start=\"1222\" data-end=\"1333\"><strong data-start=\"1222\" data-end=\"1259\">Textura cremosa e sabor delicioso<\/strong>, dispon\u00edvel nos cl\u00e1ssicos Baunilha, Chocolate, Morango e Doce de Leite.<\/p>\n<\/li>\n<\/ul>\n<p data-start=\"1335\" data-end=\"1469\">Com laudos aprovados e produ\u00e7\u00e3o em laborat\u00f3rio de alta tecnologia, o <strong data-start=\"1404\" data-end=\"1427\">Only Whey Euronutry<\/strong> une pureza, sabor e resultado de verdade.<\/p>\n<hr data-start=\"1471\" data-end=\"1474\" \/>\n<h3 data-start=\"1476\" data-end=\"1502\">\ud83d\udd52 <strong data-start=\"1483\" data-end=\"1502\">Sugest\u00e3o de uso<\/strong><\/h3>\n<p data-start=\"1503\" data-end=\"1603\">Consumir <strong data-start=\"1512\" data-end=\"1530\">1 por\u00e7\u00e3o (40g)<\/strong> <strong data-start=\"1531\" data-end=\"1547\">1 vez ao dia<\/strong>, ou conforme orienta\u00e7\u00e3o do seu nutricionista ou m\u00e9dico.<\/p>\n<hr data-start=\"1605\" data-end=\"1608\" \/>\n<h3 data-start=\"1610\" data-end=\"1636\">\ud83e\uddc3 <strong data-start=\"1617\" data-end=\"1636\">Modo de preparo<\/strong><\/h3>\n<p data-start=\"1637\" data-end=\"1767\">Adicione <strong data-start=\"1646\" data-end=\"1669\">1 e \u00bd dosador (40g)<\/strong> em <strong data-start=\"1673\" data-end=\"1698\">150ml de \u00e1gua mineral<\/strong>, misture bem e pronto \u2014 sua prote\u00edna est\u00e1 pronta pra turbinar o dia!<\/p>\n<hr data-start=\"1769\" data-end=\"1772\" \/>\n<h3 data-start=\"1774\" data-end=\"1797\">\ud83d\udd2c <strong data-start=\"1781\" data-end=\"1797\">Ingredientes<\/strong><\/h3>\n<p data-start=\"1798\" data-end=\"2072\">Prote\u00edna concentrada do soro do leite (WPC), GSH Complex (L-glutamina, L-ciste\u00edna, glicina), soro do leite em p\u00f3, \u00e1cido asc\u00f3rbico (vitamina C), DL-alfa-tocoferil-acetato (vitamina E), bisglicinato de zinco, aromatizante, estabilizante goma xantana e edulcorante sucralose.<\/p>\n<p data-start=\"2074\" data-end=\"2161\">\u27a1\ufe0f <strong data-start=\"2077\" data-end=\"2098\">N\u00e3o cont\u00e9m gl\u00faten<\/strong><br data-start=\"2098\" data-end=\"2101\" \/>\u27a1\ufe0f <strong data-start=\"2104\" data-end=\"2122\">Cont\u00e9m lactose<\/strong><br data-start=\"2122\" data-end=\"2125\" \/>\u27a1\ufe0f <strong data-start=\"2128\" data-end=\"2161\">Pode conter derivados de ovos<\/strong><\/p>\n<hr data-start=\"2163\" data-end=\"2166\" \/>\n<h3 data-start=\"2168\" data-end=\"2186\">\u26a0\ufe0f <strong data-start=\"2175\" data-end=\"2186\">Aten\u00e7\u00e3o<\/strong><\/h3>\n<ul data-start=\"2187\" data-end=\"2336\">\n<li data-start=\"2187\" data-end=\"2228\">\n<p data-start=\"2189\" data-end=\"2228\">Mantenha fora do alcance de crian\u00e7as.<\/p>\n<\/li>\n<li data-start=\"2229\" data-end=\"2271\">\n<p data-start=\"2231\" data-end=\"2271\">Este produto <strong data-start=\"2244\" data-end=\"2269\">n\u00e3o \u00e9 um medicamento.<\/strong><\/p>\n<\/li>\n<li data-start=\"2272\" data-end=\"2336\">\n<p data-start=\"2274\" data-end=\"2336\"><strong data-start=\"2274\" data-end=\"2311\">N\u00e3o exceder a recomenda\u00e7\u00e3o di\u00e1ria<\/strong> indicada na embalagem.<\/p>\n<\/li>\n<\/ul>\n<p><!-- Informa\u00e7\u00e3o Nutricional --><\/p>\n<section class=\"informacao-nutricional\" style=\"display: flex; justify-content: center; width: 100%; font-family: 'Hanken Grotesk',sans-serif; margin: 40px 0; text-align: center;\">\n<div style=\"max-width: 700px; width: 95%; color: #000;\">\n<h2 style=\"margin-bottom: 10px;\">INFORMA\u00c7\u00c3O NUTRICIONAL<\/h2>\n<p style=\"margin: 0 0 10px 0;\"><strong>Por\u00e7\u00f5es por embalagem:<\/strong> cerca de 23<br \/>\n<strong>Por\u00e7\u00e3o:<\/strong> 40 g (1 + \u00bd dosador)<\/p>\n<table style=\"width: 100%; border-collapse: collapse; text-align: left; color: #000;\" border=\"1\" cellspacing=\"0\" cellpadding=\"6\">\n<thead>\n<tr style=\"background-color: #f9f9f9;\">\n<th><\/th>\n<th>40 g<\/th>\n<th>%VD*<\/th>\n<\/tr>\n<\/thead>\n<tbody>\n<tr>\n<td><strong>Valor energ\u00e9tico (kcal)<\/strong><\/td>\n<td>145<\/td>\n<td>7<\/td>\n<\/tr>\n<tr>\n<td><strong>Carboidratos (g)<\/strong><\/td>\n<td>13<\/td>\n<td>4<\/td>\n<\/tr>\n<tr>\n<td>\u00a0\u00a0\u00a0A\u00e7\u00facares totais (g)<\/td>\n<td>12<\/td>\n<td>&#8212;<\/td>\n<\/tr>\n<tr>\n<td>\u00a0\u00a0\u00a0A\u00e7\u00facares adicionados (g)<\/td>\n<td>0<\/td>\n<td>0<\/td>\n<\/tr>\n<tr>\n<td><strong>Prote\u00ednas (g)<\/strong><\/td>\n<td>20<\/td>\n<td>40<\/td>\n<\/tr>\n<tr>\n<td><strong>Glicina (mg)<\/strong><\/td>\n<td>3240<\/td>\n<td>&#8212;<\/td>\n<\/tr>\n<tr>\n<td><strong>Isoleucina (mg)<\/strong><\/td>\n<td>714<\/td>\n<td>&#8212;<\/td>\n<\/tr>\n<tr>\n<td><strong>Alanina (mg)<\/strong><\/td>\n<td>588<\/td>\n<td>&#8212;<\/td>\n<\/tr>\n<tr>\n<td><strong>Triptofano (mg)<\/strong><\/td>\n<td>202<\/td>\n<td>&#8212;<\/td>\n<\/tr>\n<tr>\n<td><strong>Ciste\u00edna (mg)<\/strong><\/td>\n<td>269<\/td>\n<td>&#8212;<\/td>\n<\/tr>\n<tr>\n<td><strong>Valina (mg)<\/strong><\/td>\n<td>755<\/td>\n<td>&#8212;<\/td>\n<\/tr>\n<tr>\n<td><strong>Histidina (mg)<\/strong><\/td>\n<td>250<\/td>\n<td>&#8212;<\/td>\n<\/tr>\n<tr>\n<td><strong>Metionina (mg)<\/strong><\/td>\n<td>273<\/td>\n<td>&#8212;<\/td>\n<\/tr>\n<tr>\n<td><strong>\u00c1cido asp\u00e1rtico (mg)<\/strong><\/td>\n<td>1285<\/td>\n<td>&#8212;<\/td>\n<\/tr>\n<tr>\n<td><strong>Treonina (mg)<\/strong><\/td>\n<td>762<\/td>\n<td>&#8212;<\/td>\n<\/tr>\n<tr>\n<td><strong>Glutamina (mg)<\/strong><\/td>\n<td>6131<\/td>\n<td>&#8212;<\/td>\n<\/tr>\n<tr>\n<td><strong>Fenilalanina (mg)<\/strong><\/td>\n<td>393<\/td>\n<td>&#8212;<\/td>\n<\/tr>\n<tr>\n<td><strong>Tirosina (mg)<\/strong><\/td>\n<td>345<\/td>\n<td>&#8212;<\/td>\n<\/tr>\n<tr>\n<td><strong>Leucina (mg)<\/strong><\/td>\n<td>1227<\/td>\n<td>&#8212;<\/td>\n<\/tr>\n<tr>\n<td><strong>Arginina (mg)<\/strong><\/td>\n<td>342<\/td>\n<td>&#8212;<\/td>\n<\/tr>\n<tr>\n<td><strong>Prolina (mg)<\/strong><\/td>\n<td>731<\/td>\n<td>&#8212;<\/td>\n<\/tr>\n<tr>\n<td><strong>Lisina (mg)<\/strong><\/td>\n<td>1039<\/td>\n<td>&#8212;<\/td>\n<\/tr>\n<tr>\n<td><strong>Serina (mg)<\/strong><\/td>\n<td>670<\/td>\n<td>&#8212;<\/td>\n<\/tr>\n<tr>\n<td><strong>Gorduras totais (g)<\/strong><\/td>\n<td>1,0<\/td>\n<td>2<\/td>\n<\/tr>\n<tr>\n<td>\u00a0\u00a0\u00a0Gorduras saturadas (g)<\/td>\n<td>0,5<\/td>\n<td>5<\/td>\n<\/tr>\n<tr>\n<td>\u00a0\u00a0\u00a0Gorduras trans (g)<\/td>\n<td>0<\/td>\n<td>0<\/td>\n<\/tr>\n<tr>\n<td><strong>Fibras alimentares (g)<\/strong><\/td>\n<td>0<\/td>\n<td>0<\/td>\n<\/tr>\n<tr>\n<td><strong>S\u00f3dio (mg)<\/strong><\/td>\n<td>115<\/td>\n<td>6<\/td>\n<\/tr>\n<tr>\n<td><strong>Vitamina C (mg)<\/strong><\/td>\n<td>100<\/td>\n<td>100<\/td>\n<\/tr>\n<tr>\n<td><strong>Vitamina E (mg)<\/strong><\/td>\n<td>15<\/td>\n<td>100<\/td>\n<\/tr>\n<tr>\n<td><strong>Zinco (mg)<\/strong><\/td>\n<td>11<\/td>\n<td>100<\/td>\n<\/tr>\n<\/tbody>\n<\/table>\n<p style=\"font-size: 0.9em; margin-top: 10px; text-align: justify;\">*Percentual de valores di\u00e1rios fornecidos pela por\u00e7\u00e3o.<\/p>\n<\/div>\n<\/section>\n","protected":false},"excerpt":{"rendered":"<h4 data-start=\"246\" data-end=\"319\"><strong data-start=\"252\" data-end=\"319\">100% Puro, Natural e de Alta Qualidade<\/strong><\/h4>\n<p data-start=\"321\" data-end=\"612\">O <strong data-start=\"323\" data-end=\"344\">Only Whey Protein<\/strong> \u00e9 pra quem busca <strong data-start=\"362\" data-end=\"382\">resultados reais<\/strong> com uma prote\u00edna pura, sem enrola\u00e7\u00e3o.<br data-start=\"420\" data-end=\"423\" \/>Feito com <strong data-start=\"433\" data-end=\"472\">100% WPC (Whey Protein Concentrado)<\/strong> de alto valor biol\u00f3gico, ele entrega todos os amino\u00e1cidos essenciais pra <strong data-start=\"546\" data-end=\"600\">crescimento muscular, recupera\u00e7\u00e3o e fortalecimento<\/strong> do corpo.<\/p>\n<p data-start=\"614\" data-end=\"729\">\u00c9 o suplemento ideal pra quem treina pesado e quer <strong data-start=\"665\" data-end=\"705\">aumentar a performance e a defini\u00e7\u00e3o<\/strong> sem abrir m\u00e3o do sabor.<\/p>\n","protected":false},"featured_media":6172,"comment_status":"open","ping_status":"closed","template":"","meta":[],"product_brand":[],"product_cat":[59],"product_tag":[88],"class_list":{"0":"post-5988","1":"product","2":"type-product","3":"status-publish","4":"has-post-thumbnail","6":"product_cat-whey-protein","7":"product_tag-massa-muscular","8":"pa_sabor-baunilha","9":"pa_sabor-chocolate","10":"pa_sabor-doce-de-leite","11":"pa_sabor-morango","13":"first","14":"instock","15":"taxable","16":"shipping-taxable","17":"purchasable","18":"product-type-variable","19":"rtwpvg-product","20":"rtwpvs-product","21":"rtwpvs-selected-term-beside-label"},"_links":{"self":[{"href":"https:\/\/euronutry.com.br\/loja\/wp-json\/wp\/v2\/product\/5988","targetHints":{"allow":["GET"]}}],"collection":[{"href":"https:\/\/euronutry.com.br\/loja\/wp-json\/wp\/v2\/product"}],"about":[{"href":"https:\/\/euronutry.com.br\/loja\/wp-json\/wp\/v2\/types\/product"}],"replies":[{"embeddable":true,"href":"https:\/\/euronutry.com.br\/loja\/wp-json\/wp\/v2\/comments?post=5988"}],"wp:featuredmedia":[{"embeddable":true,"href":"https:\/\/euronutry.com.br\/loja\/wp-json\/wp\/v2\/media\/6172"}],"wp:attachment":[{"href":"https:\/\/euronutry.com.br\/loja\/wp-json\/wp\/v2\/media?parent=5988"}],"wp:term":[{"taxonomy":"product_brand","embeddable":true,"href":"https:\/\/euronutry.com.br\/loja\/wp-json\/wp\/v2\/product_brand?post=5988"},{"taxonomy":"product_cat","embeddable":true,"href":"https:\/\/euronutry.com.br\/loja\/wp-json\/wp\/v2\/product_cat?post=5988"},{"taxonomy":"product_tag","embeddable":true,"href":"https:\/\/euronutry.com.br\/loja\/wp-json\/wp\/v2\/product_tag?post=5988"}],"curies":[{"name":"wp","href":"https:\/\/api.w.org\/{rel}","templated":true}]}}