{"id":6001,"date":"2025-10-29T03:54:04","date_gmt":"2025-10-29T06:54:04","guid":{"rendered":"https:\/\/euronutry.com.br\/loja\/produto\/warmaxx-pre-treino-sem-cafeina-300g\/"},"modified":"2026-02-26T01:12:29","modified_gmt":"2026-02-26T04:12:29","slug":"warmaxx-pre-treino-sem-cafeina-300g","status":"publish","type":"product","link":"https:\/\/euronutry.com.br\/loja\/produto\/warmaxx-pre-treino-sem-cafeina-300g\/","title":{"rendered":"WARMAXX PR\u00c9 TREINO SEM CAFE\u00cdNA 300G"},"content":{"rendered":"<h3 data-start=\"917\" data-end=\"956\">\u26a1 <strong data-start=\"923\" data-end=\"956\">Por que o Warmaxx \u00e9 diferente<\/strong><\/h3>\n<ul data-start=\"957\" data-end=\"1478\">\n<li data-start=\"957\" data-end=\"1022\">\n<p data-start=\"959\" data-end=\"1022\"><strong data-start=\"959\" data-end=\"976\">Zero cafe\u00edna:<\/strong> pode ser tomado \u00e0 noite sem causar ins\u00f4nia.<\/p>\n<\/li>\n<li data-start=\"1023\" data-end=\"1092\">\n<p data-start=\"1025\" data-end=\"1092\"><strong data-start=\"1025\" data-end=\"1045\">A\u00e7\u00e3o antifadiga:<\/strong> mant\u00e9m o desempenho mesmo em treinos longos.<\/p>\n<\/li>\n<li data-start=\"1093\" data-end=\"1161\">\n<p data-start=\"1095\" data-end=\"1161\"><strong data-start=\"1095\" data-end=\"1122\">Energia limpa e est\u00e1vel<\/strong> com libera\u00e7\u00e3o gradual da Palatinose.<\/p>\n<\/li>\n<li data-start=\"1162\" data-end=\"1232\">\n<p data-start=\"1164\" data-end=\"1232\"><strong data-start=\"1164\" data-end=\"1180\">HMB e CoQ10:<\/strong> auxiliam na regenera\u00e7\u00e3o muscular e for\u00e7a celular.<\/p>\n<\/li>\n<li data-start=\"1233\" data-end=\"1304\">\n<p data-start=\"1235\" data-end=\"1304\"><strong data-start=\"1235\" data-end=\"1263\">Beta-Alanina e Arginina:<\/strong> estimulam vasodilata\u00e7\u00e3o e resist\u00eancia.<\/p>\n<\/li>\n<li data-start=\"1305\" data-end=\"1379\">\n<p data-start=\"1307\" data-end=\"1379\"><strong data-start=\"1307\" data-end=\"1330\">Tirosina e Taurina:<\/strong> melhoram foco, concentra\u00e7\u00e3o e controle mental.<\/p>\n<\/li>\n<li data-start=\"1380\" data-end=\"1478\">\n<p data-start=\"1382\" data-end=\"1478\">Sabores intensos e refrescantes: <strong data-start=\"1415\" data-end=\"1478\">Tangerina, Frutas Vermelhas, Strawberry Peach e Ma\u00e7\u00e3 Verde.<\/strong><\/p>\n<\/li>\n<\/ul>\n<hr data-start=\"1480\" data-end=\"1483\" \/>\n<h3 data-start=\"1485\" data-end=\"1511\">\ud83d\udd52 <strong data-start=\"1492\" data-end=\"1511\">Sugest\u00e3o de uso<\/strong><\/h3>\n<p data-start=\"1512\" data-end=\"1733\">Misture <strong data-start=\"1520\" data-end=\"1541\">10g (2 dosadores)<\/strong> em <strong data-start=\"1545\" data-end=\"1562\">300ml de \u00e1gua<\/strong>.<br data-start=\"1563\" data-end=\"1566\" \/>Consumir <strong data-start=\"1575\" data-end=\"1591\">1 vez ao dia<\/strong>, dividido em <strong data-start=\"1605\" data-end=\"1635\">7 pequenas por\u00e7\u00f5es de 43ml<\/strong> com <strong data-start=\"1640\" data-end=\"1679\">intervalo de 2 horas entre cada uma<\/strong>, ou conforme orienta\u00e7\u00e3o de nutricionista ou m\u00e9dico.<\/p>\n<hr data-start=\"1735\" data-end=\"1738\" \/>\n<h3 data-start=\"1740\" data-end=\"1763\">\ud83d\udd2c <strong data-start=\"1747\" data-end=\"1763\">Ingredientes<\/strong><\/h3>\n<p data-start=\"1764\" data-end=\"2144\">Isomaltulose, Beta-Alanina, Taurina, L-Arginina, L-Tirosina, Coenzima Q10, Hidroximetilbutirato de C\u00e1lcio (HMB), Cloridrato de Piridoxina (Vitamina B6), Riboflavina (Vitamina B2), Picolinato de Cromo, Cianocobalamina (Vitamina B12), Acidulante \u00c1cido C\u00edtrico, Aromatizante, Antiumectante Di\u00f3xido de Sil\u00edcio, Espessante Goma Xantana e Edulcorante Sucralose.<br data-start=\"2119\" data-end=\"2122\" \/><strong data-start=\"2122\" data-end=\"2144\">N\u00e3o cont\u00e9m gl\u00faten.<\/strong><\/p>\n<hr data-start=\"2146\" data-end=\"2149\" \/>\n<h3 data-start=\"2151\" data-end=\"2169\">\u26a0\ufe0f <strong data-start=\"2158\" data-end=\"2169\">Aten\u00e7\u00e3o<\/strong><\/h3>\n<ul data-start=\"2170\" data-end=\"2742\">\n<li data-start=\"2170\" data-end=\"2228\">\n<p data-start=\"2172\" data-end=\"2228\">Produto <strong data-start=\"2180\" data-end=\"2195\">sem cafe\u00edna<\/strong> \u2013 ideal para treinos noturnos.<\/p>\n<\/li>\n<li data-start=\"2229\" data-end=\"2270\">\n<p data-start=\"2231\" data-end=\"2270\">Mantenha fora do alcance de crian\u00e7as.<\/p>\n<\/li>\n<li data-start=\"2271\" data-end=\"2313\">\n<p data-start=\"2273\" data-end=\"2313\">Este produto <strong data-start=\"2286\" data-end=\"2311\">n\u00e3o \u00e9 um medicamento.<\/strong><\/p>\n<\/li>\n<li data-start=\"2314\" data-end=\"2356\">\n<p data-start=\"2316\" data-end=\"2356\"><strong data-start=\"2316\" data-end=\"2354\">N\u00e3o exceder a recomenda\u00e7\u00e3o di\u00e1ria.<\/strong><\/p>\n<\/li>\n<li data-start=\"2357\" data-end=\"2425\">\n<p data-start=\"2359\" data-end=\"2425\"><strong data-start=\"2359\" data-end=\"2423\">N\u00e3o deve ser consumido por gestantes, lactantes ou crian\u00e7as.<\/strong><\/p>\n<\/li>\n<li data-start=\"2426\" data-end=\"2474\">\n<p data-start=\"2428\" data-end=\"2474\">Conservar ao abrigo da luz, calor e umidade.<\/p>\n<\/li>\n<li data-start=\"2475\" data-end=\"2520\">\n<p data-start=\"2477\" data-end=\"2520\">Ap\u00f3s aberto, <strong data-start=\"2490\" data-end=\"2518\">consumir em at\u00e9 60 dias.<\/strong><\/p>\n<\/li>\n<li data-start=\"2521\" data-end=\"2562\">\n<p data-start=\"2523\" data-end=\"2562\">Indicado para <strong data-start=\"2537\" data-end=\"2560\">maiores de 19 anos.<\/strong><\/p>\n<\/li>\n<li data-start=\"2563\" data-end=\"2620\">\n<p data-start=\"2565\" data-end=\"2620\">Dispensa registro conforme <strong data-start=\"2592\" data-end=\"2618\">RDC 240\/2018 (ANVISA).<\/strong><\/p>\n<\/li>\n<li data-start=\"2621\" data-end=\"2742\">\n<p data-start=\"2623\" data-end=\"2742\"><strong data-start=\"2623\" data-end=\"2654\">Advert\u00eancia \u2013 Beta-Alanina:<\/strong> quantidade m\u00e1xima de 2g\/dia dividida em doses de at\u00e9 300mg, com intervalo m\u00ednimo de 2h.<\/p>\n<\/li>\n<\/ul>\n<p><!-- Informa\u00e7\u00e3o Nutricional - Pr\u00e9-Treino Complexo (Taurina, Arginina, HMB) --><\/p>\n<section class=\"informacao-nutricional\" style=\"display: flex; justify-content: center; width: 100%; font-family: 'Hanken Grotesk',sans-serif; margin: 40px 0; text-align: center;\">\n<div style=\"max-width: 680px; width: 90%; color: #000;\">\n<h2 style=\"margin-bottom: 10px;\">INFORMA\u00c7\u00c3O NUTRICIONAL<\/h2>\n<p style=\"margin: 0 0 10px 0;\"><strong>Por\u00e7\u00e3o de 10 g (2 dosadores)<\/strong><\/p>\n<p style=\"margin: 0 0 10px 0;\">Por\u00e7\u00f5es por embalagem: 30<\/p>\n<table style=\"width: 100%; border-collapse: collapse; text-align: left; color: #000;\" border=\"1\" cellspacing=\"0\" cellpadding=\"6\">\n<thead>\n<tr style=\"background-color: #f9f9f9;\">\n<th><\/th>\n<th>Quantidade por por\u00e7\u00e3o<\/th>\n<th>%VD*<\/th>\n<\/tr>\n<\/thead>\n<tbody>\n<tr>\n<td><strong>Valor energ\u00e9tico<\/strong><\/td>\n<td>12 kcal<\/td>\n<td>1<\/td>\n<\/tr>\n<tr>\n<td><strong>Carboidratos<\/strong><\/td>\n<td>3 g<\/td>\n<td>1<\/td>\n<\/tr>\n<tr>\n<td><strong>A\u00e7\u00facares adicionados<\/strong><\/td>\n<td>3 g<\/td>\n<td>6<\/td>\n<\/tr>\n<tr>\n<td><strong>Beta-alanina<\/strong><\/td>\n<td>2000 mg<\/td>\n<td>&#8212;<\/td>\n<\/tr>\n<tr>\n<td><strong>Taurina<\/strong><\/td>\n<td>2000 mg<\/td>\n<td>&#8212;<\/td>\n<\/tr>\n<tr>\n<td><strong>Arginina<\/strong><\/td>\n<td>1000 mg<\/td>\n<td>&#8212;<\/td>\n<\/tr>\n<tr>\n<td><strong>Tirosina<\/strong><\/td>\n<td>300 mg<\/td>\n<td>&#8212;<\/td>\n<\/tr>\n<tr>\n<td><strong>Coenzima Q10<\/strong><\/td>\n<td>20 mg<\/td>\n<td>&#8212;<\/td>\n<\/tr>\n<tr>\n<td><strong>Hidroximetilbutirato (HMB)<\/strong><\/td>\n<td>100 mg<\/td>\n<td>&#8212;<\/td>\n<\/tr>\n<tr>\n<td><strong>Cromo<\/strong><\/td>\n<td>120 \u00b5g<\/td>\n<td>343<\/td>\n<\/tr>\n<tr>\n<td><strong>Vitamina B2<\/strong><\/td>\n<td>2 mg<\/td>\n<td>167<\/td>\n<\/tr>\n<tr>\n<td><strong>Vitamina B6<\/strong><\/td>\n<td>10 mg<\/td>\n<td>769<\/td>\n<\/tr>\n<tr>\n<td><strong>Vitamina B12<\/strong><\/td>\n<td>8 mg<\/td>\n<td>333<\/td>\n<\/tr>\n<\/tbody>\n<\/table>\n<p style=\"font-size: 0.9em; margin-top: 10px; text-align: justify;\">N\u00e3o cont\u00e9m quantidades significativas de prote\u00ednas, gorduras totais, gorduras saturadas, gorduras trans, fibra alimentar e s\u00f3dio.<\/p>\n<p style=\"font-size: 0.9em; margin-top: 10px; text-align: justify;\">*Percentual de valores di\u00e1rios fornecidos pela por\u00e7\u00e3o.<\/p>\n<div style=\"background-color: #fff3e0; border: 1px solid #ff9800; padding: 10px; margin-top: 15px; text-align: left;\"><strong>AL\u00c9RGICOS:<\/strong> Pode conter derivados de leite e ovos.<\/div>\n<\/div>\n<\/section>\n","protected":false},"excerpt":{"rendered":"<h4 data-start=\"250\" data-end=\"303\"><strong data-start=\"256\" data-end=\"303\">Pr\u00e9-Treino Antifadiga Sem Cafe\u00edna<\/strong><\/h4>\n<p data-start=\"305\" data-end=\"718\">O <strong data-start=\"307\" data-end=\"328\">Warmaxx Euronutry<\/strong> \u00e9 o <strong data-start=\"333\" data-end=\"378\">pr\u00e9-treino ideal para quem treina \u00e0 noite<\/strong> e busca <strong data-start=\"387\" data-end=\"417\">energia, foco e desempenho<\/strong>, sem interferir no sono.<br data-start=\"442\" data-end=\"445\" \/>Sua f\u00f3rmula avan\u00e7ada foi criada <strong data-start=\"477\" data-end=\"492\">sem cafe\u00edna<\/strong>, utilizando uma combina\u00e7\u00e3o de <strong data-start=\"523\" data-end=\"593\">Palatinose, Beta-Alanina, Tirosina, Taurina, HMB, Arginina e CoQ10<\/strong>, que oferecem <strong data-start=\"608\" data-end=\"657\">energia limpa, sustentada e livre de agita\u00e7\u00e3o<\/strong> \u2014 perfeita para quem quer render mais sem perder o descanso.<\/p>\n<p data-start=\"720\" data-end=\"910\">Com perfil <strong data-start=\"731\" data-end=\"759\">antifadiga e regenerador<\/strong>, Warmaxx combate o cansa\u00e7o muscular, melhora a oxigena\u00e7\u00e3o e <strong data-start=\"820\" data-end=\"863\">mant\u00e9m a disposi\u00e7\u00e3o at\u00e9 o fim do treino<\/strong>, ajudando tamb\u00e9m na recupera\u00e7\u00e3o p\u00f3s-exerc\u00edcio.<\/p>\n","protected":false},"featured_media":6179,"comment_status":"open","ping_status":"closed","template":"","meta":[],"product_brand":[],"product_cat":[79],"product_tag":[131],"class_list":{"0":"post-6001","1":"product","2":"type-product","3":"status-publish","4":"has-post-thumbnail","6":"product_cat-pre-treino","7":"product_tag-pre-treino","8":"pa_sabor-frutas-vermelhas","9":"pa_sabor-maca-verde","10":"pa_sabor-morango-com-pessego","11":"pa_sabor-tangerina","13":"first","14":"outofstock","15":"taxable","16":"shipping-taxable","17":"purchasable","18":"product-type-variable","19":"has-default-attributes","20":"rtwpvg-product","21":"rtwpvs-product","22":"rtwpvs-selected-term-beside-label"},"_links":{"self":[{"href":"https:\/\/euronutry.com.br\/loja\/wp-json\/wp\/v2\/product\/6001","targetHints":{"allow":["GET"]}}],"collection":[{"href":"https:\/\/euronutry.com.br\/loja\/wp-json\/wp\/v2\/product"}],"about":[{"href":"https:\/\/euronutry.com.br\/loja\/wp-json\/wp\/v2\/types\/product"}],"replies":[{"embeddable":true,"href":"https:\/\/euronutry.com.br\/loja\/wp-json\/wp\/v2\/comments?post=6001"}],"wp:featuredmedia":[{"embeddable":true,"href":"https:\/\/euronutry.com.br\/loja\/wp-json\/wp\/v2\/media\/6179"}],"wp:attachment":[{"href":"https:\/\/euronutry.com.br\/loja\/wp-json\/wp\/v2\/media?parent=6001"}],"wp:term":[{"taxonomy":"product_brand","embeddable":true,"href":"https:\/\/euronutry.com.br\/loja\/wp-json\/wp\/v2\/product_brand?post=6001"},{"taxonomy":"product_cat","embeddable":true,"href":"https:\/\/euronutry.com.br\/loja\/wp-json\/wp\/v2\/product_cat?post=6001"},{"taxonomy":"product_tag","embeddable":true,"href":"https:\/\/euronutry.com.br\/loja\/wp-json\/wp\/v2\/product_tag?post=6001"}],"curies":[{"name":"wp","href":"https:\/\/api.w.org\/{rel}","templated":true}]}}